{"id":16900,"date":"2024-12-05T13:03:45","date_gmt":"2024-12-05T12:03:45","guid":{"rendered":"https:\/\/sprememba.si\/SiSQ-Spirits\/?post_type=product&#038;p=16900"},"modified":"2024-12-05T13:07:12","modified_gmt":"2024-12-05T12:07:12","slug":"rum-barcelo-imerial-30-anniversario","status":"publish","type":"product","link":"https:\/\/sprememba.si\/SiSQ-Spirits\/trgovina\/rum-barcelo-imerial-30-anniversario\/","title":{"rendered":"Rum Barcelo Imerial 30 Anniversario"},"content":{"rendered":"<p>Barcelo Imperial 30 Anniversario<br \/>\nBogat mahagonijev odtenek z aromami lesa, mandljev in medene karamele.<\/p>\n<p>Okus: Kompleksen in bogat, z notami vanilije, karamele in pra\u017eenih le\u0161nikov.<br \/>\nNote: Sadna krema, vanilija, pra\u017eeni le\u0161niki, kakavovo maslo in karamela.<br \/>\nVonj: Mo\u010dan z aromami za\u010dimb, kremastega hrasta in sladkih za\u010dimb.<\/p>\n<p>Rum 30 anniversario je me\u0161anica rumov starih med 10 in 14 let, ki so zoreli v ameri\u0161kih ex-buorbon hrastovih sodih.<\/p>\n<p>Vsaka steklenica je ro\u010dno o\u0161tevil\u010dena in ima klasi\u010den dizajn. Rum je primeren za posebne prilo\u017enosti.<\/p>\n","protected":false},"excerpt":{"rendered":"<p style=\"margin: 0in; font-family: Calibri; font-size: 11.0pt;\">Barcel\u00f3 Imperial 30 Anniversario je me\u0161anica rumov, ki so bili dodatno starani iz zalog, uporabljenih za Ron Barcel\u00f3 Imperial v zadnjih 30 letih. Zorjen v kombinaciji belih hrastovih in ex-Bordeaux vinskih sodih, ta rum ponuja bogat in izjemno kompleksen okus.<\/p>\n","protected":false},"featured_media":16901,"template":"","meta":{"_price":"","_stock":"","_tribe_ticket_header":"","_tribe_default_ticket_provider":"","_tribe_ticket_capacity":"0","_ticket_start_date":"","_ticket_end_date":"","_tribe_ticket_show_description":"","_tribe_ticket_show_not_going":false,"_tribe_ticket_use_global_stock":"","_tribe_ticket_global_stock_level":"","_global_stock_mode":"","_global_stock_cap":"","_tribe_rsvp_for_event":"","_tribe_ticket_going_count":"","_tribe_ticket_not_going_count":"","_tribe_tickets_list":"[]","_tribe_ticket_has_attendee_info_fields":false,"jetpack_post_was_ever_published":false,"_tec_slr_enabled":"","_tec_slr_layout":""},"pwb-brand":[2592],"product_brand":[],"product_cat":[1620,2590],"product_tag":[],"class_list":{"0":"post-16900","1":"product","2":"type-product","3":"status-publish","4":"has-post-thumbnail","6":"pwb-brand-distillery-barcelo","7":"product_cat-destilati","8":"product_cat-rum","10":"first","11":"outofstock","12":"shipping-taxable","13":"product-type-simple"},"supplier_id":16081,"supplier_sku":"","atum_controlled":true,"out_stock_date":"2024-12-05 13:03:46","out_stock_threshold":null,"inheritable":false,"inbound_stock":0,"stock_on_hold":0,"sold_today":0,"sales_last_days":0,"reserved_stock":0,"customer_returns":0,"warehouse_damage":0,"lost_in_post":0,"other_logs":0,"out_stock_days":499,"lost_sales":0,"has_location":false,"update_date":"2026-04-19T00:19:15","atum_locations":[],"atum_stock_status":"outofstock","restock_status":false,"low_stock_amount":"","sales_update_date":"2026-04-19T00:19:15","calc_backorders":null,"jetpack_sharing_enabled":true,"jetpack_likes_enabled":true,"brands":[{"id":2592,"name":"Distillery Barcelo","slug":"distillery-barcelo"}],"_links":{"self":[{"href":"https:\/\/sprememba.si\/SiSQ-Spirits\/wp-json\/wp\/v2\/product\/16900","targetHints":{"allow":["GET"]}}],"collection":[{"href":"https:\/\/sprememba.si\/SiSQ-Spirits\/wp-json\/wp\/v2\/product"}],"about":[{"href":"https:\/\/sprememba.si\/SiSQ-Spirits\/wp-json\/wp\/v2\/types\/product"}],"wp:featuredmedia":[{"embeddable":true,"href":"https:\/\/sprememba.si\/SiSQ-Spirits\/wp-json\/wp\/v2\/media\/16901"}],"wp:attachment":[{"href":"https:\/\/sprememba.si\/SiSQ-Spirits\/wp-json\/wp\/v2\/media?parent=16900"}],"wp:term":[{"taxonomy":"pwb-brand","embeddable":true,"href":"https:\/\/sprememba.si\/SiSQ-Spirits\/wp-json\/wp\/v2\/pwb-brand?post=16900"},{"taxonomy":"product_brand","embeddable":true,"href":"https:\/\/sprememba.si\/SiSQ-Spirits\/wp-json\/wp\/v2\/product_brand?post=16900"},{"taxonomy":"product_cat","embeddable":true,"href":"https:\/\/sprememba.si\/SiSQ-Spirits\/wp-json\/wp\/v2\/product_cat?post=16900"},{"taxonomy":"product_tag","embeddable":true,"href":"https:\/\/sprememba.si\/SiSQ-Spirits\/wp-json\/wp\/v2\/product_tag?post=16900"}],"curies":[{"name":"wp","href":"https:\/\/api.w.org\/{rel}","templated":true}]}}