{"id":16912,"date":"2025-01-09T20:43:44","date_gmt":"2025-01-09T19:43:44","guid":{"rendered":"https:\/\/sprememba.si\/SiSQ-Spirits\/?post_type=product&#038;p=16912"},"modified":"2025-12-12T12:10:44","modified_gmt":"2025-12-12T11:10:44","slug":"rum-barcelo-imperial-maple-cask","status":"publish","type":"product","link":"https:\/\/sprememba.si\/SiSQ-Spirits\/trgovina\/rum-barcelo-imperial-maple-cask\/","title":{"rendered":"Rum Barcelo Imperial Maple Cask"},"content":{"rendered":"<p>Okus: Za\u010detno sladek, nato se razvijejo lesene in suhe sadne note, z dolgim in svilnatim zaklju\u010dkom.<br \/>\nNote: Karamel, slive, vanilja in javorjev sirup.<br \/>\nVonj: Sadne in cvetli\u010dne arome, spremljane s prijetnimi notami stopljenega karamela, sliv, vanilje in javorjevega sirupa<br \/>\nstarost: 8-10 let<br \/>\nsodi: ameri\u0161ki hrastovi sodi, nato dodatno staranje v sodih iz javorjevega lesa<\/p>\n<p>Ta rum je idealen za u\u017eivanje ob finih cigarah, staranih sirih, elegantnih sladicah, temni \u010dokoladi in izbranih kosih rde\u010dega mesa. Najbolje ga je u\u017eivati \u010distega pri sobni temperaturi ali ohlajenega v kratkem kozarcu.<\/p>\n","protected":false},"excerpt":{"rendered":"<p>Poskusite edinstven staran\u00a0<mark>Rum Barcelo Imperial Maple Cask<\/mark> in do\u017eivite nepozabne okuse karamele, slive, vanilije in javorjevega sirupa. Serija Rare Brands.<\/p>\n","protected":false},"featured_media":16913,"template":"","meta":{"_price":"42","_stock":"5","_tribe_ticket_header":"","_tribe_default_ticket_provider":"","_tribe_ticket_capacity":"1","_ticket_start_date":"","_ticket_end_date":"","_tribe_ticket_show_description":"","_tribe_ticket_show_not_going":false,"_tribe_ticket_use_global_stock":"","_tribe_ticket_global_stock_level":"","_global_stock_mode":"","_global_stock_cap":"","_tribe_rsvp_for_event":"","_tribe_ticket_going_count":"","_tribe_ticket_not_going_count":"","_tribe_tickets_list":"[]","_tribe_ticket_has_attendee_info_fields":false,"jetpack_post_was_ever_published":false,"_tec_slr_enabled":"","_tec_slr_layout":""},"pwb-brand":[2592],"product_brand":[],"product_cat":[2590],"product_tag":[2797,2795],"class_list":{"0":"post-16912","1":"product","2":"type-product","3":"status-publish","4":"has-post-thumbnail","6":"pwb-brand-distillery-barcelo","7":"product_cat-rum","8":"product_tag-premium-rum","9":"product_tag-rare-blend-collection","11":"first","12":"instock","13":"shipping-taxable","14":"purchasable","15":"product-type-simple"},"supplier_id":null,"supplier_sku":"","atum_controlled":true,"out_stock_date":null,"out_stock_threshold":null,"inheritable":false,"inbound_stock":null,"stock_on_hold":0,"sold_today":0,"sales_last_days":0,"reserved_stock":null,"customer_returns":null,"warehouse_damage":null,"lost_in_post":null,"other_logs":null,"out_stock_days":0,"lost_sales":0,"has_location":false,"update_date":"2026-04-17T00:13:44","atum_locations":[],"atum_stock_status":"instock","restock_status":false,"low_stock_amount":"","sales_update_date":"2026-04-17T00:13:44","calc_backorders":null,"jetpack_sharing_enabled":true,"jetpack_likes_enabled":true,"brands":[{"id":2592,"name":"Distillery Barcelo","slug":"distillery-barcelo"}],"_links":{"self":[{"href":"https:\/\/sprememba.si\/SiSQ-Spirits\/wp-json\/wp\/v2\/product\/16912","targetHints":{"allow":["GET"]}}],"collection":[{"href":"https:\/\/sprememba.si\/SiSQ-Spirits\/wp-json\/wp\/v2\/product"}],"about":[{"href":"https:\/\/sprememba.si\/SiSQ-Spirits\/wp-json\/wp\/v2\/types\/product"}],"wp:featuredmedia":[{"embeddable":true,"href":"https:\/\/sprememba.si\/SiSQ-Spirits\/wp-json\/wp\/v2\/media\/16913"}],"wp:attachment":[{"href":"https:\/\/sprememba.si\/SiSQ-Spirits\/wp-json\/wp\/v2\/media?parent=16912"}],"wp:term":[{"taxonomy":"pwb-brand","embeddable":true,"href":"https:\/\/sprememba.si\/SiSQ-Spirits\/wp-json\/wp\/v2\/pwb-brand?post=16912"},{"taxonomy":"product_brand","embeddable":true,"href":"https:\/\/sprememba.si\/SiSQ-Spirits\/wp-json\/wp\/v2\/product_brand?post=16912"},{"taxonomy":"product_cat","embeddable":true,"href":"https:\/\/sprememba.si\/SiSQ-Spirits\/wp-json\/wp\/v2\/product_cat?post=16912"},{"taxonomy":"product_tag","embeddable":true,"href":"https:\/\/sprememba.si\/SiSQ-Spirits\/wp-json\/wp\/v2\/product_tag?post=16912"}],"curies":[{"name":"wp","href":"https:\/\/api.w.org\/{rel}","templated":true}]}}