{"id":16915,"date":"2025-01-10T17:42:28","date_gmt":"2025-01-10T16:42:28","guid":{"rendered":"https:\/\/sprememba.si\/SiSQ-Spirits\/?post_type=product&#038;p=16915"},"modified":"2026-03-24T22:05:59","modified_gmt":"2026-03-24T21:05:59","slug":"rum-barcelo-imperial-porto-cask","status":"publish","type":"product","link":"https:\/\/sprememba.si\/SiSQ-Spirits\/trgovina\/rum-barcelo-imperial-porto-cask\/","title":{"rendered":"Rum Barcelo Imperial Porto Cask"},"content":{"rendered":"<p>Rum Barcelo Imperial Porto Cask je prvi iz zbirke Rare Blends Collection, ki so jo za\u010deli leta 2023 in so dvignili raven premium ruma na \u0161e vi\u0161jo raven.<br \/>\nNjihov nagrajeni rum Imperial je najprej staran v rabljenih bourbon sodih ameri\u0161kega hrasta, nato pa \u0161e v sodih, kjer je bilo prej vino Tawny 10 Porto. To da rumu edinstveno kompleksnost okusov in sladkost, zaradi katerega je ta rum nekaj posebnega.<\/p>\n<p>Lahek in svilnat ob\u010dutek okusa z bujno, vijoli\u010dno jantarno barvo in polnimi notami, ki bo navdu\u0161il tudi najzahtevnej\u0161e brbon\u010dice. Skupek arom je \u010dudovita aroma figove kreme in jagodne marmelade ter izrazite note angle\u0161ke karamele in suhih \u010de\u0161enj. dopolnjen z lesnimi notami je rum gladek in sladek z doglim, dolgotrajnim zaklju\u010dkom. Prava harmonija za \u010dute je rum Barcelo Imperial Porto Cask odli\u010dna izbira za vsakogar, ki i\u0161\u010de izvrstne okuse in nepozabno do\u017eivetje.<\/p>\n<p>Najbolj\u0161i je, ko se ga pije na sobni temperaturi.<\/p>\n<p>Okus: Svilnat in sladek, z dolgim, obstojnim zaklju\u010dkom.<br \/>\nNote: Fige, jagodni d\u017eem, angle\u0161ka karamela in suhe \u010de\u0161nje.<br \/>\nVonj: Subtilen, a vztrajen namig lesa z aromami figove kreme in jagodnega d\u017eema.<br \/>\nStarost: 10 let<br \/>\nSodi: ameri\u0161ki hrastovi sodi, nato dodatno staranje v vinskih sodih Tawny 10 Porto<\/p>\n<p>Je edini dominikanski rum, ki ima certifikat, da resni\u010dno uporabljajo porto sode iz zgodovinske vinske kleti V.N.Gaia.<\/p>\n","protected":false},"excerpt":{"rendered":"<p>Rum Barcelo Porto Cask je prava harmonija za \u010dute in odli\u010dna izbira za vsakogar, ki i\u0161\u010de izvrstne okuse in nepozabno do\u017eivetje.<\/p>\n","protected":false},"featured_media":16919,"template":"","meta":{"_price":"43","_stock":"","_tribe_ticket_header":"","_tribe_default_ticket_provider":"","_tribe_ticket_capacity":"1","_ticket_start_date":"","_ticket_end_date":"","_tribe_ticket_show_description":"","_tribe_ticket_show_not_going":false,"_tribe_ticket_use_global_stock":"","_tribe_ticket_global_stock_level":"","_global_stock_mode":"","_global_stock_cap":"","_tribe_rsvp_for_event":"","_tribe_ticket_going_count":"","_tribe_ticket_not_going_count":"","_tribe_tickets_list":"[]","_tribe_ticket_has_attendee_info_fields":false,"jetpack_post_was_ever_published":false,"_tec_slr_enabled":"","_tec_slr_layout":""},"pwb-brand":[2592],"product_brand":[],"product_cat":[1620,2590],"product_tag":[],"class_list":{"0":"post-16915","1":"product","2":"type-product","3":"status-publish","4":"has-post-thumbnail","6":"pwb-brand-distillery-barcelo","7":"product_cat-destilati","8":"product_cat-rum","10":"first","11":"outofstock","12":"shipping-taxable","13":"purchasable","14":"product-type-simple"},"supplier_id":null,"supplier_sku":"","atum_controlled":true,"out_stock_date":null,"out_stock_threshold":null,"inheritable":false,"inbound_stock":null,"stock_on_hold":0,"sold_today":0,"sales_last_days":0,"reserved_stock":null,"customer_returns":null,"warehouse_damage":null,"lost_in_post":null,"other_logs":null,"out_stock_days":0,"lost_sales":0,"has_location":false,"update_date":"2026-04-28T01:15:30","atum_locations":[],"atum_stock_status":"outofstock","restock_status":false,"low_stock_amount":"","sales_update_date":"2026-04-28T01:15:30","calc_backorders":null,"jetpack_sharing_enabled":true,"jetpack_likes_enabled":true,"brands":[{"id":2592,"name":"Distillery Barcelo","slug":"distillery-barcelo"}],"_links":{"self":[{"href":"https:\/\/sprememba.si\/SiSQ-Spirits\/wp-json\/wp\/v2\/product\/16915","targetHints":{"allow":["GET"]}}],"collection":[{"href":"https:\/\/sprememba.si\/SiSQ-Spirits\/wp-json\/wp\/v2\/product"}],"about":[{"href":"https:\/\/sprememba.si\/SiSQ-Spirits\/wp-json\/wp\/v2\/types\/product"}],"wp:featuredmedia":[{"embeddable":true,"href":"https:\/\/sprememba.si\/SiSQ-Spirits\/wp-json\/wp\/v2\/media\/16919"}],"wp:attachment":[{"href":"https:\/\/sprememba.si\/SiSQ-Spirits\/wp-json\/wp\/v2\/media?parent=16915"}],"wp:term":[{"taxonomy":"pwb-brand","embeddable":true,"href":"https:\/\/sprememba.si\/SiSQ-Spirits\/wp-json\/wp\/v2\/pwb-brand?post=16915"},{"taxonomy":"product_brand","embeddable":true,"href":"https:\/\/sprememba.si\/SiSQ-Spirits\/wp-json\/wp\/v2\/product_brand?post=16915"},{"taxonomy":"product_cat","embeddable":true,"href":"https:\/\/sprememba.si\/SiSQ-Spirits\/wp-json\/wp\/v2\/product_cat?post=16915"},{"taxonomy":"product_tag","embeddable":true,"href":"https:\/\/sprememba.si\/SiSQ-Spirits\/wp-json\/wp\/v2\/product_tag?post=16915"}],"curies":[{"name":"wp","href":"https:\/\/api.w.org\/{rel}","templated":true}]}}