{"id":16930,"date":"2025-02-01T21:42:06","date_gmt":"2025-02-01T20:42:06","guid":{"rendered":"https:\/\/sprememba.si\/SiSQ-Spirits\/trgovina\/ultimus-pelinkovec\/"},"modified":"2025-03-14T21:14:12","modified_gmt":"2025-03-14T20:14:12","slug":"ultimus-pelinkovec","status":"publish","type":"product","link":"https:\/\/sprememba.si\/SiSQ-Spirits\/trgovina\/ultimus-pelinkovec\/","title":{"rendered":"Ultimus Pelinkovec Ptujska klet"},"content":{"rendered":"<p>Ultimus Pelinkovec je vrhunska gren\u010dica, ki je posve\u010dena bogati tradiciji slovenskega \u017eganjarstva. Gre za edinstveno pija\u010do, ki nosi geografsko ozna\u010dbo in je ena izmed samo \u0161tirih \u017eganih pija\u010d v Sloveniji s tak\u0161no za\u0161\u010dito. Izdelan je po strogo predpisani tehni\u010dni specifikaciji, kar zagotavlja njegovo vrhunsko kakovost.<\/p>\n<p>Ptujska klet pelinkovec odlikuje izrazit vonj po pelinu, ki je osnovna zel in du\u0161a te pija\u010de. Za uravnote\u017eenje strogega in grenkega okusa je oplemeniten s citrusi, \u0161tevilnimi gorskimi zeli\u0161\u010di, brinjem in drugimi za\u010dimbami. Okus je grenak, bogat in uglajen, kar ga naredi izvrstnega kot digestiv po obilnem obroku.<\/p>\n<p>Vsaka kapljica Pelinkovca Ultimus utripa z razko\u0161jem pravega pelina (Artemisia Absinthium), ki ga nabiramo izklju\u010dno ro\u010dno. Njegov vonj je zna\u010dilno di\u0161aven in mo\u010dan, okus pa harmoni\u010den in trpek. Ta pija\u010da je rezultat stoletnih izku\u0161enj in ljubezni do slovenskih zeli\u0161\u010dnih gren\u010dic.<\/p>\n<p>\u010ce i\u0161\u010dete nekaj resni\u010dno posebnega in avtenti\u010dnega, je\u00a0Pelinkovec Ultimus\u00a0prava izbira. Privo\u0161\u010dite si ga samostojno ali pa ga uporabite kot odli\u010dno sestavino v koktejlih. Naj vas o\u010dara z bogastvom okusa in tradicije, ki jo nosi v sebi.<\/p>\n","protected":false},"excerpt":{"rendered":"<p>Pelinkovec Ultimus je pelinkovec, posve\u010den tradiciji slovenskega \u017eganjarstva.<\/p>\n<p>Pelinkovec e edina slovenska gren\u010dica, ki nosi geografsko ozna\u010dbo in ena izmed samo \u0161tirih \u017eganih pija\u010d na slovenskem s tak\u0161no za\u0161\u010dito.<\/p>\n","protected":false},"featured_media":16929,"template":"","meta":{"_uag_custom_page_level_css":"","_price":"25","_stock":"20","_tribe_ticket_header":"","_tribe_default_ticket_provider":"","_tribe_ticket_capacity":"9","_ticket_start_date":"","_ticket_end_date":"","_tribe_ticket_show_description":"","_tribe_ticket_show_not_going":false,"_tribe_ticket_use_global_stock":"","_tribe_ticket_global_stock_level":"","_global_stock_mode":"","_global_stock_cap":"","_tribe_rsvp_for_event":"","_tribe_ticket_going_count":"","_tribe_ticket_not_going_count":"","_tribe_tickets_list":"[]","_tribe_ticket_has_attendee_info_fields":false,"jetpack_post_was_ever_published":false,"_tec_slr_enabled":"","_tec_slr_layout":""},"pwb-brand":[2799],"product_brand":[],"product_cat":[1612],"product_tag":[],"class_list":{"0":"post-16930","1":"product","2":"type-product","3":"status-publish","4":"has-post-thumbnail","6":"pwb-brand-ptujska-klet","7":"product_cat-zeliscno-zganje","9":"first","10":"instock","11":"sale","12":"purchasable","13":"product-type-simple"},"supplier_id":null,"supplier_sku":"","atum_controlled":false,"out_stock_date":null,"out_stock_threshold":null,"inheritable":false,"inbound_stock":null,"stock_on_hold":0,"sold_today":0,"sales_last_days":0,"reserved_stock":null,"customer_returns":null,"warehouse_damage":null,"lost_in_post":null,"other_logs":null,"out_stock_days":0,"lost_sales":0,"has_location":false,"update_date":"2026-05-09T02:00:34","atum_locations":[],"atum_stock_status":"instock","restock_status":false,"low_stock_amount":"","sales_update_date":"2026-05-09T02:00:34","calc_backorders":null,"uagb_featured_image_src":{"full":["https:\/\/i0.wp.com\/sprememba.si\/SiSQ-Spirits\/wp-content\/uploads\/2025\/02\/1000005312.jpg?fit=768%2C983&ssl=1",768,983,false],"thumbnail":["https:\/\/i0.wp.com\/sprememba.si\/SiSQ-Spirits\/wp-content\/uploads\/2025\/02\/1000005312.jpg?resize=150%2C150&ssl=1",150,150,true],"medium":["https:\/\/i0.wp.com\/sprememba.si\/SiSQ-Spirits\/wp-content\/uploads\/2025\/02\/1000005312.jpg?fit=234%2C300&ssl=1",234,300,true],"medium_large":["https:\/\/i0.wp.com\/sprememba.si\/SiSQ-Spirits\/wp-content\/uploads\/2025\/02\/1000005312.jpg?fit=768%2C983&ssl=1",768,983,true],"large":["https:\/\/i0.wp.com\/sprememba.si\/SiSQ-Spirits\/wp-content\/uploads\/2025\/02\/1000005312.jpg?fit=768%2C983&ssl=1",768,983,true],"1536x1536":["https:\/\/i0.wp.com\/sprememba.si\/SiSQ-Spirits\/wp-content\/uploads\/2025\/02\/1000005312.jpg?fit=768%2C983&ssl=1",768,983,true],"2048x2048":["https:\/\/i0.wp.com\/sprememba.si\/SiSQ-Spirits\/wp-content\/uploads\/2025\/02\/1000005312.jpg?fit=768%2C983&ssl=1",768,983,true],"woocommerce_thumbnail":["https:\/\/i0.wp.com\/sprememba.si\/SiSQ-Spirits\/wp-content\/uploads\/2025\/02\/1000005312.jpg?resize=324%2C324&ssl=1",324,324,true],"woocommerce_single":["https:\/\/i0.wp.com\/sprememba.si\/SiSQ-Spirits\/wp-content\/uploads\/2025\/02\/1000005312.jpg?fit=416%2C532&ssl=1",416,532,true],"woocommerce_gallery_thumbnail":["https:\/\/i0.wp.com\/sprememba.si\/SiSQ-Spirits\/wp-content\/uploads\/2025\/02\/1000005312.jpg?resize=100%2C100&ssl=1",100,100,true],"variation_swatches_image_size":["https:\/\/i0.wp.com\/sprememba.si\/SiSQ-Spirits\/wp-content\/uploads\/2025\/02\/1000005312.jpg?resize=50%2C50&ssl=1",50,50,true],"variation_swatches_tooltip_size":["https:\/\/i0.wp.com\/sprememba.si\/SiSQ-Spirits\/wp-content\/uploads\/2025\/02\/1000005312.jpg?resize=100%2C100&ssl=1",100,100,true]},"uagb_author_info":{"display_name":"SiSQSpirits","author_link":"https:\/\/sprememba.si\/SiSQ-Spirits\/author\/"},"uagb_comment_info":0,"uagb_excerpt":"Pelinkovec Ultimus je pelinkovec, posve\u010den tradiciji slovenskega \u017eganjarstva. Pelinkovec e edina slovenska gren\u010dica, ki nosi geografsko ozna\u010dbo in ena izmed samo \u0161tirih \u017eganih pija\u010d na slovenskem s tak\u0161no za\u0161\u010dito.","jetpack_sharing_enabled":true,"jetpack_likes_enabled":true,"brands":[{"id":2799,"name":"Ptujska klet","slug":"ptujska-klet"}],"_links":{"self":[{"href":"https:\/\/sprememba.si\/SiSQ-Spirits\/wp-json\/wp\/v2\/product\/16930","targetHints":{"allow":["GET"]}}],"collection":[{"href":"https:\/\/sprememba.si\/SiSQ-Spirits\/wp-json\/wp\/v2\/product"}],"about":[{"href":"https:\/\/sprememba.si\/SiSQ-Spirits\/wp-json\/wp\/v2\/types\/product"}],"wp:featuredmedia":[{"embeddable":true,"href":"https:\/\/sprememba.si\/SiSQ-Spirits\/wp-json\/wp\/v2\/media\/16929"}],"wp:attachment":[{"href":"https:\/\/sprememba.si\/SiSQ-Spirits\/wp-json\/wp\/v2\/media?parent=16930"}],"wp:term":[{"taxonomy":"pwb-brand","embeddable":true,"href":"https:\/\/sprememba.si\/SiSQ-Spirits\/wp-json\/wp\/v2\/pwb-brand?post=16930"},{"taxonomy":"product_brand","embeddable":true,"href":"https:\/\/sprememba.si\/SiSQ-Spirits\/wp-json\/wp\/v2\/product_brand?post=16930"},{"taxonomy":"product_cat","embeddable":true,"href":"https:\/\/sprememba.si\/SiSQ-Spirits\/wp-json\/wp\/v2\/product_cat?post=16930"},{"taxonomy":"product_tag","embeddable":true,"href":"https:\/\/sprememba.si\/SiSQ-Spirits\/wp-json\/wp\/v2\/product_tag?post=16930"}],"curies":[{"name":"wp","href":"https:\/\/api.w.org\/{rel}","templated":true}]}}