{"id":16940,"date":"2024-10-28T12:03:44","date_gmt":"2024-10-28T11:03:44","guid":{"rendered":"https:\/\/sprememba.si\/SiSQ-Spirits\/?post_type=product&#038;p=16940"},"modified":"2025-10-28T16:27:20","modified_gmt":"2025-10-28T15:27:20","slug":"rum-barcelo-premium-blend-40-aniversario-2","status":"publish","type":"product","link":"https:\/\/sprememba.si\/SiSQ-Spirits\/en\/trgovina\/rum-barcelo-premium-blend-40-aniversario-2\/","title":{"rendered":"Rum Barcelo Premium Blend 40 Aniversario"},"content":{"rendered":"<p>Barcelo Premium Blend 40 Aniversario Rum is a special blend of past Barcel\u00f3 Imperial Reserves, matured in selected pieces of American oak and French oak barrels, both with different levels of flavors; then the mixture rested further in European barrels.<\/p>\n<p>Forty years dedicated to preserving the quality tradition of Barcel\u00f3 rums. A gift for those who truly appreciate the taste buds of premium premium rum.<\/p>\n<p>Light copper brown color. Harmonious touches of cr\u00eame br\u00fbl\u00e9e, caramelized raisins, exquisite dry spices and dried cherries. Smooth entry with a semi-dry but fruity body of great depth, developing layers of nuts typical of fine European wood.<br \/>\nIt finishes with a long aftertaste of pepper leaves and elegant tobacco. Lively rum of limited production, twice aged and rested in a barrel. Get ready to delight your senses with every sip.<\/p>\n<p>Great for: fine cigars, aged cheeses, elegant desserts, dark chocolate and selected cuts of red meat.<\/p>\n","protected":false},"excerpt":{"rendered":"<p>Barcelo Premium Blend 40 Aniversario Rum is a special blend of past Barcel\u00f3 Imperial Reserves, matured in selected pieces of American oak and French oak barrels, both with different levels [&hellip;]<\/p>\n","protected":false},"featured_media":16826,"template":"","meta":{"_uag_custom_page_level_css":"","_price":"","_stock":"5","_tribe_ticket_header":"","_tribe_default_ticket_provider":"","_tribe_ticket_capacity":"6","_ticket_start_date":"","_ticket_end_date":"","_tribe_ticket_show_description":"","_tribe_ticket_show_not_going":false,"_tribe_ticket_use_global_stock":"","_tribe_ticket_global_stock_level":"","_global_stock_mode":"","_global_stock_cap":"","_tribe_rsvp_for_event":"","_tribe_ticket_going_count":"","_tribe_ticket_not_going_count":"","_tribe_tickets_list":"[]","_tribe_ticket_has_attendee_info_fields":false,"_tec_slr_enabled":"","_tec_slr_layout":""},"pwb-brand":[2595],"product_brand":[],"product_cat":[2598,1300],"product_tag":[],"class_list":{"0":"post-16940","1":"product","2":"type-product","3":"status-publish","4":"has-post-thumbnail","6":"pwb-brand-destilarna-barcelo-en","7":"product_cat-rum-en","8":"product_cat-spirits","10":"first","11":"instock","12":"shipping-taxable","13":"product-type-simple"},"supplier_id":null,"supplier_sku":"","atum_controlled":true,"out_stock_date":null,"out_stock_threshold":null,"inheritable":false,"inbound_stock":null,"stock_on_hold":0,"sold_today":0,"sales_last_days":0,"reserved_stock":null,"customer_returns":null,"warehouse_damage":null,"lost_in_post":null,"other_logs":null,"out_stock_days":0,"lost_sales":0,"has_location":false,"update_date":"2026-05-13T00:03:18","atum_locations":[],"atum_stock_status":"instock","restock_status":false,"low_stock_amount":"","sales_update_date":"2026-05-13T00:03:18","calc_backorders":null,"uagb_featured_image_src":{"full":["https:\/\/i0.wp.com\/sprememba.si\/SiSQ-Spirits\/wp-content\/uploads\/2024\/10\/rum-barcelo-imperial-premium-40-aniversario-enoteka-mozirje.png?fit=800%2C800&ssl=1",800,800,false],"thumbnail":["https:\/\/i0.wp.com\/sprememba.si\/SiSQ-Spirits\/wp-content\/uploads\/2024\/10\/rum-barcelo-imperial-premium-40-aniversario-enoteka-mozirje.png?resize=150%2C150&ssl=1",150,150,true],"medium":["https:\/\/i0.wp.com\/sprememba.si\/SiSQ-Spirits\/wp-content\/uploads\/2024\/10\/rum-barcelo-imperial-premium-40-aniversario-enoteka-mozirje.png?fit=300%2C300&ssl=1",300,300,true],"medium_large":["https:\/\/i0.wp.com\/sprememba.si\/SiSQ-Spirits\/wp-content\/uploads\/2024\/10\/rum-barcelo-imperial-premium-40-aniversario-enoteka-mozirje.png?fit=768%2C768&ssl=1",768,768,true],"large":["https:\/\/i0.wp.com\/sprememba.si\/SiSQ-Spirits\/wp-content\/uploads\/2024\/10\/rum-barcelo-imperial-premium-40-aniversario-enoteka-mozirje.png?fit=800%2C800&ssl=1",800,800,true],"1536x1536":["https:\/\/i0.wp.com\/sprememba.si\/SiSQ-Spirits\/wp-content\/uploads\/2024\/10\/rum-barcelo-imperial-premium-40-aniversario-enoteka-mozirje.png?fit=800%2C800&ssl=1",800,800,true],"2048x2048":["https:\/\/i0.wp.com\/sprememba.si\/SiSQ-Spirits\/wp-content\/uploads\/2024\/10\/rum-barcelo-imperial-premium-40-aniversario-enoteka-mozirje.png?fit=800%2C800&ssl=1",800,800,true],"woocommerce_thumbnail":["https:\/\/i0.wp.com\/sprememba.si\/SiSQ-Spirits\/wp-content\/uploads\/2024\/10\/rum-barcelo-imperial-premium-40-aniversario-enoteka-mozirje.png?resize=324%2C324&ssl=1",324,324,true],"woocommerce_single":["https:\/\/i0.wp.com\/sprememba.si\/SiSQ-Spirits\/wp-content\/uploads\/2024\/10\/rum-barcelo-imperial-premium-40-aniversario-enoteka-mozirje.png?fit=416%2C416&ssl=1",416,416,true],"woocommerce_gallery_thumbnail":["https:\/\/i0.wp.com\/sprememba.si\/SiSQ-Spirits\/wp-content\/uploads\/2024\/10\/rum-barcelo-imperial-premium-40-aniversario-enoteka-mozirje.png?resize=100%2C100&ssl=1",100,100,true],"variation_swatches_image_size":["https:\/\/i0.wp.com\/sprememba.si\/SiSQ-Spirits\/wp-content\/uploads\/2024\/10\/rum-barcelo-imperial-premium-40-aniversario-enoteka-mozirje.png?resize=50%2C50&ssl=1",50,50,true],"variation_swatches_tooltip_size":["https:\/\/i0.wp.com\/sprememba.si\/SiSQ-Spirits\/wp-content\/uploads\/2024\/10\/rum-barcelo-imperial-premium-40-aniversario-enoteka-mozirje.png?resize=100%2C100&ssl=1",100,100,true]},"uagb_author_info":{"display_name":"SiSQSpirits","author_link":"https:\/\/sprememba.si\/SiSQ-Spirits\/author\/"},"uagb_comment_info":0,"uagb_excerpt":"Barcelo Premium Blend 40 Aniversario Rum is a special blend of past Barcel\u00f3 Imperial Reserves, matured in selected pieces of American oak and French oak barrels, both with different levels [&hellip;]","jetpack_sharing_enabled":true,"jetpack_likes_enabled":true,"brands":[{"id":2595,"name":"Destilarna Barcelo","slug":"destilarna-barcelo-en"}],"_links":{"self":[{"href":"https:\/\/sprememba.si\/SiSQ-Spirits\/wp-json\/wp\/v2\/product\/16940","targetHints":{"allow":["GET"]}}],"collection":[{"href":"https:\/\/sprememba.si\/SiSQ-Spirits\/wp-json\/wp\/v2\/product"}],"about":[{"href":"https:\/\/sprememba.si\/SiSQ-Spirits\/wp-json\/wp\/v2\/types\/product"}],"wp:featuredmedia":[{"embeddable":true,"href":"https:\/\/sprememba.si\/SiSQ-Spirits\/wp-json\/wp\/v2\/media\/16826"}],"wp:attachment":[{"href":"https:\/\/sprememba.si\/SiSQ-Spirits\/wp-json\/wp\/v2\/media?parent=16940"}],"wp:term":[{"taxonomy":"pwb-brand","embeddable":true,"href":"https:\/\/sprememba.si\/SiSQ-Spirits\/wp-json\/wp\/v2\/pwb-brand?post=16940"},{"taxonomy":"product_brand","embeddable":true,"href":"https:\/\/sprememba.si\/SiSQ-Spirits\/wp-json\/wp\/v2\/product_brand?post=16940"},{"taxonomy":"product_cat","embeddable":true,"href":"https:\/\/sprememba.si\/SiSQ-Spirits\/wp-json\/wp\/v2\/product_cat?post=16940"},{"taxonomy":"product_tag","embeddable":true,"href":"https:\/\/sprememba.si\/SiSQ-Spirits\/wp-json\/wp\/v2\/product_tag?post=16940"}],"curies":[{"name":"wp","href":"https:\/\/api.w.org\/{rel}","templated":true}]}}