{"id":16994,"date":"2025-03-23T17:50:37","date_gmt":"2025-03-23T16:50:37","guid":{"rendered":"https:\/\/sprememba.si\/SiSQ-Spirits\/?post_type=product&#038;p=16994"},"modified":"2025-08-18T10:21:22","modified_gmt":"2025-08-18T08:21:22","slug":"koskenkorva-vodka-espresso","status":"publish","type":"product","link":"https:\/\/sprememba.si\/SiSQ-Spirits\/trgovina\/koskenkorva-vodka-espresso\/","title":{"rendered":"Koskenkorva Vodka Espresso"},"content":{"rendered":"<p>Koskenkorva Vodka Espresso je narejena iz njihove vodke, ki ji je bil dodan espesso iz 100 % Arabice ter sladek sirup.<\/p>\n<p>Polnega vonja in intenzivnega okusa saj kombinira aromati\u010dni espresso z vodko. Ta pija\u010da bo zadovoljila vse ljubitelje kave in alkohola.<br \/>\nLahko se servisa samostojno ohlajen ali z ledom. Odli\u010den je za me\u0161anje z raznimi koktejli kot sta npr. Espresso Martini in Black Russian. Odli\u010den je tudi kot dodatek k sladicam, na sladoled, torte, tiramisu in podobno.<\/p>\n","protected":false},"excerpt":{"rendered":"<div id=\"tta_output_ta\" class=\"tta_no_click_outline tta_output_hastxt tta_focusTextExtraExtraSmall\" dir=\"ltr\" lang=\"sl\" tabindex=\"0\" data-placeholder=\"Prevod\" data-bm=\"11\">Koskenkorva Vodka Espresso\u00a0 je polnozrnati kavni liker, intenzivnega okusa. Iz 100 % Arabika kave. Preprosto pretresite v shakerju in imate Espresso Martini v sekundah.Za vse ljubitelje kave!<\/div>\n","protected":false},"featured_media":16995,"template":"","meta":{"_price":"25","_stock":"1","_tribe_ticket_header":"","_tribe_default_ticket_provider":"","_tribe_ticket_capacity":"2","_ticket_start_date":"","_ticket_end_date":"","_tribe_ticket_show_description":"","_tribe_ticket_show_not_going":false,"_tribe_ticket_use_global_stock":"","_tribe_ticket_global_stock_level":"","_global_stock_mode":"","_global_stock_cap":"","_tribe_rsvp_for_event":"","_tribe_ticket_going_count":"","_tribe_ticket_not_going_count":"","_tribe_tickets_list":"[]","_tribe_ticket_has_attendee_info_fields":false,"jetpack_post_was_ever_published":false,"_tec_slr_enabled":"","_tec_slr_layout":""},"pwb-brand":[3146],"product_brand":[3150],"product_cat":[1620,3003],"product_tag":[],"class_list":{"0":"post-16994","1":"product","2":"type-product","3":"status-publish","4":"has-post-thumbnail","6":"pwb-brand-koskenkorva","7":"product_brand-koskenkorva","8":"product_cat-destilati","9":"product_cat-vodka","11":"first","12":"instock","13":"shipping-taxable","14":"purchasable","15":"product-type-simple"},"supplier_id":null,"supplier_sku":"","atum_controlled":true,"out_stock_date":null,"out_stock_threshold":null,"inheritable":false,"inbound_stock":null,"stock_on_hold":0,"sold_today":0,"sales_last_days":0,"reserved_stock":null,"customer_returns":null,"warehouse_damage":null,"lost_in_post":null,"other_logs":null,"out_stock_days":0,"lost_sales":0,"has_location":false,"update_date":"2026-05-06T01:54:06","atum_locations":[],"atum_stock_status":"instock","restock_status":false,"low_stock_amount":"","sales_update_date":"2026-05-06T01:54:06","calc_backorders":null,"jetpack_sharing_enabled":true,"jetpack_likes_enabled":true,"brands":[{"id":3146,"name":"Koskenkorva","slug":"koskenkorva"}],"_links":{"self":[{"href":"https:\/\/sprememba.si\/SiSQ-Spirits\/wp-json\/wp\/v2\/product\/16994","targetHints":{"allow":["GET"]}}],"collection":[{"href":"https:\/\/sprememba.si\/SiSQ-Spirits\/wp-json\/wp\/v2\/product"}],"about":[{"href":"https:\/\/sprememba.si\/SiSQ-Spirits\/wp-json\/wp\/v2\/types\/product"}],"wp:featuredmedia":[{"embeddable":true,"href":"https:\/\/sprememba.si\/SiSQ-Spirits\/wp-json\/wp\/v2\/media\/16995"}],"wp:attachment":[{"href":"https:\/\/sprememba.si\/SiSQ-Spirits\/wp-json\/wp\/v2\/media?parent=16994"}],"wp:term":[{"taxonomy":"pwb-brand","embeddable":true,"href":"https:\/\/sprememba.si\/SiSQ-Spirits\/wp-json\/wp\/v2\/pwb-brand?post=16994"},{"taxonomy":"product_brand","embeddable":true,"href":"https:\/\/sprememba.si\/SiSQ-Spirits\/wp-json\/wp\/v2\/product_brand?post=16994"},{"taxonomy":"product_cat","embeddable":true,"href":"https:\/\/sprememba.si\/SiSQ-Spirits\/wp-json\/wp\/v2\/product_cat?post=16994"},{"taxonomy":"product_tag","embeddable":true,"href":"https:\/\/sprememba.si\/SiSQ-Spirits\/wp-json\/wp\/v2\/product_tag?post=16994"}],"curies":[{"name":"wp","href":"https:\/\/api.w.org\/{rel}","templated":true}]}}