{"id":17072,"date":"2025-03-28T08:49:43","date_gmt":"2025-03-28T07:49:43","guid":{"rendered":"https:\/\/sprememba.si\/SiSQ-Spirits\/?post_type=product&#038;p=17072"},"modified":"2025-04-30T09:01:29","modified_gmt":"2025-04-30T07:01:29","slug":"zganje-z-duso-zeliscno-zganje-sprememba","status":"publish","type":"product","link":"https:\/\/sprememba.si\/SiSQ-Spirits\/trgovina\/zganje-z-duso-zeliscno-zganje-sprememba\/","title":{"rendered":"\u017dganje z du\u0161o: zeli\u0161\u010da in njihova mo\u010d"},"content":{"rendered":"<p>Pomislite na sve\u017ea zeli\u0161\u010da in njihov naravni vonj in okus, zdru\u017een z mo\u010djo \u017eganja. v tej degustaciji boste preizkusili vrhunska zeli\u0161\u010dna \u017eganja, ki vas bodo popeljala v svet naravnih okusov, zdravilnih zeli\u0161\u010d in edinstvenih kombinacij. Zeli\u0161\u010dna \u017eganja so kot narejena za vse, ki i\u0161\u010dejo nekaj posebnega in doma\u010dega ter \u017eelijo raziskovati nove okuse.<\/p>\n<figure id=\"attachment_17071\" aria-describedby=\"caption-attachment-17071\" style=\"width: 300px\" class=\"wp-caption aligncenter\"><img data-recalc-dims=\"1\" loading=\"lazy\" decoding=\"async\" data-attachment-id=\"17071\" data-permalink=\"https:\/\/sprememba.si\/SiSQ-Spirits\/?attachment_id=17071\" data-orig-file=\"https:\/\/i0.wp.com\/sprememba.si\/SiSQ-Spirits\/wp-content\/uploads\/2025\/03\/showrom-tasting-3.png?fit=1500%2C1000&amp;ssl=1\" data-orig-size=\"1500,1000\" data-comments-opened=\"0\" data-image-meta=\"{&quot;aperture&quot;:&quot;0&quot;,&quot;credit&quot;:&quot;&quot;,&quot;camera&quot;:&quot;&quot;,&quot;caption&quot;:&quot;&quot;,&quot;created_timestamp&quot;:&quot;0&quot;,&quot;copyright&quot;:&quot;&quot;,&quot;focal_length&quot;:&quot;0&quot;,&quot;iso&quot;:&quot;0&quot;,&quot;shutter_speed&quot;:&quot;0&quot;,&quot;title&quot;:&quot;&quot;,&quot;orientation&quot;:&quot;0&quot;}\" data-image-title=\"showrom-tasting-3\" data-image-description=\"\" data-image-caption=\"\" data-large-file=\"https:\/\/i0.wp.com\/sprememba.si\/SiSQ-Spirits\/wp-content\/uploads\/2025\/03\/showrom-tasting-3.png?fit=980%2C654&amp;ssl=1\" class=\"wp-image-17071 size-medium\" src=\"https:\/\/i0.wp.com\/sprememba.si\/SiSQ-Spirits\/wp-content\/uploads\/2025\/03\/showrom-tasting-3.png?resize=300%2C200&#038;ssl=1\" alt=\"Showroom sprememba\" width=\"300\" height=\"200\" title=\"\" srcset=\"https:\/\/i0.wp.com\/sprememba.si\/SiSQ-Spirits\/wp-content\/uploads\/2025\/03\/showrom-tasting-3.png?resize=300%2C200&amp;ssl=1 300w, https:\/\/i0.wp.com\/sprememba.si\/SiSQ-Spirits\/wp-content\/uploads\/2025\/03\/showrom-tasting-3.png?resize=1024%2C683&amp;ssl=1 1024w, https:\/\/i0.wp.com\/sprememba.si\/SiSQ-Spirits\/wp-content\/uploads\/2025\/03\/showrom-tasting-3.png?resize=768%2C512&amp;ssl=1 768w, https:\/\/i0.wp.com\/sprememba.si\/SiSQ-Spirits\/wp-content\/uploads\/2025\/03\/showrom-tasting-3.png?resize=416%2C277&amp;ssl=1 416w, https:\/\/i0.wp.com\/sprememba.si\/SiSQ-Spirits\/wp-content\/uploads\/2025\/03\/showrom-tasting-3.png?w=1500&amp;ssl=1 1500w\" sizes=\"auto, (max-width: 300px) 100vw, 300px\" \/><figcaption id=\"caption-attachment-17071\" class=\"wp-caption-text\">Showroom Sprememba<\/figcaption><\/figure>\n<p>&nbsp;<\/p>\n<p>Degustacija zeli\u0161\u010dnih \u017eganj:<\/p>\n<ul>\n<li>traja pribli\u017eno 1 h ali ve\u010d.<\/li>\n<li>vodi sommelier in WSET certificirana oseba<\/li>\n<li>zgodovina<\/li>\n<li>prigrizki<\/li>\n<\/ul>\n<p>\u0160t. udele\u017eencev: 1-10<br \/>\nZa skupino ve\u010djo od 10 oseb veljajo ni\u017eje cene ali pa \u010de \u017eelite \u0161e dodatno ponudbo nas pokli\u010dite.<\/p>\n<p>Opozorilo: le za osebe, ki so starej\u0161e od 18. let<\/p>\n<p>kraj: sede\u017e Enoteke Mozirje ali po dogovoru<\/p>\n<p>&nbsp;<\/p>\n","protected":false},"excerpt":{"rendered":"<p><span style=\"font-style: italic;\">Degustacija zeli\u0161\u010dnih in sadnih \u017eganj.<br \/>\n\u017dganje z du\u0161o; naravni okusi v kozarcu! Odkrijte bogastvo okusov zeli\u0161\u010dnih \u017eganj, ki so narejena iz najbolj\u0161ih naravnih sestavin. Idealno za pare, ki \u017eelijo preizkusiti nekaj posebnega, ali skupine, ki i\u0161\u010dejo edinstveno in okusno izku\u0161njo.<br \/>\n<\/span><\/p>\n","protected":false},"featured_media":17071,"template":"","meta":{"_price":"15","_stock":"","_tribe_ticket_header":"","_tribe_default_ticket_provider":"","_tribe_ticket_capacity":"0","_ticket_start_date":"","_ticket_end_date":"","_tribe_ticket_show_description":"","_tribe_ticket_show_not_going":false,"_tribe_ticket_use_global_stock":"","_tribe_ticket_global_stock_level":"","_global_stock_mode":"","_global_stock_cap":"","_tribe_rsvp_for_event":"","_tribe_ticket_going_count":"","_tribe_ticket_not_going_count":"","_tribe_tickets_list":"[]","_tribe_ticket_has_attendee_info_fields":false,"jetpack_post_was_ever_published":false,"_tec_slr_enabled":"","_tec_slr_layout":""},"pwb-brand":[2037],"product_brand":[],"product_cat":[2024],"product_tag":[],"class_list":{"0":"post-17072","1":"product","2":"type-product","3":"status-publish","4":"has-post-thumbnail","6":"pwb-brand-enoteka-mozirje","7":"product_cat-degustacija","9":"first","10":"instock","11":"shipping-taxable","12":"purchasable","13":"product-type-variable"},"supplier_id":null,"supplier_sku":"","atum_controlled":true,"out_stock_date":null,"out_stock_threshold":null,"inheritable":true,"inbound_stock":null,"stock_on_hold":0,"sold_today":0,"sales_last_days":0,"reserved_stock":null,"customer_returns":null,"warehouse_damage":null,"lost_in_post":null,"other_logs":null,"out_stock_days":0,"lost_sales":0,"has_location":false,"update_date":"2026-05-06T01:54:06","atum_locations":[],"atum_stock_status":"instock","restock_status":false,"low_stock_amount":"","sales_update_date":"2026-05-06T01:54:06","calc_backorders":null,"jetpack_sharing_enabled":true,"jetpack_likes_enabled":true,"brands":[{"id":2037,"name":"Enoteka Mozirje","slug":"enoteka-mozirje"}],"_links":{"self":[{"href":"https:\/\/sprememba.si\/SiSQ-Spirits\/wp-json\/wp\/v2\/product\/17072","targetHints":{"allow":["GET"]}}],"collection":[{"href":"https:\/\/sprememba.si\/SiSQ-Spirits\/wp-json\/wp\/v2\/product"}],"about":[{"href":"https:\/\/sprememba.si\/SiSQ-Spirits\/wp-json\/wp\/v2\/types\/product"}],"wp:featuredmedia":[{"embeddable":true,"href":"https:\/\/sprememba.si\/SiSQ-Spirits\/wp-json\/wp\/v2\/media\/17071"}],"wp:attachment":[{"href":"https:\/\/sprememba.si\/SiSQ-Spirits\/wp-json\/wp\/v2\/media?parent=17072"}],"wp:term":[{"taxonomy":"pwb-brand","embeddable":true,"href":"https:\/\/sprememba.si\/SiSQ-Spirits\/wp-json\/wp\/v2\/pwb-brand?post=17072"},{"taxonomy":"product_brand","embeddable":true,"href":"https:\/\/sprememba.si\/SiSQ-Spirits\/wp-json\/wp\/v2\/product_brand?post=17072"},{"taxonomy":"product_cat","embeddable":true,"href":"https:\/\/sprememba.si\/SiSQ-Spirits\/wp-json\/wp\/v2\/product_cat?post=17072"},{"taxonomy":"product_tag","embeddable":true,"href":"https:\/\/sprememba.si\/SiSQ-Spirits\/wp-json\/wp\/v2\/product_tag?post=17072"}],"curies":[{"name":"wp","href":"https:\/\/api.w.org\/{rel}","templated":true}]}}