{"id":17205,"date":"2025-08-05T16:17:38","date_gmt":"2025-08-05T14:17:38","guid":{"rendered":"https:\/\/sprememba.si\/SiSQ-Spirits\/?post_type=product&#038;p=17205"},"modified":"2025-09-01T14:39:48","modified_gmt":"2025-09-01T12:39:48","slug":"unikatni-uhani-iz-lignita-swanmosaix","status":"publish","type":"product","link":"https:\/\/sprememba.si\/SiSQ-Spirits\/trgovina\/unikatni-uhani-iz-lignita-swanmosaix\/","title":{"rendered":"Unikatni uhani iz lignita Swanmosaix"},"content":{"rendered":"<p>Unikatni uhani iz lignita Swanmosaix so ro\u010dno izdelani uhani &#8211; vsak kos je neponovljiv, kot zgodba, ki jo nosi.<\/p>\n<p>Dodajte svojemu slogu pridih zgodovine in naravne elegance z unikatnimi uhani, ro\u010dno izdelanimi iz lignita \u2013 premoga, ki je zaznamoval Velenje. Vsak par je skrbno oblikovan in dopolnjen s kakovostnim srebrnim zaklju\u010dkom, ki zagotavlja udobno no\u0161enje in brez\u010dasno prefinjenost.<\/p>\n<p>V teh unikatnih uhanih se prepletata naravna surovost premoga in ne\u017ena prefinjenost srebra. Vsak par je ro\u010dno oblikovan iz lignita, ki je neko\u010d grel domove in poganjal \u017eivljenje \u2013 danes pa nosi novo vlogo: simbol lepote, spomina in ponosa.<\/p>\n<p>\ud83d\udd39 <strong>Unikatna oblika<\/strong> \u2013 noben par ni enak, saj narava sama oblikuje vsak kos<br \/>\n\ud83d\udd39<strong>Naravni materiali<\/strong> \u2013 lignit v novi, presti\u017eni vlogi<br \/>\n\ud83d\udd39 <strong>Ro\u010dno delo<\/strong> \u2013 vsak uhan je rezultat natan\u010dnega rokodelskega znanja<br \/>\n\ud83d\udd39 <strong>Srebrni detajli<\/strong> \u2013 za udobje, trajnost in eleganco<\/p>\n<p>\ud83c\udf81 <strong>Darilo s pomenom \u2013<\/strong> za vse, ki jih povezuje toplina doma, spomini na rudarsko dedi\u0161\u010dino ali preprosto \u017eelja po ne\u010dem resni\u010dno edinstvenem.<\/p>\n<p>Nosite jih kot poklon preteklosti!<\/p>\n<div><\/div>\n","protected":false},"excerpt":{"rendered":"<p>Za vse, ki jih povezuje toplina doma, spomini na rudarsko dedi\u0161\u010dino ali preprosto \u017eelja po ne\u010dem resni\u010dno edinstvenem.<\/p>\n<p>Nosite jih kot poklon preteklosti, kot zgodbo, ki \u017eivi naprej \u2013 v vsakem gibu, v vsakem pogledu.<\/p>\n<div><\/div>\n","protected":false},"featured_media":17232,"template":"","meta":{"_price":"12","_stock":"","_tribe_ticket_header":"","_tribe_default_ticket_provider":"","_tribe_ticket_capacity":"0","_ticket_start_date":"","_ticket_end_date":"","_tribe_ticket_show_description":"","_tribe_ticket_show_not_going":false,"_tribe_ticket_use_global_stock":"","_tribe_ticket_global_stock_level":"","_global_stock_mode":"","_global_stock_cap":"","_tribe_rsvp_for_event":"","_tribe_ticket_going_count":"","_tribe_ticket_not_going_count":"","_tribe_tickets_list":"[]","_tribe_ticket_has_attendee_info_fields":false,"jetpack_post_was_ever_published":false,"_tec_slr_enabled":"","_tec_slr_layout":""},"pwb-brand":[3074],"product_brand":[3138],"product_cat":[372,3068],"product_tag":[553,3070,3080],"class_list":{"0":"post-17205","1":"product","2":"type-product","3":"status-publish","4":"has-post-thumbnail","6":"pwb-brand-swanmosaix","7":"product_brand-swanmosaix","8":"product_cat-drugo","9":"product_cat-unikatni-uhani","10":"product_tag-darilo","11":"product_tag-uhani","12":"product_tag-zanjo","14":"first","15":"instock","16":"featured","17":"shipping-taxable","18":"purchasable","19":"product-type-variable","20":"has-default-attributes"},"supplier_id":null,"supplier_sku":"","atum_controlled":true,"out_stock_date":null,"out_stock_threshold":null,"inheritable":true,"inbound_stock":null,"stock_on_hold":0,"sold_today":0,"sales_last_days":0,"reserved_stock":null,"customer_returns":null,"warehouse_damage":null,"lost_in_post":null,"other_logs":null,"out_stock_days":0,"lost_sales":0,"has_location":false,"update_date":"2026-04-16T00:12:33","atum_locations":[],"atum_stock_status":"instock","restock_status":false,"low_stock_amount":"","sales_update_date":"2026-04-16T00:12:33","calc_backorders":null,"jetpack_sharing_enabled":true,"jetpack_likes_enabled":true,"brands":[{"id":3074,"name":"Swanmosaix","slug":"swanmosaix"}],"_links":{"self":[{"href":"https:\/\/sprememba.si\/SiSQ-Spirits\/wp-json\/wp\/v2\/product\/17205","targetHints":{"allow":["GET"]}}],"collection":[{"href":"https:\/\/sprememba.si\/SiSQ-Spirits\/wp-json\/wp\/v2\/product"}],"about":[{"href":"https:\/\/sprememba.si\/SiSQ-Spirits\/wp-json\/wp\/v2\/types\/product"}],"wp:featuredmedia":[{"embeddable":true,"href":"https:\/\/sprememba.si\/SiSQ-Spirits\/wp-json\/wp\/v2\/media\/17232"}],"wp:attachment":[{"href":"https:\/\/sprememba.si\/SiSQ-Spirits\/wp-json\/wp\/v2\/media?parent=17205"}],"wp:term":[{"taxonomy":"pwb-brand","embeddable":true,"href":"https:\/\/sprememba.si\/SiSQ-Spirits\/wp-json\/wp\/v2\/pwb-brand?post=17205"},{"taxonomy":"product_brand","embeddable":true,"href":"https:\/\/sprememba.si\/SiSQ-Spirits\/wp-json\/wp\/v2\/product_brand?post=17205"},{"taxonomy":"product_cat","embeddable":true,"href":"https:\/\/sprememba.si\/SiSQ-Spirits\/wp-json\/wp\/v2\/product_cat?post=17205"},{"taxonomy":"product_tag","embeddable":true,"href":"https:\/\/sprememba.si\/SiSQ-Spirits\/wp-json\/wp\/v2\/product_tag?post=17205"}],"curies":[{"name":"wp","href":"https:\/\/api.w.org\/{rel}","templated":true}]}}