{"id":17260,"date":"2025-08-06T22:28:46","date_gmt":"2025-08-06T20:28:46","guid":{"rendered":"https:\/\/sprememba.si\/SiSQ-Spirits\/?post_type=product&#038;p=17260"},"modified":"2025-09-01T14:39:08","modified_gmt":"2025-09-01T12:39:08","slug":"gineral-man-parfum","status":"publish","type":"product","link":"https:\/\/sprememba.si\/SiSQ-Spirits\/trgovina\/gineral-man-parfum\/","title":{"rendered":"Gineral man parfum"},"content":{"rendered":"<p>Zmogljiv. Skrivnosten. Nepozaben. Gineral Man je nova di\u0161ava za sodobnega mo\u0161kega, ki v sebi zdru\u017euje naravno mo\u010d in notranjo umirjenost. Vsaka nota je poglavje njegove zgodbe \u2013 o odlo\u010dnosti, pogumu in brezkompromisnem slogu.<\/p>\n<p>\u017de ob prvem stiku se razkrije sve\u017ea eksplozija bergamotke in limone, prepletena z za\u010dinjenimi toni ro\u017enatega popra in dimnim pridihom kadila. Aromati\u010dna ostrina brinovih jagod dodaja nepri\u010dakovano divjino \u2013 kot neukro\u010dena narava v trenutku ti\u0161ine.<\/p>\n<p>V sr\u010dnem utripu di\u0161ave za\u017eari elegantna cvetli\u010dna harmonija jasmina in ro\u017ene grenike (rock rose), ne\u017eno ovita v \u010dutne tone \u017eametnega lesa. To je prefinjen kontrast med ne\u017enostjo in mo\u0161kostjo \u2013 subtilen, a izrazit.<\/p>\n<p>V globini se razkrije mo\u010dna, zemeljska osnova: ambroksan, mo\u0161us, mah in pa\u010duli ustvarijo dolgotrajno, magnetno sled, ki ostaja na ko\u017ei\u2026 in v spominu.<\/p>\n<p><strong>Gineral Man ni le parfum. Je podpis.<\/strong> Za mo\u0161kega, ki ne i\u0161\u010de pozornosti \u2013 a je nikoli ne spregleda.<\/p>\n","protected":false},"excerpt":{"rendered":"<p>Gineral Man je nova di\u0161ava za sodobnega mo\u0161kega, Divja eleganca. Trenutek svobode, ujet v vonj.<\/p>\n<p>Za mo\u0161kega, ki ne i\u0161\u010de pozornosti \u2013 a je nikoli ne spregleda.<\/p>\n","protected":false},"featured_media":17262,"template":"","meta":{"_price":"36","_stock":"","_tribe_ticket_header":"","_tribe_default_ticket_provider":"","_tribe_ticket_capacity":"0","_ticket_start_date":"","_ticket_end_date":"","_tribe_ticket_show_description":"","_tribe_ticket_show_not_going":false,"_tribe_ticket_use_global_stock":"","_tribe_ticket_global_stock_level":"","_global_stock_mode":"","_global_stock_cap":"","_tribe_rsvp_for_event":"","_tribe_ticket_going_count":"","_tribe_ticket_not_going_count":"","_tribe_tickets_list":"[]","_tribe_ticket_has_attendee_info_fields":false,"jetpack_post_was_ever_published":false,"_tec_slr_enabled":"","_tec_slr_layout":""},"pwb-brand":[2689],"product_brand":[3114],"product_cat":[372,3100],"product_tag":[553,3098,3096],"class_list":{"0":"post-17260","1":"product","2":"type-product","3":"status-publish","4":"has-post-thumbnail","6":"pwb-brand-gineral-slovenija","7":"product_brand-gineral-slovenija","8":"product_cat-drugo","9":"product_cat-parfumi","10":"product_tag-darilo","11":"product_tag-darilo-zanj","12":"product_tag-parfum","14":"first","15":"instock","16":"featured","17":"shipping-taxable","18":"purchasable","19":"product-type-simple"},"supplier_id":null,"supplier_sku":"","atum_controlled":true,"out_stock_date":null,"out_stock_threshold":null,"inheritable":false,"inbound_stock":null,"stock_on_hold":0,"sold_today":0,"sales_last_days":0,"reserved_stock":null,"customer_returns":null,"warehouse_damage":null,"lost_in_post":null,"other_logs":null,"out_stock_days":0,"lost_sales":0,"has_location":false,"update_date":"2026-04-29T01:16:07","atum_locations":[],"atum_stock_status":"instock","restock_status":false,"low_stock_amount":"","sales_update_date":"2026-04-29T01:16:07","calc_backorders":null,"jetpack_sharing_enabled":true,"jetpack_likes_enabled":true,"brands":[{"id":2689,"name":"Gineral\u00ae Slovenija","slug":"gineral-slovenija"}],"_links":{"self":[{"href":"https:\/\/sprememba.si\/SiSQ-Spirits\/wp-json\/wp\/v2\/product\/17260","targetHints":{"allow":["GET"]}}],"collection":[{"href":"https:\/\/sprememba.si\/SiSQ-Spirits\/wp-json\/wp\/v2\/product"}],"about":[{"href":"https:\/\/sprememba.si\/SiSQ-Spirits\/wp-json\/wp\/v2\/types\/product"}],"wp:featuredmedia":[{"embeddable":true,"href":"https:\/\/sprememba.si\/SiSQ-Spirits\/wp-json\/wp\/v2\/media\/17262"}],"wp:attachment":[{"href":"https:\/\/sprememba.si\/SiSQ-Spirits\/wp-json\/wp\/v2\/media?parent=17260"}],"wp:term":[{"taxonomy":"pwb-brand","embeddable":true,"href":"https:\/\/sprememba.si\/SiSQ-Spirits\/wp-json\/wp\/v2\/pwb-brand?post=17260"},{"taxonomy":"product_brand","embeddable":true,"href":"https:\/\/sprememba.si\/SiSQ-Spirits\/wp-json\/wp\/v2\/product_brand?post=17260"},{"taxonomy":"product_cat","embeddable":true,"href":"https:\/\/sprememba.si\/SiSQ-Spirits\/wp-json\/wp\/v2\/product_cat?post=17260"},{"taxonomy":"product_tag","embeddable":true,"href":"https:\/\/sprememba.si\/SiSQ-Spirits\/wp-json\/wp\/v2\/product_tag?post=17260"}],"curies":[{"name":"wp","href":"https:\/\/api.w.org\/{rel}","templated":true}]}}