{"id":17264,"date":"2025-08-08T13:35:41","date_gmt":"2025-08-08T11:35:41","guid":{"rendered":"https:\/\/sprememba.si\/SiSQ-Spirits\/?post_type=product&#038;p=17264"},"modified":"2025-08-11T12:50:46","modified_gmt":"2025-08-11T10:50:46","slug":"gineral-woman-parfum","status":"publish","type":"product","link":"https:\/\/sprememba.si\/SiSQ-Spirits\/trgovina\/gineral-woman-parfum\/","title":{"rendered":"Gineral Woman parfum"},"content":{"rendered":"<p>Gineral Woman je ve\u010d kot di\u0161ava. Je razpolo\u017eenje. Prisotnost. Je praznovanje \u017eenskosti \u2013 v vsej njeni mo\u010di in lepoti.<\/p>\n<p>Di\u0161avni profil:<\/p>\n<ul>\n<li><strong>Zgornje note:<\/strong> Sve\u017e in ne\u017eno aromati\u010den spoj \u010daja in mandarine prebudi ob\u010dutek lahkotnosti in pristne \u017eenstvenosti. Ta prefinjena uvodna nota vabi na potovanje v bogato cvetli\u010dno srce.<\/li>\n<li><strong>Srednje note:<\/strong> Klasi\u010dne cvetlice \u2013 \u0161marnica, jasmin, gardenija in vrtnica \u2013 ustvarjajo zapeljivo harmonijo elegance in \u010dutnosti. Cvetli\u010dna tan\u010dica ne\u017eno objame nosilko parfuma z mehkobo in milino.<\/li>\n<li><strong>Spodnje note:<\/strong> Topla, obstojna baza pa\u010dulija, vetiverja, tonka fi\u017eola, sandalovine in vanilije. Skladna me\u0161anica zemlje in topline, ki di\u0161avo zaklju\u010di s \u010dutno, a urejeno intenzivnostjo \u2013 kot sledi korakov samozavestne \u017eenske.<\/li>\n<\/ul>\n<p>&nbsp;<\/p>\n","protected":false},"excerpt":{"rendered":"<p><strong>Bistvo \u017eenstvenosti. Tiha mo\u010d elegance.<\/strong><\/p>\n<p>Gineral Woman je poklon sodobni \u017eenski \u2013 prefinjeni, samozavestni in svobodni. Di\u0161ava, ki jo nosi, ni le okras, temve\u010d izraz njenega zna\u010daja. Subtilna, a nepozabna.<\/p>\n","protected":false},"featured_media":17265,"template":"","meta":{"_price":"36","_stock":"","_tribe_ticket_header":"","_tribe_default_ticket_provider":"","_tribe_ticket_capacity":"0","_ticket_start_date":"","_ticket_end_date":"","_tribe_ticket_show_description":"","_tribe_ticket_show_not_going":false,"_tribe_ticket_use_global_stock":"","_tribe_ticket_global_stock_level":"","_global_stock_mode":"","_global_stock_cap":"","_tribe_rsvp_for_event":"","_tribe_ticket_going_count":"","_tribe_ticket_not_going_count":"","_tribe_tickets_list":"[]","_tribe_ticket_has_attendee_info_fields":false,"jetpack_post_was_ever_published":false,"_tec_slr_enabled":"","_tec_slr_layout":""},"pwb-brand":[2689],"product_brand":[3114],"product_cat":[372,3100],"product_tag":[553,3103,3105,3096],"class_list":{"0":"post-17264","1":"product","2":"type-product","3":"status-publish","4":"has-post-thumbnail","6":"pwb-brand-gineral-slovenija","7":"product_brand-gineral-slovenija","8":"product_cat-drugo","9":"product_cat-parfumi","10":"product_tag-darilo","11":"product_tag-darilo-zanjo","12":"product_tag-gineral","13":"product_tag-parfum","15":"first","16":"instock","17":"featured","18":"shipping-taxable","19":"purchasable","20":"product-type-simple"},"supplier_id":null,"supplier_sku":"","atum_controlled":true,"out_stock_date":null,"out_stock_threshold":null,"inheritable":false,"inbound_stock":null,"stock_on_hold":0,"sold_today":0,"sales_last_days":0,"reserved_stock":null,"customer_returns":null,"warehouse_damage":null,"lost_in_post":null,"other_logs":null,"out_stock_days":0,"lost_sales":0,"has_location":false,"update_date":"2026-04-16T00:12:37","atum_locations":[],"atum_stock_status":"instock","restock_status":false,"low_stock_amount":"","sales_update_date":"2026-04-16T00:12:37","calc_backorders":null,"jetpack_sharing_enabled":true,"jetpack_likes_enabled":true,"brands":[{"id":2689,"name":"Gineral\u00ae Slovenija","slug":"gineral-slovenija"}],"_links":{"self":[{"href":"https:\/\/sprememba.si\/SiSQ-Spirits\/wp-json\/wp\/v2\/product\/17264","targetHints":{"allow":["GET"]}}],"collection":[{"href":"https:\/\/sprememba.si\/SiSQ-Spirits\/wp-json\/wp\/v2\/product"}],"about":[{"href":"https:\/\/sprememba.si\/SiSQ-Spirits\/wp-json\/wp\/v2\/types\/product"}],"wp:featuredmedia":[{"embeddable":true,"href":"https:\/\/sprememba.si\/SiSQ-Spirits\/wp-json\/wp\/v2\/media\/17265"}],"wp:attachment":[{"href":"https:\/\/sprememba.si\/SiSQ-Spirits\/wp-json\/wp\/v2\/media?parent=17264"}],"wp:term":[{"taxonomy":"pwb-brand","embeddable":true,"href":"https:\/\/sprememba.si\/SiSQ-Spirits\/wp-json\/wp\/v2\/pwb-brand?post=17264"},{"taxonomy":"product_brand","embeddable":true,"href":"https:\/\/sprememba.si\/SiSQ-Spirits\/wp-json\/wp\/v2\/product_brand?post=17264"},{"taxonomy":"product_cat","embeddable":true,"href":"https:\/\/sprememba.si\/SiSQ-Spirits\/wp-json\/wp\/v2\/product_cat?post=17264"},{"taxonomy":"product_tag","embeddable":true,"href":"https:\/\/sprememba.si\/SiSQ-Spirits\/wp-json\/wp\/v2\/product_tag?post=17264"}],"curies":[{"name":"wp","href":"https:\/\/api.w.org\/{rel}","templated":true}]}}