{"id":17282,"date":"2025-08-13T08:27:49","date_gmt":"2025-08-13T06:27:49","guid":{"rendered":"https:\/\/sprememba.si\/SiSQ-Spirits\/?post_type=product&#038;p=17282"},"modified":"2025-09-01T14:38:35","modified_gmt":"2025-09-01T12:38:35","slug":"darilo-gineral-woman-z-uhani-swanmosaix","status":"publish","type":"product","link":"https:\/\/sprememba.si\/SiSQ-Spirits\/trgovina\/darilo-gineral-woman-z-uhani-swanmosaix\/","title":{"rendered":"Darilo Gineral Woman z uhani Swanmosaix"},"content":{"rendered":"<p><strong>Gineral Woman<\/strong>\u00a0\u2013 di\u0161ava, ki o\u010dara. S svojo ne\u017eno, a samozavestno aromo poudari \u017eenstvenost in eleganco. Idealna za \u017eenske, ki cenijo subtilno mo\u010d in individualnost.<\/p>\n<p><strong>Swanmosaix uhani<\/strong>\u00a0\u2013 izbirate lahko med\u00a0<strong>premogom<\/strong>\u00a0ali\u00a0<strong>re\u010dnim steklom<\/strong>, vsak par pa je ro\u010dno izdelan in nosi pe\u010dat naravne lepote. Premog simbolizira mo\u010d in zgodovino, re\u010dno steklo pa ne\u017enost in tok \u017eivljenja.<\/p>\n<p>Paket je popoln za rojstni dan, obletnico ali kot pozornost, ki pove ve\u010d kot besede. Pridih luksuza, trajnostna zgodba in lokalna umetnost \u2013 vse v eni darilni \u0161katli.<\/p>\n","protected":false},"excerpt":{"rendered":"<p>Podarite nekaj resni\u010dno posebnega. Darilni paket\u00a0<strong>Gineral Woman z uhani Swanmosaix<\/strong>\u00a0zdru\u017euje\u00a0<strong>presti\u017een parfum<\/strong>\u00a0in\u00a0<strong>unikatne ro\u010dno izdelane uhane<\/strong>, ki pripovedujejo zgodbo narave in prefinjenosti.<\/p>\n","protected":false},"featured_media":17286,"template":"","meta":{"_price":"","_stock":"","_tribe_ticket_header":"","_tribe_default_ticket_provider":"","_tribe_ticket_capacity":"0","_ticket_start_date":"","_ticket_end_date":"","_tribe_ticket_show_description":"","_tribe_ticket_show_not_going":false,"_tribe_ticket_use_global_stock":"","_tribe_ticket_global_stock_level":"","_global_stock_mode":"","_global_stock_cap":"","_tribe_rsvp_for_event":"","_tribe_ticket_going_count":"","_tribe_ticket_not_going_count":"","_tribe_tickets_list":"[]","_tribe_ticket_has_attendee_info_fields":false,"jetpack_post_was_ever_published":false,"_tec_slr_enabled":"","_tec_slr_layout":""},"pwb-brand":[2689,3074],"product_brand":[3114,3138],"product_cat":[372,2269],"product_tag":[3103,3096,3070],"class_list":{"0":"post-17282","1":"product","2":"type-product","3":"status-publish","4":"has-post-thumbnail","6":"pwb-brand-gineral-slovenija","7":"pwb-brand-swanmosaix","8":"product_brand-gineral-slovenija","9":"product_brand-swanmosaix","10":"product_cat-drugo","11":"product_cat-ostala-darila","12":"product_tag-darilo-zanjo","13":"product_tag-parfum","14":"product_tag-uhani","16":"first","17":"instock","18":"featured","19":"shipping-taxable","20":"purchasable","21":"product-type-composite"},"supplier_id":null,"supplier_sku":"","atum_controlled":true,"out_stock_date":null,"out_stock_threshold":null,"inheritable":false,"inbound_stock":null,"stock_on_hold":0,"sold_today":0,"sales_last_days":0,"reserved_stock":null,"customer_returns":null,"warehouse_damage":null,"lost_in_post":null,"other_logs":null,"out_stock_days":0,"lost_sales":0,"has_location":false,"update_date":"2026-04-29T01:16:07","atum_locations":[],"atum_stock_status":"instock","restock_status":false,"low_stock_amount":"","sales_update_date":"2026-04-29T01:16:07","calc_backorders":null,"jetpack_sharing_enabled":true,"jetpack_likes_enabled":true,"brands":[{"id":2689,"name":"Gineral\u00ae Slovenija","slug":"gineral-slovenija"},{"id":3074,"name":"Swanmosaix","slug":"swanmosaix"}],"_links":{"self":[{"href":"https:\/\/sprememba.si\/SiSQ-Spirits\/wp-json\/wp\/v2\/product\/17282","targetHints":{"allow":["GET"]}}],"collection":[{"href":"https:\/\/sprememba.si\/SiSQ-Spirits\/wp-json\/wp\/v2\/product"}],"about":[{"href":"https:\/\/sprememba.si\/SiSQ-Spirits\/wp-json\/wp\/v2\/types\/product"}],"wp:featuredmedia":[{"embeddable":true,"href":"https:\/\/sprememba.si\/SiSQ-Spirits\/wp-json\/wp\/v2\/media\/17286"}],"wp:attachment":[{"href":"https:\/\/sprememba.si\/SiSQ-Spirits\/wp-json\/wp\/v2\/media?parent=17282"}],"wp:term":[{"taxonomy":"pwb-brand","embeddable":true,"href":"https:\/\/sprememba.si\/SiSQ-Spirits\/wp-json\/wp\/v2\/pwb-brand?post=17282"},{"taxonomy":"product_brand","embeddable":true,"href":"https:\/\/sprememba.si\/SiSQ-Spirits\/wp-json\/wp\/v2\/product_brand?post=17282"},{"taxonomy":"product_cat","embeddable":true,"href":"https:\/\/sprememba.si\/SiSQ-Spirits\/wp-json\/wp\/v2\/product_cat?post=17282"},{"taxonomy":"product_tag","embeddable":true,"href":"https:\/\/sprememba.si\/SiSQ-Spirits\/wp-json\/wp\/v2\/product_tag?post=17282"}],"curies":[{"name":"wp","href":"https:\/\/api.w.org\/{rel}","templated":true}]}}