{"id":17346,"date":"2025-10-27T08:41:49","date_gmt":"2025-10-27T07:41:49","guid":{"rendered":"https:\/\/sprememba.si\/SiSQ-Spirits\/?post_type=product&#038;p=17346"},"modified":"2025-10-29T13:51:36","modified_gmt":"2025-10-29T12:51:36","slug":"prus-penina-rose","status":"publish","type":"product","link":"https:\/\/sprememba.si\/SiSQ-Spirits\/trgovina\/prus-penina-rose\/","title":{"rendered":"Prus penina Rose"},"content":{"rendered":"<p>Prus penina rose je pridelana je po klasi\u010dni \u0161ampanjski metodi, 2 leti le\u017eanja na odmrlih kvasovkah. Ta postopek ji prina\u0161a globino in kompleksnost, ki sta zna\u010dilna za vrhunske penine.<\/p>\n<p>V kozarcu se odkrije srednje globoka lososova barva, ki privla\u010di pogled. Cvetica je ne\u017ena, a izrazito aromati\u010dna, kljub dalj\u0161emu zorenju na kvasovkah\u00a0 ohranja sve\u017ee sadne note jagod in ostalega rde\u010dega jagodi\u010devja. Je polsuho. Mehur\u010dki so fini, ne\u017eni. Vrhunsko izpeljano.<br \/>\nKlasi\u010dna izdelava.<\/p>\n<p>Prus Penina Rose je vrhunsko izpeljana, kar potrjuje tudi zadnja nagrada na Sommelier Selection 2025, kjer je bila uvr\u0161\u010dena med najbolj\u0161e rose penine.<\/p>\n","protected":false},"excerpt":{"rendered":"<p>Izjemna penina, rojena iz strasti in znanja vinarja Prus iz bele krajine.<\/p>\n","protected":false},"featured_media":17358,"template":"","meta":{"_price":"15.86","_stock":"","_tribe_ticket_header":"","_tribe_default_ticket_provider":"","_tribe_ticket_capacity":"0","_ticket_start_date":"","_ticket_end_date":"","_tribe_ticket_show_description":"","_tribe_ticket_show_not_going":false,"_tribe_ticket_use_global_stock":"","_tribe_ticket_global_stock_level":"","_global_stock_mode":"","_global_stock_cap":"","_tribe_rsvp_for_event":"","_tribe_ticket_going_count":"","_tribe_ticket_not_going_count":"","_tribe_tickets_list":"[]","_tribe_ticket_has_attendee_info_fields":false,"jetpack_post_was_ever_published":false,"_tec_slr_enabled":"","_tec_slr_layout":""},"pwb-brand":[3170],"product_brand":[3172],"product_cat":[1295,636,955],"product_tag":[3176],"class_list":{"0":"post-17346","1":"product","2":"type-product","3":"status-publish","4":"has-post-thumbnail","6":"pwb-brand-vinska-klet-prus","7":"product_brand-vinska-klet-prus","8":"product_cat-penina","9":"product_cat-vino-rose","10":"product_cat-vino","11":"product_tag-prus","13":"first","14":"instock","15":"shipping-taxable","16":"purchasable","17":"product-type-simple"},"supplier_id":null,"supplier_sku":"","atum_controlled":true,"out_stock_date":null,"out_stock_threshold":null,"inheritable":false,"inbound_stock":null,"stock_on_hold":0,"sold_today":0,"sales_last_days":0,"reserved_stock":null,"customer_returns":null,"warehouse_damage":null,"lost_in_post":null,"other_logs":null,"out_stock_days":0,"lost_sales":0,"has_location":false,"update_date":"2026-04-15T00:12:34","atum_locations":[],"atum_stock_status":"instock","restock_status":false,"low_stock_amount":"","sales_update_date":"2026-04-15T00:12:34","calc_backorders":null,"jetpack_sharing_enabled":true,"jetpack_likes_enabled":true,"brands":[{"id":3170,"name":"Vinska klet Prus","slug":"vinska-klet-prus"}],"_links":{"self":[{"href":"https:\/\/sprememba.si\/SiSQ-Spirits\/wp-json\/wp\/v2\/product\/17346","targetHints":{"allow":["GET"]}}],"collection":[{"href":"https:\/\/sprememba.si\/SiSQ-Spirits\/wp-json\/wp\/v2\/product"}],"about":[{"href":"https:\/\/sprememba.si\/SiSQ-Spirits\/wp-json\/wp\/v2\/types\/product"}],"wp:featuredmedia":[{"embeddable":true,"href":"https:\/\/sprememba.si\/SiSQ-Spirits\/wp-json\/wp\/v2\/media\/17358"}],"wp:attachment":[{"href":"https:\/\/sprememba.si\/SiSQ-Spirits\/wp-json\/wp\/v2\/media?parent=17346"}],"wp:term":[{"taxonomy":"pwb-brand","embeddable":true,"href":"https:\/\/sprememba.si\/SiSQ-Spirits\/wp-json\/wp\/v2\/pwb-brand?post=17346"},{"taxonomy":"product_brand","embeddable":true,"href":"https:\/\/sprememba.si\/SiSQ-Spirits\/wp-json\/wp\/v2\/product_brand?post=17346"},{"taxonomy":"product_cat","embeddable":true,"href":"https:\/\/sprememba.si\/SiSQ-Spirits\/wp-json\/wp\/v2\/product_cat?post=17346"},{"taxonomy":"product_tag","embeddable":true,"href":"https:\/\/sprememba.si\/SiSQ-Spirits\/wp-json\/wp\/v2\/product_tag?post=17346"}],"curies":[{"name":"wp","href":"https:\/\/api.w.org\/{rel}","templated":true}]}}