{"id":17351,"date":"2025-10-27T15:12:12","date_gmt":"2025-10-27T14:12:12","guid":{"rendered":"https:\/\/sprememba.si\/SiSQ-Spirits\/?post_type=product&#038;p=17351"},"modified":"2025-10-29T13:52:42","modified_gmt":"2025-10-29T12:52:42","slug":"prus-kraljevina","status":"publish","type":"product","link":"https:\/\/sprememba.si\/SiSQ-Spirits\/trgovina\/prus-kraljevina\/","title":{"rendered":"Prus Kraljevina"},"content":{"rendered":"<p>Prus Kraljevina je oran\u017eno vino globlje jantarne barve. Cvetica je izrazita in kompleksna, z zaznavami toplih sadnih tonov, ki spominjajo na za\u010dinjen jabol\u010dni kompot, hru\u0161ke in su\u0161ene marelice. V ustih se aromatika lepo potrdi; sadni zna\u010daj dopolnjujejo zmerno zreli tanini, ki dajejo vinu strukturo in \u0161irino. Vino je suho, krepko, z uravnote\u017eenimi kislinami in dobro izra\u017eenim lesnim vplivom, kjer se prepletajo note vanilje, lesa in suhega sadja. Zaklju\u010dek je dalj\u0161i, harmoni\u010den in lepo zaokro\u017een. V celoti gre za dovr\u0161eno, elegantno interpretacijo oran\u017enega vina.<\/p>\n<p>Dvoletna maceracija na jagodnih ko\u017eicah in dro\u017eeh. Zorenje v hrastovih barik sodih. Brez filtracije.<\/p>\n","protected":false},"excerpt":{"rendered":"<p>oran\u017eno vino iz avtohtone sorte Kraljevina<\/p>\n","protected":false},"featured_media":17356,"template":"","meta":{"_price":"31.72","_stock":"","_tribe_ticket_header":"","_tribe_default_ticket_provider":"","_tribe_ticket_capacity":"0","_ticket_start_date":"","_ticket_end_date":"","_tribe_ticket_show_description":"","_tribe_ticket_show_not_going":false,"_tribe_ticket_use_global_stock":"","_tribe_ticket_global_stock_level":"","_global_stock_mode":"","_global_stock_cap":"","_tribe_rsvp_for_event":"","_tribe_ticket_going_count":"","_tribe_ticket_not_going_count":"","_tribe_tickets_list":"[]","_tribe_ticket_has_attendee_info_fields":false,"jetpack_post_was_ever_published":false,"_tec_slr_enabled":"","_tec_slr_layout":""},"pwb-brand":[3170],"product_brand":[3172],"product_cat":[308,955],"product_tag":[],"class_list":{"0":"post-17351","1":"product","2":"type-product","3":"status-publish","4":"has-post-thumbnail","6":"pwb-brand-vinska-klet-prus","7":"product_brand-vinska-klet-prus","8":"product_cat-oranzno-vino","9":"product_cat-vino","11":"first","12":"instock","13":"shipping-taxable","14":"purchasable","15":"product-type-simple"},"supplier_id":null,"supplier_sku":"","atum_controlled":true,"out_stock_date":null,"out_stock_threshold":null,"inheritable":false,"inbound_stock":null,"stock_on_hold":0,"sold_today":0,"sales_last_days":0,"reserved_stock":null,"customer_returns":null,"warehouse_damage":null,"lost_in_post":null,"other_logs":null,"out_stock_days":0,"lost_sales":0,"has_location":false,"update_date":"2026-04-15T00:12:34","atum_locations":[],"atum_stock_status":"instock","restock_status":false,"low_stock_amount":"","sales_update_date":"2026-04-15T00:12:34","calc_backorders":null,"jetpack_sharing_enabled":true,"jetpack_likes_enabled":true,"brands":[{"id":3170,"name":"Vinska klet Prus","slug":"vinska-klet-prus"}],"_links":{"self":[{"href":"https:\/\/sprememba.si\/SiSQ-Spirits\/wp-json\/wp\/v2\/product\/17351","targetHints":{"allow":["GET"]}}],"collection":[{"href":"https:\/\/sprememba.si\/SiSQ-Spirits\/wp-json\/wp\/v2\/product"}],"about":[{"href":"https:\/\/sprememba.si\/SiSQ-Spirits\/wp-json\/wp\/v2\/types\/product"}],"wp:featuredmedia":[{"embeddable":true,"href":"https:\/\/sprememba.si\/SiSQ-Spirits\/wp-json\/wp\/v2\/media\/17356"}],"wp:attachment":[{"href":"https:\/\/sprememba.si\/SiSQ-Spirits\/wp-json\/wp\/v2\/media?parent=17351"}],"wp:term":[{"taxonomy":"pwb-brand","embeddable":true,"href":"https:\/\/sprememba.si\/SiSQ-Spirits\/wp-json\/wp\/v2\/pwb-brand?post=17351"},{"taxonomy":"product_brand","embeddable":true,"href":"https:\/\/sprememba.si\/SiSQ-Spirits\/wp-json\/wp\/v2\/product_brand?post=17351"},{"taxonomy":"product_cat","embeddable":true,"href":"https:\/\/sprememba.si\/SiSQ-Spirits\/wp-json\/wp\/v2\/product_cat?post=17351"},{"taxonomy":"product_tag","embeddable":true,"href":"https:\/\/sprememba.si\/SiSQ-Spirits\/wp-json\/wp\/v2\/product_tag?post=17351"}],"curies":[{"name":"wp","href":"https:\/\/api.w.org\/{rel}","templated":true}]}}