{"id":17498,"date":"2026-05-06T15:11:35","date_gmt":"2026-05-06T13:11:35","guid":{"rendered":"https:\/\/sprememba.si\/SiSQ-Spirits\/?post_type=product&#038;p=17498"},"modified":"2026-05-06T15:11:37","modified_gmt":"2026-05-06T13:11:37","slug":"oranzada-marolt-vez-12-x-05-l","status":"publish","type":"product","link":"https:\/\/sprememba.si\/SiSQ-Spirits\/trgovina\/oranzada-marolt-vez-12-x-05-l\/","title":{"rendered":"Oran\u017eada Marolt vez 12 x 0,5 l"},"content":{"rendered":"<p>Osve\u017eilna brezalkoholna pija\u010da\u00a0 z okusom pomaran\u010de. V vezu je 12 plastenk po 0,5 l.<\/p>\n<p>Pija\u010de Marolt s tradicijo od leta 1914. Primerne za vse starostne skupine in so narejene na sadnih bazah slovenskih proizvajalcev.<br \/>\nNjihove pija\u010de so znane po tem, da niso pretirano sladke in ohranjajo tisti nostalgi\u010den okus, ki ga starej\u0161e generacije poznajo \u017ee desetletja, mlaj\u0161e pa ga odkrivajo kot pristno lokalno alternativo velikim korporacijam.<\/p>\n<p>Na voljo tudi posamezna plastenka <a href=\"https:\/\/sprememba.si\/SiSQ-Spirits\/trgovina\/oranzada-marolt\/\">Oran\u017eada Pija\u010de Marolt.<\/a><\/p>\n","protected":false},"excerpt":{"rendered":"<p>Osve\u017eilna brezalkoholna pija\u010da\u00a0 z okusom pomaran\u010de. V vezu je 12 plastenk po 0,5 l. Pija\u010de Marolt s tradicijo od leta 1914. Primerne za vse starostne skupine in so narejene na [&hellip;]<\/p>\n","protected":false},"featured_media":17496,"template":"","meta":{"_price":"6","_stock":"","_tribe_ticket_header":"","_tribe_default_ticket_provider":"","_tribe_ticket_capacity":"","_ticket_start_date":"","_ticket_end_date":"","_tribe_ticket_show_description":"","_tribe_ticket_show_not_going":false,"_tribe_ticket_use_global_stock":"","_tribe_ticket_global_stock_level":"","_global_stock_mode":"","_global_stock_cap":"","_tribe_rsvp_for_event":"","_tribe_ticket_going_count":"","_tribe_ticket_not_going_count":"","_tribe_tickets_list":"[]","_tribe_ticket_has_attendee_info_fields":false,"jetpack_post_was_ever_published":false,"_tec_slr_enabled":"","_tec_slr_layout":""},"pwb-brand":[2043],"product_brand":[],"product_cat":[2002],"product_tag":[],"class_list":{"0":"post-17498","1":"product","2":"type-product","3":"status-publish","4":"has-post-thumbnail","6":"pwb-brand-pijace-marolt","7":"product_cat-brezalkoholna-pijaca","9":"first","10":"instock","11":"shipping-taxable","12":"purchasable","13":"product-type-simple"},"supplier_id":null,"supplier_sku":"","atum_controlled":true,"out_stock_date":null,"out_stock_threshold":null,"inheritable":false,"inbound_stock":null,"stock_on_hold":null,"sold_today":null,"sales_last_days":null,"reserved_stock":null,"customer_returns":null,"warehouse_damage":null,"lost_in_post":null,"other_logs":null,"out_stock_days":null,"lost_sales":null,"has_location":false,"update_date":"2026-05-06T13:11:38","atum_locations":[],"atum_stock_status":"instock","restock_status":false,"low_stock_amount":"","sales_update_date":null,"calc_backorders":null,"jetpack_sharing_enabled":true,"jetpack_likes_enabled":true,"brands":[{"id":2043,"name":"Pija\u010de Marolt","slug":"pijace-marolt"}],"_links":{"self":[{"href":"https:\/\/sprememba.si\/SiSQ-Spirits\/wp-json\/wp\/v2\/product\/17498","targetHints":{"allow":["GET"]}}],"collection":[{"href":"https:\/\/sprememba.si\/SiSQ-Spirits\/wp-json\/wp\/v2\/product"}],"about":[{"href":"https:\/\/sprememba.si\/SiSQ-Spirits\/wp-json\/wp\/v2\/types\/product"}],"wp:featuredmedia":[{"embeddable":true,"href":"https:\/\/sprememba.si\/SiSQ-Spirits\/wp-json\/wp\/v2\/media\/17496"}],"wp:attachment":[{"href":"https:\/\/sprememba.si\/SiSQ-Spirits\/wp-json\/wp\/v2\/media?parent=17498"}],"wp:term":[{"taxonomy":"pwb-brand","embeddable":true,"href":"https:\/\/sprememba.si\/SiSQ-Spirits\/wp-json\/wp\/v2\/pwb-brand?post=17498"},{"taxonomy":"product_brand","embeddable":true,"href":"https:\/\/sprememba.si\/SiSQ-Spirits\/wp-json\/wp\/v2\/product_brand?post=17498"},{"taxonomy":"product_cat","embeddable":true,"href":"https:\/\/sprememba.si\/SiSQ-Spirits\/wp-json\/wp\/v2\/product_cat?post=17498"},{"taxonomy":"product_tag","embeddable":true,"href":"https:\/\/sprememba.si\/SiSQ-Spirits\/wp-json\/wp\/v2\/product_tag?post=17498"}],"curies":[{"name":"wp","href":"https:\/\/api.w.org\/{rel}","templated":true}]}}