{"id":286,"date":"2024-11-26T19:09:24","date_gmt":"2024-11-26T18:09:24","guid":{"rendered":"https:\/\/sprememba.si\/SiSQ-Spirits\/?post_type=product&#038;p=286"},"modified":"2026-05-13T02:03:26","modified_gmt":"2026-05-13T00:03:26","slug":"pelicon-winter","status":"publish","type":"product","link":"https:\/\/sprememba.si\/SiSQ-Spirits\/trgovina\/pelicon-winter\/","title":{"rendered":"Pelicon Winter"},"content":{"rendered":"<p>Vsako leto je recept nekoliko druga\u010den.<\/p>\n<p>Winter je temno pivo posebne polnitve, ki mu vsako leto z razli\u010dnimi za\u010dimbami pri\u010darajo druga\u010den okus. <strong>Leto\u0161nji Winter je zdru\u017eil pomaran\u010dne lupinice z vanilijo, cimetom in likviricijo.<\/strong><\/p>\n<p>&nbsp;<\/p>\n<p>Winter 2022 je bogat s kakavovimi zrni, vaniljo, sladkim korenom in cimetom.<\/p>\n<p>Winter 2021 ima \u0161e bolj bogatej\u0161o pomaran\u010dno aromo, dodana pa je \u0161e limonina lupinica, cimet in vanilija.<\/p>\n<p>Winter 2020 je bil z <strong>okusom<\/strong> <strong>jaffa pi\u0161kota<\/strong>. Pri varjenju pa so poleg osnovnih surovin uporabili \u0161e belgijski sladkor, kakav, sladki koren, pomaran\u010dno in mandarinino lupino in vaniljo.<\/p>\n<p>Letnik 2019 je imel me\u0161anico kakavovih zrn, kokosovih kosmi\u010dev, vanilje in kan\u010dek likririce, ki naredi to pivo \u0161e slaj\u0161e.<\/p>\n<p>&nbsp;<\/p>\n<p>Pivo priporo\u010damo ob ko\u0161\u010dku doma\u010de potice ali \u010dokoladne torte, postre\u017eeno pri temperaturi od 12 do 14 stopinj v trebu\u0161astem kozarcu.<\/p>\n<p>Nefiltrirano, nepasterizirano, zorjeno v v steklenici.<\/p>\n<p>Za ljubitelje kuhanega piva in tiste, ki bi ga radi prvi\u010d okusili, pa je pripravljen poseben paket z vsemi sestavinami &#8211; <a href=\"https:\/\/sprememba.si\/SiSQ-Spirits\/trgovina\/darilni-komplet-kuhano-pivo\/\">paket KUHANO PIVO<\/a><\/p>\n","protected":false},"excerpt":{"rendered":"<p>Winter je prazni\u010dno temno pivo, ki ga varijo\u00a0enkrat letno. Bogata paleta specialnih je\u010dmenovih sladov in zimskih za\u010dimb odle\u017eita ve\u010d mesecev.<\/p>\n<p>Serija je omejena in ro\u010dno zavita v darilni papir, zato zelo primerna za obdaritev.<\/p>\n<p><strong>Winter 2024 bo na voljo od 1. decembra, na voljo pa je \u0161e par steklenic Winter 2023.<\/strong><\/p>\n<p>&nbsp;<\/p>\n","protected":false},"featured_media":16952,"template":"","meta":{"_uag_custom_page_level_css":"","_price":"7.50","_stock":"2","_tribe_ticket_header":"","_tribe_default_ticket_provider":"","_tribe_ticket_capacity":"18","_ticket_start_date":"","_ticket_end_date":"","_tribe_ticket_show_description":"","_tribe_ticket_show_not_going":false,"_tribe_ticket_use_global_stock":"","_tribe_ticket_global_stock_level":"","_global_stock_mode":"","_global_stock_cap":"","_tribe_rsvp_for_event":"","_tribe_ticket_going_count":"","_tribe_ticket_not_going_count":"","_tribe_tickets_list":"[]","_tribe_ticket_has_attendee_info_fields":false,"_tec_slr_enabled":"","_tec_slr_layout":""},"pwb-brand":[150],"product_brand":[],"product_cat":[159,317],"product_tag":[665],"class_list":{"0":"post-286","1":"product","2":"type-product","3":"status-publish","4":"has-post-thumbnail","6":"pwb-brand-pivovarna-pelicon","7":"product_cat-slovensko-buticno-pivo","8":"product_cat-omejene-serije","9":"product_tag-pelicon","10":"product_shipping_class-osnovna-stopnja-dostave","12":"first","13":"instock","14":"sale","15":"featured","16":"shipping-taxable","17":"purchasable","18":"product-type-variable"},"supplier_id":null,"supplier_sku":"","atum_controlled":true,"out_stock_date":null,"out_stock_threshold":null,"inheritable":true,"inbound_stock":0,"stock_on_hold":0,"sold_today":0,"sales_last_days":0,"reserved_stock":0,"customer_returns":0,"warehouse_damage":0,"lost_in_post":0,"other_logs":0,"out_stock_days":0,"lost_sales":0,"has_location":false,"update_date":"2026-05-13T00:03:24","atum_locations":[],"atum_stock_status":"instock","restock_status":false,"low_stock_amount":"","sales_update_date":"2026-05-13T00:03:24","calc_backorders":null,"uagb_featured_image_src":{"full":["https:\/\/i0.wp.com\/sprememba.si\/SiSQ-Spirits\/wp-content\/uploads\/2024\/11\/winter-glitter.png?fit=640%2C800&ssl=1",640,800,false],"thumbnail":["https:\/\/i0.wp.com\/sprememba.si\/SiSQ-Spirits\/wp-content\/uploads\/2024\/11\/winter-glitter.png?resize=150%2C150&ssl=1",150,150,true],"medium":["https:\/\/i0.wp.com\/sprememba.si\/SiSQ-Spirits\/wp-content\/uploads\/2024\/11\/winter-glitter.png?fit=240%2C300&ssl=1",240,300,true],"medium_large":["https:\/\/i0.wp.com\/sprememba.si\/SiSQ-Spirits\/wp-content\/uploads\/2024\/11\/winter-glitter.png?fit=640%2C800&ssl=1",640,800,true],"large":["https:\/\/i0.wp.com\/sprememba.si\/SiSQ-Spirits\/wp-content\/uploads\/2024\/11\/winter-glitter.png?fit=640%2C800&ssl=1",640,800,true],"1536x1536":["https:\/\/i0.wp.com\/sprememba.si\/SiSQ-Spirits\/wp-content\/uploads\/2024\/11\/winter-glitter.png?fit=640%2C800&ssl=1",640,800,true],"2048x2048":["https:\/\/i0.wp.com\/sprememba.si\/SiSQ-Spirits\/wp-content\/uploads\/2024\/11\/winter-glitter.png?fit=640%2C800&ssl=1",640,800,true],"woocommerce_thumbnail":["https:\/\/i0.wp.com\/sprememba.si\/SiSQ-Spirits\/wp-content\/uploads\/2024\/11\/winter-glitter.png?resize=324%2C324&ssl=1",324,324,true],"woocommerce_single":["https:\/\/i0.wp.com\/sprememba.si\/SiSQ-Spirits\/wp-content\/uploads\/2024\/11\/winter-glitter.png?fit=416%2C520&ssl=1",416,520,true],"woocommerce_gallery_thumbnail":["https:\/\/i0.wp.com\/sprememba.si\/SiSQ-Spirits\/wp-content\/uploads\/2024\/11\/winter-glitter.png?resize=100%2C100&ssl=1",100,100,true],"variation_swatches_image_size":["https:\/\/i0.wp.com\/sprememba.si\/SiSQ-Spirits\/wp-content\/uploads\/2024\/11\/winter-glitter.png?resize=50%2C50&ssl=1",50,50,true],"variation_swatches_tooltip_size":["https:\/\/i0.wp.com\/sprememba.si\/SiSQ-Spirits\/wp-content\/uploads\/2024\/11\/winter-glitter.png?resize=100%2C100&ssl=1",100,100,true]},"uagb_author_info":{"display_name":"SiSQSpirits","author_link":"https:\/\/sprememba.si\/SiSQ-Spirits\/author\/"},"uagb_comment_info":0,"uagb_excerpt":"Winter je prazni\u010dno temno pivo, ki ga varijo\u00a0enkrat letno. Bogata paleta specialnih je\u010dmenovih sladov in zimskih za\u010dimb odle\u017eita ve\u010d mesecev. Serija je omejena in ro\u010dno zavita v darilni papir, zato zelo primerna za obdaritev. Winter 2024 bo na voljo od 1. decembra, na voljo pa je \u0161e par steklenic Winter 2023. &nbsp;","jetpack_sharing_enabled":true,"jetpack_likes_enabled":true,"brands":[{"id":150,"name":"Pivovarna Pelicon","slug":"pivovarna-pelicon"}],"_links":{"self":[{"href":"https:\/\/sprememba.si\/SiSQ-Spirits\/wp-json\/wp\/v2\/product\/286","targetHints":{"allow":["GET"]}}],"collection":[{"href":"https:\/\/sprememba.si\/SiSQ-Spirits\/wp-json\/wp\/v2\/product"}],"about":[{"href":"https:\/\/sprememba.si\/SiSQ-Spirits\/wp-json\/wp\/v2\/types\/product"}],"wp:featuredmedia":[{"embeddable":true,"href":"https:\/\/sprememba.si\/SiSQ-Spirits\/wp-json\/wp\/v2\/media\/16952"}],"wp:attachment":[{"href":"https:\/\/sprememba.si\/SiSQ-Spirits\/wp-json\/wp\/v2\/media?parent=286"}],"wp:term":[{"taxonomy":"pwb-brand","embeddable":true,"href":"https:\/\/sprememba.si\/SiSQ-Spirits\/wp-json\/wp\/v2\/pwb-brand?post=286"},{"taxonomy":"product_brand","embeddable":true,"href":"https:\/\/sprememba.si\/SiSQ-Spirits\/wp-json\/wp\/v2\/product_brand?post=286"},{"taxonomy":"product_cat","embeddable":true,"href":"https:\/\/sprememba.si\/SiSQ-Spirits\/wp-json\/wp\/v2\/product_cat?post=286"},{"taxonomy":"product_tag","embeddable":true,"href":"https:\/\/sprememba.si\/SiSQ-Spirits\/wp-json\/wp\/v2\/product_tag?post=286"}],"curies":[{"name":"wp","href":"https:\/\/api.w.org\/{rel}","templated":true}]}}