{"id":313,"date":"2017-12-08T10:52:12","date_gmt":"2017-12-08T09:52:12","guid":{"rendered":"https:\/\/sprememba.si\/SiSQ-Spirits\/?post_type=product&#038;p=313"},"modified":"2021-10-04T21:46:27","modified_gmt":"2021-10-04T19:46:27","slug":"meum-chardonnay-reserve","status":"publish","type":"product","link":"https:\/\/sprememba.si\/SiSQ-Spirits\/trgovina\/meum-chardonnay-reserve\/","title":{"rendered":"Meum, Chardonnay Reserve 2013"},"content":{"rendered":"<p>Meum Chardonnay Reserve\u00a0 deluje srednje bogato, zrelo in zelo kompleksno. Spomni na dimljeno maslo, rumeno jabolko in zrele kutine. V ustih je suh, strukturen, so\u010den, mineralen in lepo zaokro\u017een. Pookus je dalj\u0161i in rahlo slan.<\/p>\n<p>Se dobro ujame s kesantami ali svinjsko potrebu\u0161evino.<\/p>\n<p>\u0160e bolj odli\u010den je Meum Chardonnay letnik 2016, ki se ga najde pod novo Meum znamko <a href=\"https:\/\/sprememba.si\/SiSQ-Spirits\/trgovina\/meum-chardonnay-prestige\/\" target=\"_blank\" rel=\"noopener noreferrer\">Prestige<\/a> in je bil \u0161ampion leta 2019 v Gornji Radgoni.<\/p>\n","protected":false},"excerpt":{"rendered":"<p>Zlatorumena barva takoj pove, da je vino bilo v stiku z lesom.<br \/>\nSpomni na dimljeno maslo, rumeno jabolko in zrele kutine. V ustih je suh, strukturen, so\u010den, mineralen in lepo zaokro\u017een.<\/p>\n","protected":false},"featured_media":311,"template":"","meta":{"_price":"15","_stock":"0","_tribe_ticket_header":"","_tribe_default_ticket_provider":"","_tribe_ticket_capacity":"0","_ticket_start_date":"","_ticket_end_date":"","_tribe_ticket_show_description":"","_tribe_ticket_show_not_going":false,"_tribe_ticket_use_global_stock":"","_tribe_ticket_global_stock_level":"","_global_stock_mode":"","_global_stock_cap":"","_tribe_rsvp_for_event":"","_tribe_ticket_going_count":"","_tribe_ticket_not_going_count":"","_tribe_tickets_list":"[]","_tribe_ticket_has_attendee_info_fields":false,"jetpack_post_was_ever_published":false,"_tec_slr_enabled":"","_tec_slr_layout":""},"pwb-brand":[140],"product_brand":[],"product_cat":[955,961],"product_tag":[276,1445],"class_list":{"0":"post-313","1":"product","2":"type-product","3":"status-publish","4":"has-post-thumbnail","6":"pwb-brand-meum","7":"product_cat-vino","8":"product_cat-belo-vino","9":"product_tag-chardonnay","10":"product_tag-reserve","12":"first","13":"outofstock","14":"shipping-taxable","15":"purchasable","16":"product-type-simple"},"supplier_id":null,"supplier_sku":"","atum_controlled":true,"out_stock_date":"2021-10-04 19:46:27","out_stock_threshold":null,"inheritable":false,"inbound_stock":null,"stock_on_hold":0,"sold_today":0,"sales_last_days":0,"reserved_stock":null,"customer_returns":null,"warehouse_damage":null,"lost_in_post":null,"other_logs":null,"out_stock_days":1654,"lost_sales":0,"has_location":null,"update_date":"2026-04-16T00:12:35","atum_locations":[],"atum_stock_status":"outofstock","restock_status":false,"low_stock_amount":"","sales_update_date":"2026-04-16T00:12:35","calc_backorders":null,"jetpack_sharing_enabled":true,"jetpack_likes_enabled":true,"brands":[{"id":140,"name":"Meum","slug":"meum"}],"_links":{"self":[{"href":"https:\/\/sprememba.si\/SiSQ-Spirits\/wp-json\/wp\/v2\/product\/313","targetHints":{"allow":["GET"]}}],"collection":[{"href":"https:\/\/sprememba.si\/SiSQ-Spirits\/wp-json\/wp\/v2\/product"}],"about":[{"href":"https:\/\/sprememba.si\/SiSQ-Spirits\/wp-json\/wp\/v2\/types\/product"}],"wp:featuredmedia":[{"embeddable":true,"href":"https:\/\/sprememba.si\/SiSQ-Spirits\/wp-json\/wp\/v2\/media\/311"}],"wp:attachment":[{"href":"https:\/\/sprememba.si\/SiSQ-Spirits\/wp-json\/wp\/v2\/media?parent=313"}],"wp:term":[{"taxonomy":"pwb-brand","embeddable":true,"href":"https:\/\/sprememba.si\/SiSQ-Spirits\/wp-json\/wp\/v2\/pwb-brand?post=313"},{"taxonomy":"product_brand","embeddable":true,"href":"https:\/\/sprememba.si\/SiSQ-Spirits\/wp-json\/wp\/v2\/product_brand?post=313"},{"taxonomy":"product_cat","embeddable":true,"href":"https:\/\/sprememba.si\/SiSQ-Spirits\/wp-json\/wp\/v2\/product_cat?post=313"},{"taxonomy":"product_tag","embeddable":true,"href":"https:\/\/sprememba.si\/SiSQ-Spirits\/wp-json\/wp\/v2\/product_tag?post=313"}],"curies":[{"name":"wp","href":"https:\/\/api.w.org\/{rel}","templated":true}]}}