{"id":318,"date":"2017-12-08T21:13:39","date_gmt":"2017-12-08T20:13:39","guid":{"rendered":"https:\/\/sprememba.si\/SiSQ-Spirits\/?post_type=product&#038;p=318"},"modified":"2025-04-02T17:57:49","modified_gmt":"2025-04-02T15:57:49","slug":"slavcek-viktorija-penina","status":"publish","type":"product","link":"https:\/\/sprememba.si\/SiSQ-Spirits\/trgovina\/slavcek-viktorija-penina\/","title":{"rendered":"Penina Viktorija Slav\u010dek Nature Brut"},"content":{"rendered":"<p>Penina Viktorija Slav\u010dek je pene\u010de vino z drugo fermentacijo v steklenici po tradicionalni metodi, pridelano z grozdjem rebula z dodatkom sve\u017eega la\u0161kega rizlinga.<\/p>\n<p>Mineralna, sadna in cvetna. Sve\u017ea in okusna. Penina Viktorija di\u0161i po kruhu, belem cvetju, limoni, olupljenih jabolkih. Prepoznaven zna\u010dilen Slav\u010dkov slog.<\/p>\n<p>6 ur maceracije, spontana fermentacija v inox posodah, druga fermentacija v steklenici in staranje 26-28 mesecev na kvasovkah.<\/p>\n<p>&nbsp;<\/p>\n<p>Za malce druga\u010den okus se lahko za spremembo doda par zrn <a href=\"https:\/\/sprememba.si\/SiSQ-Spirits\/trgovina\/kotanyi-spices-drinks-rdec-poper\/\" target=\"_blank\" rel=\"noopener noreferrer\">rde\u010dega popra<\/a> ali pa se uporabi <a href=\"https:\/\/sprememba.si\/SiSQ-Spirits\/trgovina\/breskov-sok-slavcek\/\" target=\"_blank\" rel=\"noopener noreferrer\">breskov sok<\/a> in naredi koktajl Bellini.<\/p>\n","protected":false},"excerpt":{"rendered":"<p>Bela suha penina. Ve\u010dkrat nagrajena penina narejena po stari metodi, Triple A<\/p>\n","protected":false},"featured_media":319,"template":"","meta":{"_price":"18","_stock":"4","_tribe_ticket_header":"","_tribe_default_ticket_provider":"","_tribe_ticket_capacity":"10","_ticket_start_date":"","_ticket_end_date":"","_tribe_ticket_show_description":"","_tribe_ticket_show_not_going":false,"_tribe_ticket_use_global_stock":"","_tribe_ticket_global_stock_level":"","_global_stock_mode":"","_global_stock_cap":"","_tribe_rsvp_for_event":"","_tribe_ticket_going_count":"","_tribe_ticket_not_going_count":"","_tribe_tickets_list":"[]","_tribe_ticket_has_attendee_info_fields":false,"jetpack_post_was_ever_published":false,"_tec_slr_enabled":"","_tec_slr_layout":""},"pwb-brand":[280],"product_brand":[],"product_cat":[955,1295],"product_tag":[282,284],"class_list":{"0":"post-318","1":"product","2":"type-product","3":"status-publish","4":"has-post-thumbnail","6":"pwb-brand-kmetija-slavcek","7":"product_cat-vino","8":"product_cat-penina","9":"product_tag-rebula","10":"product_tag-slavcek","12":"first","13":"instock","14":"featured","15":"shipping-taxable","16":"purchasable","17":"product-type-simple"},"supplier_id":null,"supplier_sku":"","atum_controlled":true,"out_stock_date":null,"out_stock_threshold":null,"inheritable":false,"inbound_stock":null,"stock_on_hold":0,"sold_today":0,"sales_last_days":0,"reserved_stock":null,"customer_returns":null,"warehouse_damage":null,"lost_in_post":null,"other_logs":null,"out_stock_days":0,"lost_sales":0,"has_location":null,"update_date":"2026-04-16T00:12:35","atum_locations":[],"atum_stock_status":"instock","restock_status":false,"low_stock_amount":1,"sales_update_date":"2026-04-16T00:12:35","calc_backorders":0,"jetpack_sharing_enabled":true,"jetpack_likes_enabled":true,"brands":[{"id":280,"name":"Kmetija Slav\u010dek","slug":"kmetija-slavcek"}],"_links":{"self":[{"href":"https:\/\/sprememba.si\/SiSQ-Spirits\/wp-json\/wp\/v2\/product\/318","targetHints":{"allow":["GET"]}}],"collection":[{"href":"https:\/\/sprememba.si\/SiSQ-Spirits\/wp-json\/wp\/v2\/product"}],"about":[{"href":"https:\/\/sprememba.si\/SiSQ-Spirits\/wp-json\/wp\/v2\/types\/product"}],"wp:featuredmedia":[{"embeddable":true,"href":"https:\/\/sprememba.si\/SiSQ-Spirits\/wp-json\/wp\/v2\/media\/319"}],"wp:attachment":[{"href":"https:\/\/sprememba.si\/SiSQ-Spirits\/wp-json\/wp\/v2\/media?parent=318"}],"wp:term":[{"taxonomy":"pwb-brand","embeddable":true,"href":"https:\/\/sprememba.si\/SiSQ-Spirits\/wp-json\/wp\/v2\/pwb-brand?post=318"},{"taxonomy":"product_brand","embeddable":true,"href":"https:\/\/sprememba.si\/SiSQ-Spirits\/wp-json\/wp\/v2\/product_brand?post=318"},{"taxonomy":"product_cat","embeddable":true,"href":"https:\/\/sprememba.si\/SiSQ-Spirits\/wp-json\/wp\/v2\/product_cat?post=318"},{"taxonomy":"product_tag","embeddable":true,"href":"https:\/\/sprememba.si\/SiSQ-Spirits\/wp-json\/wp\/v2\/product_tag?post=318"}],"curies":[{"name":"wp","href":"https:\/\/api.w.org\/{rel}","templated":true}]}}