{"id":332,"date":"2018-01-07T17:45:05","date_gmt":"2018-01-07T16:45:05","guid":{"rendered":"https:\/\/sprememba.si\/SiSQ-Spirits\/?post_type=product&#038;p=332"},"modified":"2020-07-17T22:21:09","modified_gmt":"2020-07-17T20:21:09","slug":"zorz-zelen","status":"publish","type":"product","link":"https:\/\/sprememba.si\/SiSQ-Spirits\/trgovina\/zorz-zelen\/","title":{"rendered":"\u017dor\u017e, Zelen"},"content":{"rendered":"<p>\u017dor\u017e Zelen je okus je lepo z ravno prav sve\u017eine, spominja nas na suho belo cvetje, rahlo zelenkaste barve; od tod tudi ime..<br \/>\nZelen je avtohtona vinska trta v Vipavski dolini.<\/p>\n<p>Kmetija je od leta 2015 ekolo\u0161ka kmetija.<\/p>\n","protected":false},"excerpt":{"rendered":"<p>Glavni vinar Jernej \u017dor\u017e je s tem vinom postal Lidlov mladi vinar leta 2017.<\/p>\n<p>Izrazito mehko zelene barve z malce rumenimi odtenki. Aroma mediteranskih zeli\u0161\u010d kot so ro\u017emarin, lovor in sivka s pridihom sadnosti breskve.\u00a0 Vino je harmoni\u010dno, srednje polnega okusa z ravno prav sve\u017eine in mehkobe.<\/p>\n","protected":false},"featured_media":333,"template":"","meta":{"_price":"8.70","_stock":null,"_tribe_ticket_header":"","_tribe_default_ticket_provider":"","_tribe_ticket_capacity":"0","_ticket_start_date":"","_ticket_end_date":"","_tribe_ticket_show_description":"","_tribe_ticket_show_not_going":false,"_tribe_ticket_use_global_stock":"","_tribe_ticket_global_stock_level":"","_global_stock_mode":"","_global_stock_cap":"","_tribe_rsvp_for_event":"","_tribe_ticket_going_count":"","_tribe_ticket_not_going_count":"","_tribe_tickets_list":"[]","_tribe_ticket_has_attendee_info_fields":false,"jetpack_post_was_ever_published":false,"_tec_slr_enabled":"","_tec_slr_layout":""},"pwb-brand":[297],"product_brand":[],"product_cat":[961],"product_tag":[1397],"class_list":{"0":"post-332","1":"product","2":"type-product","3":"status-publish","4":"has-post-thumbnail","6":"pwb-brand-vino-zorz-1696","7":"product_cat-belo-vino","8":"product_tag-zelen","10":"first","11":"onbackorder","12":"shipping-taxable","13":"purchasable","14":"product-type-simple"},"supplier_id":null,"supplier_sku":"","atum_controlled":true,"out_stock_date":null,"out_stock_threshold":null,"inheritable":false,"inbound_stock":0,"stock_on_hold":0,"sold_today":0,"sales_last_days":0,"reserved_stock":0,"customer_returns":0,"warehouse_damage":0,"lost_in_post":0,"other_logs":0,"out_stock_days":0,"lost_sales":0,"has_location":false,"update_date":"2026-05-05T01:53:45","atum_locations":[],"atum_stock_status":"onbackorder","restock_status":false,"low_stock_amount":"","sales_update_date":"2026-05-05T01:53:45","calc_backorders":null,"jetpack_sharing_enabled":true,"jetpack_likes_enabled":true,"brands":[{"id":297,"name":"Vino \u017dor\u017e 1696","slug":"vino-zorz-1696"}],"_links":{"self":[{"href":"https:\/\/sprememba.si\/SiSQ-Spirits\/wp-json\/wp\/v2\/product\/332","targetHints":{"allow":["GET"]}}],"collection":[{"href":"https:\/\/sprememba.si\/SiSQ-Spirits\/wp-json\/wp\/v2\/product"}],"about":[{"href":"https:\/\/sprememba.si\/SiSQ-Spirits\/wp-json\/wp\/v2\/types\/product"}],"wp:featuredmedia":[{"embeddable":true,"href":"https:\/\/sprememba.si\/SiSQ-Spirits\/wp-json\/wp\/v2\/media\/333"}],"wp:attachment":[{"href":"https:\/\/sprememba.si\/SiSQ-Spirits\/wp-json\/wp\/v2\/media?parent=332"}],"wp:term":[{"taxonomy":"pwb-brand","embeddable":true,"href":"https:\/\/sprememba.si\/SiSQ-Spirits\/wp-json\/wp\/v2\/pwb-brand?post=332"},{"taxonomy":"product_brand","embeddable":true,"href":"https:\/\/sprememba.si\/SiSQ-Spirits\/wp-json\/wp\/v2\/product_brand?post=332"},{"taxonomy":"product_cat","embeddable":true,"href":"https:\/\/sprememba.si\/SiSQ-Spirits\/wp-json\/wp\/v2\/product_cat?post=332"},{"taxonomy":"product_tag","embeddable":true,"href":"https:\/\/sprememba.si\/SiSQ-Spirits\/wp-json\/wp\/v2\/product_tag?post=332"}],"curies":[{"name":"wp","href":"https:\/\/api.w.org\/{rel}","templated":true}]}}