{"id":4269,"date":"2019-07-31T16:01:33","date_gmt":"2019-07-31T14:01:33","guid":{"rendered":"https:\/\/sprememba.si\/SiSQ-Spirits\/?post_type=product&#038;p=4269"},"modified":"2026-04-23T02:33:42","modified_gmt":"2026-04-23T00:33:42","slug":"gin-brin-virgin-zero","status":"publish","type":"product","link":"https:\/\/sprememba.si\/SiSQ-Spirits\/trgovina\/gin-brin-virgin-zero\/","title":{"rendered":"Gin Brin Virgin Zero"},"content":{"rendered":"<p>Gin Brin virgin Zero je brezalkoholni gin, ki navdu\u0161uje s svojimi izvrstnimi lastnostmi. Vsebuje citruse &#8211; limone in pomaran\u010de ter od orientalskih za\u010dimb kardamom.<\/p>\n<p>S 0 % alkohola je odli\u010dna izbira za vse tiste, ki \u017eelijo u\u017eivati v okusu gina, ne da bi se pregre\u0161ili z alkoholom. Ta edinstven izdelek je zasnovan z namenom, da vam omogo\u010di u\u017eivanje v priljubljenem gin toniku, ne da bi vam bilo treba sklepati kompromise.<\/p>\n<p>Gin Brin virgin Zero je popolna izbira za vse navdu\u0161ence nad ginom, ki si \u017eelijo brezskrbno u\u017eivati v osve\u017eilni pija\u010di. Prepustite se edinstvenemu okusu gin brin virgin zero in u\u017eivajte v brezalkoholni alternativi, ki vas ne bo razo\u010darala.<\/p>\n<p>Najbolj prodajana pija\u010da v na\u0161i enoteki!<\/p>\n","protected":false},"excerpt":{"rendered":"<p>Eden prvih slovenskih brezalkoholnih ginov &#8211; 0 % alkohola. Priljubljeno!<\/p>\n<p>Odli\u010den skupaj s tonikom.<\/p>\n<p>&nbsp;<\/p>\n","protected":false},"featured_media":5551,"template":"","meta":{"_price":"14.50","_stock":"","_tribe_ticket_header":"","_tribe_default_ticket_provider":"","_tribe_ticket_capacity":"208","_ticket_start_date":"","_ticket_end_date":"","_tribe_ticket_show_description":"","_tribe_ticket_show_not_going":false,"_tribe_ticket_use_global_stock":"","_tribe_ticket_global_stock_level":"","_global_stock_mode":"","_global_stock_cap":"","_tribe_rsvp_for_event":"","_tribe_ticket_going_count":"","_tribe_ticket_not_going_count":"","_tribe_tickets_list":"[]","_tribe_ticket_has_attendee_info_fields":false,"jetpack_post_was_ever_published":true,"_tec_slr_enabled":"","_tec_slr_layout":""},"pwb-brand":[840],"product_brand":[],"product_cat":[2308,2002],"product_tag":[1689,554],"class_list":{"0":"post-4269","1":"product","2":"type-product","3":"status-publish","4":"has-post-thumbnail","6":"pwb-brand-destilarna-gin-brin","7":"product_cat-brezalkoholni-gin","8":"product_cat-brezalkoholna-pijaca","9":"product_tag-brezalkoholni-gin","10":"product_tag-slovenski-gin-craft","12":"first","13":"outofstock","14":"sale","15":"featured","16":"shipping-taxable","17":"purchasable","18":"product-type-simple"},"supplier_id":15290,"supplier_sku":"","atum_controlled":true,"out_stock_date":null,"out_stock_threshold":6,"inheritable":false,"inbound_stock":0,"stock_on_hold":14,"sold_today":0,"sales_last_days":0,"reserved_stock":0,"customer_returns":0,"warehouse_damage":0,"lost_in_post":0,"other_logs":0,"out_stock_days":0,"lost_sales":0,"has_location":false,"update_date":"2026-04-23T00:33:42","atum_locations":[],"atum_stock_status":"outofstock","restock_status":false,"low_stock_amount":"","sales_update_date":"2026-04-23T00:33:42","calc_backorders":null,"jetpack_sharing_enabled":true,"jetpack_likes_enabled":true,"brands":[{"id":840,"name":"Destilarna Gin Brin","slug":"destilarna-gin-brin"}],"_links":{"self":[{"href":"https:\/\/sprememba.si\/SiSQ-Spirits\/wp-json\/wp\/v2\/product\/4269","targetHints":{"allow":["GET"]}}],"collection":[{"href":"https:\/\/sprememba.si\/SiSQ-Spirits\/wp-json\/wp\/v2\/product"}],"about":[{"href":"https:\/\/sprememba.si\/SiSQ-Spirits\/wp-json\/wp\/v2\/types\/product"}],"wp:featuredmedia":[{"embeddable":true,"href":"https:\/\/sprememba.si\/SiSQ-Spirits\/wp-json\/wp\/v2\/media\/5551"}],"wp:attachment":[{"href":"https:\/\/sprememba.si\/SiSQ-Spirits\/wp-json\/wp\/v2\/media?parent=4269"}],"wp:term":[{"taxonomy":"pwb-brand","embeddable":true,"href":"https:\/\/sprememba.si\/SiSQ-Spirits\/wp-json\/wp\/v2\/pwb-brand?post=4269"},{"taxonomy":"product_brand","embeddable":true,"href":"https:\/\/sprememba.si\/SiSQ-Spirits\/wp-json\/wp\/v2\/product_brand?post=4269"},{"taxonomy":"product_cat","embeddable":true,"href":"https:\/\/sprememba.si\/SiSQ-Spirits\/wp-json\/wp\/v2\/product_cat?post=4269"},{"taxonomy":"product_tag","embeddable":true,"href":"https:\/\/sprememba.si\/SiSQ-Spirits\/wp-json\/wp\/v2\/product_tag?post=4269"}],"curies":[{"name":"wp","href":"https:\/\/api.w.org\/{rel}","templated":true}]}}