{"id":504,"date":"2018-05-14T22:15:15","date_gmt":"2018-05-14T20:15:15","guid":{"rendered":"https:\/\/sprememba.si\/SiSQ-Spirits\/?post_type=product&#038;p=504"},"modified":"2026-04-16T02:12:35","modified_gmt":"2026-04-16T00:12:35","slug":"gold-999-9-gin","status":"publish","type":"product","link":"https:\/\/sprememba.si\/SiSQ-Spirits\/trgovina\/gold-999-9-gin\/","title":{"rendered":"Gold 999.9 gin"},"content":{"rendered":"<div class=\"result-shield-container tlid-copy-target\" tabindex=\"0\"><span class=\"tlid-translation translation\" lang=\"sl\" tabindex=\"-1\"><span title=\"\">Gold 999.9 gin je poklon dinu, ustvarjenemu v za\u010detku 20. stoletja, ko so ga kuhali v zlati posodi!<\/span> <span title=\"\">Ta francoski gin je narejen v Alzaciji z lokalnim izborom rastlinskih izdelkov. <\/span>\u00a0<span title=\"\">Na voljo je v zelo sijo\u010di steklenici.<\/span><\/span><\/div>\n<div tabindex=\"0\">Zgodba tega gina se za\u010dne v za\u010detku 20.s toletja, ko so v regiji Alzacija izkopali zlati kotel. Ko je bil ta kotel dan v prodajo, ga je kupil amaterski destiler in v njem naredil edinstven gin, zato ga je poimenoval Gold 999,9.<\/div>\n<div tabindex=\"0\"><\/div>\n<div tabindex=\"0\">Je kompleksen gin v katerem so brinove jagode, citrusi ( alza\u0161ka mandarine), sve\u017ei cvetovi ( vijolice, encijan, mak), pikantne za\u010dimbe ( ingver, koriander) in balzami\u010dna aroma ( mandelj, vanilija), ki se zlijejo s korenino angelike za ravnote\u017eje.<\/div>\n<p>Sestavine v ginu Gold: brinove jagode, mandlji, vanilija, lubje cassia, vijolice, mak, mandarine, koriander, korenina angelike.<\/p>\n<p>&nbsp;<\/p>\n<p>Nagrada TBS Silver &#8211; Super Premium &#8211; 2016<\/p>\n<p><img data-recalc-dims=\"1\" loading=\"lazy\" decoding=\"async\" data-attachment-id=\"1130\" data-permalink=\"https:\/\/sprememba.si\/SiSQ-Spirits\/?attachment_id=1130\" data-orig-file=\"https:\/\/i0.wp.com\/sprememba.si\/SiSQ-Spirits\/wp-content\/uploads\/2018\/05\/The-Spirits-Business-Silver-Medal.png?fit=224%2C224&amp;ssl=1\" data-orig-size=\"224,224\" data-comments-opened=\"0\" data-image-meta=\"{&quot;aperture&quot;:&quot;0&quot;,&quot;credit&quot;:&quot;&quot;,&quot;camera&quot;:&quot;&quot;,&quot;caption&quot;:&quot;&quot;,&quot;created_timestamp&quot;:&quot;0&quot;,&quot;copyright&quot;:&quot;&quot;,&quot;focal_length&quot;:&quot;0&quot;,&quot;iso&quot;:&quot;0&quot;,&quot;shutter_speed&quot;:&quot;0&quot;,&quot;title&quot;:&quot;&quot;,&quot;orientation&quot;:&quot;0&quot;}\" data-image-title=\"The-Spirits-Business-Silver-Medal\" data-image-description=\"\" data-image-caption=\"\" data-large-file=\"https:\/\/i0.wp.com\/sprememba.si\/SiSQ-Spirits\/wp-content\/uploads\/2018\/05\/The-Spirits-Business-Silver-Medal.png?fit=224%2C224&amp;ssl=1\" class=\" wp-image-1130 alignleft\" src=\"https:\/\/i0.wp.com\/sprememba.si\/SiSQ-Spirits\/wp-content\/uploads\/2018\/05\/The-Spirits-Business-Silver-Medal.png?resize=98%2C98&#038;ssl=1\" alt=\"\" width=\"98\" height=\"98\" title=\"\" srcset=\"https:\/\/i0.wp.com\/sprememba.si\/SiSQ-Spirits\/wp-content\/uploads\/2018\/05\/The-Spirits-Business-Silver-Medal.png?w=224&amp;ssl=1 224w, https:\/\/i0.wp.com\/sprememba.si\/SiSQ-Spirits\/wp-content\/uploads\/2018\/05\/The-Spirits-Business-Silver-Medal.png?resize=150%2C150&amp;ssl=1 150w, https:\/\/i0.wp.com\/sprememba.si\/SiSQ-Spirits\/wp-content\/uploads\/2018\/05\/The-Spirits-Business-Silver-Medal.png?resize=100%2C100&amp;ssl=1 100w\" sizes=\"auto, (max-width: 98px) 100vw, 98px\" \/><\/p>\n","protected":false},"excerpt":{"rendered":"<p>Prepustite se \u010darom Gold 999,9 gina &#8211; edinstvenega francoskega gina destiliranega v zlatem kotlu. U\u017eivajte v razko\u0161ju okusa gold gin-a.<br \/>\nIzjemni okusi in vonji francoskih citrusov iz Alzacije, gin, ki je bil nekdaj kuhan v zlatem kotlu. Predstavljen v prelepi zlati steklenici je idealen dodatek za va\u0161o zbirko ginov.<\/p>\n","protected":false},"featured_media":16163,"template":"","meta":{"_price":"34","_stock":"0","_tribe_ticket_header":"","_tribe_default_ticket_provider":"","_tribe_ticket_capacity":"15","_ticket_start_date":"","_ticket_end_date":"","_tribe_ticket_show_description":"","_tribe_ticket_show_not_going":false,"_tribe_ticket_use_global_stock":"","_tribe_ticket_global_stock_level":"","_global_stock_mode":"","_global_stock_cap":"","_tribe_rsvp_for_event":"","_tribe_ticket_going_count":"","_tribe_ticket_not_going_count":"","_tribe_tickets_list":"[]","_tribe_ticket_has_attendee_info_fields":false,"jetpack_post_was_ever_published":false,"_tec_slr_enabled":"","_tec_slr_layout":""},"pwb-brand":[424],"product_brand":[],"product_cat":[1620,865,2466,1216],"product_tag":[600],"class_list":{"0":"post-504","1":"product","2":"type-product","3":"status-publish","4":"has-post-thumbnail","6":"pwb-brand-destilarna-gold-999-9","7":"product_cat-destilati","8":"product_cat-gin","9":"product_cat-izpostavljeno","10":"product_cat-tuj-gin","11":"product_tag-gin","13":"first","14":"outofstock","15":"shipping-taxable","16":"purchasable","17":"product-type-simple"},"supplier_id":16157,"supplier_sku":"","atum_controlled":true,"out_stock_date":"2025-10-09 21:16:56","out_stock_threshold":1,"inheritable":false,"inbound_stock":0,"stock_on_hold":0,"sold_today":0,"sales_last_days":0,"reserved_stock":null,"customer_returns":null,"warehouse_damage":null,"lost_in_post":null,"other_logs":null,"out_stock_days":188,"lost_sales":1826,"has_location":false,"update_date":"2026-04-16T00:12:35","atum_locations":[],"atum_stock_status":"outofstock","restock_status":false,"low_stock_amount":"","sales_update_date":"2026-04-16T00:12:35","calc_backorders":null,"jetpack_sharing_enabled":true,"jetpack_likes_enabled":true,"brands":[{"id":424,"name":"Destilarna Gold 999.9","slug":"destilarna-gold-999-9"}],"_links":{"self":[{"href":"https:\/\/sprememba.si\/SiSQ-Spirits\/wp-json\/wp\/v2\/product\/504","targetHints":{"allow":["GET"]}}],"collection":[{"href":"https:\/\/sprememba.si\/SiSQ-Spirits\/wp-json\/wp\/v2\/product"}],"about":[{"href":"https:\/\/sprememba.si\/SiSQ-Spirits\/wp-json\/wp\/v2\/types\/product"}],"wp:featuredmedia":[{"embeddable":true,"href":"https:\/\/sprememba.si\/SiSQ-Spirits\/wp-json\/wp\/v2\/media\/16163"}],"wp:attachment":[{"href":"https:\/\/sprememba.si\/SiSQ-Spirits\/wp-json\/wp\/v2\/media?parent=504"}],"wp:term":[{"taxonomy":"pwb-brand","embeddable":true,"href":"https:\/\/sprememba.si\/SiSQ-Spirits\/wp-json\/wp\/v2\/pwb-brand?post=504"},{"taxonomy":"product_brand","embeddable":true,"href":"https:\/\/sprememba.si\/SiSQ-Spirits\/wp-json\/wp\/v2\/product_brand?post=504"},{"taxonomy":"product_cat","embeddable":true,"href":"https:\/\/sprememba.si\/SiSQ-Spirits\/wp-json\/wp\/v2\/product_cat?post=504"},{"taxonomy":"product_tag","embeddable":true,"href":"https:\/\/sprememba.si\/SiSQ-Spirits\/wp-json\/wp\/v2\/product_tag?post=504"}],"curies":[{"name":"wp","href":"https:\/\/api.w.org\/{rel}","templated":true}]}}