{"id":652,"date":"2018-06-26T07:54:54","date_gmt":"2018-06-26T05:54:54","guid":{"rendered":"https:\/\/sprememba.si\/SiSQ-Spirits\/?post_type=product&#038;p=652"},"modified":"2025-04-02T17:50:21","modified_gmt":"2025-04-02T15:50:21","slug":"gin-monologue-fructral","status":"publish","type":"product","link":"https:\/\/sprememba.si\/SiSQ-Spirits\/trgovina\/gin-monologue-fructral\/","title":{"rendered":"Monologue gin Fructal"},"content":{"rendered":"<p><strong>Monologue gin Fructal je slovenski gin,<\/strong> ki povezuje v enotno zgodo zanimivosti slovenske pokrajine, ki se razprostira med Alpami in Jadranskim morjem.<br \/>\nAromati\u010dni destilati iz brinovih jaod in angelike, melise, citronke, enciana, ro\u017emarina, sivke in listov oljke pripovedujejo zgodbe in dopolnjujejo drug drugega, medtem ko tekmujejo za va\u0161o pozornost.<\/p>\n<p>Kuharski mojster Toma\u017e Kav\u010di\u010d Gostilna pri Lojzetu Dvorec Zemono je po treh letih razvijanja trgu predstavil svoj gin v sodelovanju s Fructal-om..<\/p>\n<p>Gin Monologue je narejen po tradicionalnih postopkih. Proizveden je iz \u017eit vi\u0161je kakovosti in iz destilatov naravnih izvle\u010dkov brinovih jagod in izbranih zeli\u0161\u010d.<br \/>\nPostopek se zan\u010dne z maceriracijo brinjevih jagod in me\u0161anice zeli\u0161\u010d, ti se nato v klasi\u010dnih kotlih destilirajo. Tako nastane gin, ki ga odlikuje izredno dobra aroma izbranih mediteranskih zeli\u0161\u010d, ki skupno z brinjem tvorijo harmoni\u010den okus.<\/p>\n<p>Bistvo proizvoda je, da zaobjame zgodbo in ritem na\u0161ih krajev od Alp do Jadrana. Za vse ljubitelje Mediterana!<\/p>\n<p>&nbsp;<\/p>\n<p>Leta 2018 je dobil slovenski gin Monologue dvojno zlato medaljo na tekmovanju Great American International Spirits Competition.<\/p>\n<p><img data-recalc-dims=\"1\" loading=\"lazy\" decoding=\"async\" data-attachment-id=\"1081\" data-permalink=\"https:\/\/sprememba.si\/SiSQ-Spirits\/?attachment_id=1081\" data-orig-file=\"https:\/\/i0.wp.com\/sprememba.si\/SiSQ-Spirits\/wp-content\/uploads\/2018\/06\/gin-monologue-medalja.png?fit=940%2C894&amp;ssl=1\" data-orig-size=\"940,894\" data-comments-opened=\"0\" data-image-meta=\"{&quot;aperture&quot;:&quot;0&quot;,&quot;credit&quot;:&quot;&quot;,&quot;camera&quot;:&quot;&quot;,&quot;caption&quot;:&quot;&quot;,&quot;created_timestamp&quot;:&quot;0&quot;,&quot;copyright&quot;:&quot;&quot;,&quot;focal_length&quot;:&quot;0&quot;,&quot;iso&quot;:&quot;0&quot;,&quot;shutter_speed&quot;:&quot;0&quot;,&quot;title&quot;:&quot;&quot;,&quot;orientation&quot;:&quot;0&quot;}\" data-image-title=\"gin-monologue-medalja\" data-image-description=\"\" data-image-caption=\"\" data-large-file=\"https:\/\/i0.wp.com\/sprememba.si\/SiSQ-Spirits\/wp-content\/uploads\/2018\/06\/gin-monologue-medalja.png?fit=940%2C894&amp;ssl=1\" class=\"wp-image-1081 alignleft\" src=\"https:\/\/i0.wp.com\/sprememba.si\/SiSQ-Spirits\/wp-content\/uploads\/2018\/06\/gin-monologue-medalja.png?resize=143%2C136&#038;ssl=1\" alt=\"\" width=\"143\" height=\"136\" title=\"\" srcset=\"https:\/\/i0.wp.com\/sprememba.si\/SiSQ-Spirits\/wp-content\/uploads\/2018\/06\/gin-monologue-medalja.png?resize=300%2C285&amp;ssl=1 300w, https:\/\/i0.wp.com\/sprememba.si\/SiSQ-Spirits\/wp-content\/uploads\/2018\/06\/gin-monologue-medalja.png?resize=768%2C730&amp;ssl=1 768w, https:\/\/i0.wp.com\/sprememba.si\/SiSQ-Spirits\/wp-content\/uploads\/2018\/06\/gin-monologue-medalja.png?resize=600%2C571&amp;ssl=1 600w, https:\/\/i0.wp.com\/sprememba.si\/SiSQ-Spirits\/wp-content\/uploads\/2018\/06\/gin-monologue-medalja.png?w=940&amp;ssl=1 940w\" sizes=\"auto, (max-width: 143px) 100vw, 143px\" \/><\/p>\n","protected":false},"excerpt":{"rendered":"<p>Monologue gin Fructal je slovenski gin, ki povezuje v enotno zgodo zanimivosti slovenske pokrajine, ki se razprostira med Alpami in Jadranskim morjem. Aromati\u010dni destilati iz brinovih jaod in angelike, melise, [&hellip;]<\/p>\n","protected":false},"featured_media":654,"template":"","meta":{"_price":"29.90","_stock":"2","_tribe_ticket_header":"","_tribe_default_ticket_provider":"","_tribe_ticket_capacity":"18","_ticket_start_date":"","_ticket_end_date":"","_tribe_ticket_show_description":"","_tribe_ticket_show_not_going":false,"_tribe_ticket_use_global_stock":"","_tribe_ticket_global_stock_level":"","_global_stock_mode":"","_global_stock_cap":"","_tribe_rsvp_for_event":"","_tribe_ticket_going_count":"","_tribe_ticket_not_going_count":"","_tribe_tickets_list":"[]","_tribe_ticket_has_attendee_info_fields":false,"jetpack_post_was_ever_published":false,"_tec_slr_enabled":"","_tec_slr_layout":""},"pwb-brand":[],"product_brand":[],"product_cat":[865,1620,1239],"product_tag":[600,1829,554],"class_list":{"0":"post-652","1":"product","2":"type-product","3":"status-publish","4":"has-post-thumbnail","6":"product_cat-gin","7":"product_cat-destilati","8":"product_cat-slovenski-gin","9":"product_tag-gin","10":"product_tag-monologue-gin","11":"product_tag-slovenski-gin-craft","13":"first","14":"instock","15":"shipping-taxable","16":"purchasable","17":"product-type-simple"},"supplier_id":null,"supplier_sku":"","atum_controlled":true,"out_stock_date":null,"out_stock_threshold":null,"inheritable":false,"inbound_stock":0,"stock_on_hold":0,"sold_today":0,"sales_last_days":0,"reserved_stock":0,"customer_returns":0,"warehouse_damage":0,"lost_in_post":0,"other_logs":0,"out_stock_days":0,"lost_sales":0,"has_location":false,"update_date":"2026-04-16T00:12:38","atum_locations":[],"atum_stock_status":"instock","restock_status":false,"low_stock_amount":3,"sales_update_date":"2026-04-16T00:12:38","calc_backorders":0,"jetpack_sharing_enabled":true,"jetpack_likes_enabled":true,"brands":[],"_links":{"self":[{"href":"https:\/\/sprememba.si\/SiSQ-Spirits\/wp-json\/wp\/v2\/product\/652","targetHints":{"allow":["GET"]}}],"collection":[{"href":"https:\/\/sprememba.si\/SiSQ-Spirits\/wp-json\/wp\/v2\/product"}],"about":[{"href":"https:\/\/sprememba.si\/SiSQ-Spirits\/wp-json\/wp\/v2\/types\/product"}],"wp:featuredmedia":[{"embeddable":true,"href":"https:\/\/sprememba.si\/SiSQ-Spirits\/wp-json\/wp\/v2\/media\/654"}],"wp:attachment":[{"href":"https:\/\/sprememba.si\/SiSQ-Spirits\/wp-json\/wp\/v2\/media?parent=652"}],"wp:term":[{"taxonomy":"pwb-brand","embeddable":true,"href":"https:\/\/sprememba.si\/SiSQ-Spirits\/wp-json\/wp\/v2\/pwb-brand?post=652"},{"taxonomy":"product_brand","embeddable":true,"href":"https:\/\/sprememba.si\/SiSQ-Spirits\/wp-json\/wp\/v2\/product_brand?post=652"},{"taxonomy":"product_cat","embeddable":true,"href":"https:\/\/sprememba.si\/SiSQ-Spirits\/wp-json\/wp\/v2\/product_cat?post=652"},{"taxonomy":"product_tag","embeddable":true,"href":"https:\/\/sprememba.si\/SiSQ-Spirits\/wp-json\/wp\/v2\/product_tag?post=652"}],"curies":[{"name":"wp","href":"https:\/\/api.w.org\/{rel}","templated":true}]}}