{"id":664,"date":"2018-07-02T10:47:09","date_gmt":"2018-07-02T08:47:09","guid":{"rendered":"https:\/\/sprememba.si\/SiSQ-Spirits\/?post_type=product&#038;p=664"},"modified":"2025-04-02T17:50:21","modified_gmt":"2025-04-02T15:50:21","slug":"fructal-gin-monologue-2","status":"publish","type":"product","link":"https:\/\/sprememba.si\/SiSQ-Spirits\/en\/trgovina\/fructal-gin-monologue-2\/","title":{"rendered":"Fructal Gin Monologue"},"content":{"rendered":"<p>Gin Monologue Fructal links a unique history of the slovenian&#8217;s landscape attractions, which is spread between the Alps and the Adriatic Sea.<br \/>\nAromatic distillates from juniper and angelic, melis, citronka, enzian, rosemary, lavender and olive leaves tell stories and complement each other while competing for your attention.<\/p>\n<p>Chef Toma\u017e Kav\u010di\u010d Restaurant at Lojze Zemono mansion ( Vipava valley) presented his gin after three years of developing .<\/p>\n<p>Gin Monologue is made according to traditional procedures. It&#8217;s made from cereals of higher quality and from distillates of natural extracts of juniper berries and selected herbs.<br \/>\nThe process coincides with the maceration of juniper berries and mixtures of herbs, which are then distilled in classical boilers. This is how a gin is created, which is characterized by an extremely good aroma of selected Mediterranean herbs, which together with the brine form a harmonious taste.<\/p>\n<p>The essence of the product is to envelop the story and rhythm of our places from the Alps to the Adriatic.<\/p>\n<p>In year 2018 gin Monologue won duble gold medal at Great American International Spirits Competition.<\/p>\n<p>&nbsp;<\/p>\n","protected":false},"excerpt":{"rendered":"<p>Gin Monologue Fructal links a unique history of the slovenian&#8217;s landscape attractions, which is spread between the Alps and the Adriatic Sea. Aromatic distillates from juniper and angelic, melis, citronka, [&hellip;]<\/p>\n","protected":false},"featured_media":654,"template":"","meta":{"_price":"29.90","_stock":"3.000000","_tribe_ticket_header":"","_tribe_default_ticket_provider":"","_tribe_ticket_capacity":"17","_ticket_start_date":"","_ticket_end_date":"","_tribe_ticket_show_description":"","_tribe_ticket_show_not_going":false,"_tribe_ticket_use_global_stock":"","_tribe_ticket_global_stock_level":"","_global_stock_mode":"","_global_stock_cap":"","_tribe_rsvp_for_event":"","_tribe_ticket_going_count":"","_tribe_ticket_not_going_count":"","_tribe_tickets_list":"[]","_tribe_ticket_has_attendee_info_fields":false,"jetpack_post_was_ever_published":false,"_tec_slr_enabled":"","_tec_slr_layout":""},"pwb-brand":[464],"product_brand":[],"product_cat":[855,1241,1300],"product_tag":[1831,1834,1116],"class_list":{"0":"post-664","1":"product","2":"type-product","3":"status-publish","4":"has-post-thumbnail","6":"pwb-brand-fructal-en","7":"product_cat-gin-en","8":"product_cat-slovenian-gin","9":"product_cat-spirits","10":"product_tag-gin-en","11":"product_tag-monologue-gin-en","12":"product_tag-slovenski-gin-craft-en","14":"first","15":"instock","16":"shipping-taxable","17":"purchasable","18":"product-type-simple"},"supplier_id":null,"supplier_sku":"","atum_controlled":true,"out_stock_date":null,"out_stock_threshold":null,"inheritable":false,"inbound_stock":null,"stock_on_hold":3,"sold_today":0,"sales_last_days":0,"reserved_stock":null,"customer_returns":null,"warehouse_damage":null,"lost_in_post":null,"other_logs":null,"out_stock_days":0,"lost_sales":0,"has_location":false,"update_date":"2026-04-15T00:12:35","atum_locations":[],"atum_stock_status":"instock","restock_status":false,"low_stock_amount":"","sales_update_date":"2026-04-15T00:12:35","calc_backorders":0,"jetpack_sharing_enabled":true,"jetpack_likes_enabled":true,"brands":[{"id":464,"name":"Fructal","slug":"fructal-en"}],"_links":{"self":[{"href":"https:\/\/sprememba.si\/SiSQ-Spirits\/wp-json\/wp\/v2\/product\/664","targetHints":{"allow":["GET"]}}],"collection":[{"href":"https:\/\/sprememba.si\/SiSQ-Spirits\/wp-json\/wp\/v2\/product"}],"about":[{"href":"https:\/\/sprememba.si\/SiSQ-Spirits\/wp-json\/wp\/v2\/types\/product"}],"wp:featuredmedia":[{"embeddable":true,"href":"https:\/\/sprememba.si\/SiSQ-Spirits\/wp-json\/wp\/v2\/media\/654"}],"wp:attachment":[{"href":"https:\/\/sprememba.si\/SiSQ-Spirits\/wp-json\/wp\/v2\/media?parent=664"}],"wp:term":[{"taxonomy":"pwb-brand","embeddable":true,"href":"https:\/\/sprememba.si\/SiSQ-Spirits\/wp-json\/wp\/v2\/pwb-brand?post=664"},{"taxonomy":"product_brand","embeddable":true,"href":"https:\/\/sprememba.si\/SiSQ-Spirits\/wp-json\/wp\/v2\/product_brand?post=664"},{"taxonomy":"product_cat","embeddable":true,"href":"https:\/\/sprememba.si\/SiSQ-Spirits\/wp-json\/wp\/v2\/product_cat?post=664"},{"taxonomy":"product_tag","embeddable":true,"href":"https:\/\/sprememba.si\/SiSQ-Spirits\/wp-json\/wp\/v2\/product_tag?post=664"}],"curies":[{"name":"wp","href":"https:\/\/api.w.org\/{rel}","templated":true}]}}