{"id":707,"date":"2018-07-11T10:27:40","date_gmt":"2018-07-11T08:27:40","guid":{"rendered":"https:\/\/sprememba.si\/SiSQ-Spirits\/?post_type=product&#038;p=707"},"modified":"2024-10-15T11:19:00","modified_gmt":"2024-10-15T09:19:00","slug":"gin-brin-slovenski-craft","status":"publish","type":"product","link":"https:\/\/sprememba.si\/SiSQ-Spirits\/trgovina\/gin-brin-slovenski-craft\/","title":{"rendered":"Gin Brin"},"content":{"rendered":"<p>Gin Brin je prvi uradni slovenski craft gin iz vasice Rodik v Brkinih.<br \/>\nUporabili so divje, ro\u010dno nabrane rastline v Brkinih in jih kombinirali z ostalimi rastlinami iz celega sveta. V ginu je 9 zeli\u0161\u010d, nabolj zna\u010dilen okus pa mu daje slovenski brin, slovenski bezeg in slovenska akacija.<\/p>\n<p>9 zeli\u0161\u010d: brinove jagode, koriander, kardamom, korenika angelike, bezeg, akacija, limona, pomaran\u010da in mandlji.<\/p>\n<p>Namenjen je u\u017eitku. Zaradi \u010distih okusov je kot nala\u0161\u010d za ustvarjanje izjemnih me\u0161anih pija\u010d.<\/p>\n<p><strong>The Gin Guide Awards 2018 High Scorer: Traditional London Dry Gin. Leta 2019 je Gin Brin ocenjen na IWSC z 90 od 100 to\u010dk. IWSC zmagovalec 2019 za najbolj\u0161e pakiranje.<\/strong><\/p>\n<p><em>Prvi slovenski craft gin<\/em> &#8211; Gin Brin lahko kupite tudi v <a href=\"https:\/\/sprememba.si\/SiSQ-Spirits\/trgovina\/darilo-slovenski-gin-gin-brin\/\" target=\"_blank\" rel=\"noopener noreferrer\">darilni \u0161katli slovenski gin z Brin gin<\/a> . Brin ponuja \u0161e 2 razli\u010dica gina: brezalkoholni gin <a href=\"https:\/\/sprememba.si\/SiSQ-Spirits\/trgovina\/gin-brin-virgin-zero\/\" target=\"_blank\" rel=\"noopener noreferrer\">Zero<\/a> in gin <a href=\"https:\/\/sprememba.si\/SiSQ-Spirits\/trgovina\/gin-brin-citrus\/\" target=\"_blank\" rel=\"noopener noreferrer\">Citrus<\/a> . Oba gina sta na voljo tudi kot darilna paketa.<\/p>\n<p><img data-recalc-dims=\"1\" loading=\"lazy\" decoding=\"async\" data-attachment-id=\"10311\" data-permalink=\"https:\/\/sprememba.si\/SiSQ-Spirits\/?attachment_id=10311\" data-orig-file=\"https:\/\/i0.wp.com\/sprememba.si\/SiSQ-Spirits\/wp-content\/uploads\/2018\/07\/gin-brin-nagrada-1.png?fit=820%2C410&amp;ssl=1\" data-orig-size=\"820,410\" data-comments-opened=\"0\" data-image-meta=\"{&quot;aperture&quot;:&quot;0&quot;,&quot;credit&quot;:&quot;&quot;,&quot;camera&quot;:&quot;&quot;,&quot;caption&quot;:&quot;&quot;,&quot;created_timestamp&quot;:&quot;0&quot;,&quot;copyright&quot;:&quot;&quot;,&quot;focal_length&quot;:&quot;0&quot;,&quot;iso&quot;:&quot;0&quot;,&quot;shutter_speed&quot;:&quot;0&quot;,&quot;title&quot;:&quot;&quot;,&quot;orientation&quot;:&quot;0&quot;}\" data-image-title=\"gin-brin-nagrada-1\" data-image-description=\"\" data-image-caption=\"&lt;p&gt;brin gin nagrade&lt;\/p&gt;\n\" data-large-file=\"https:\/\/i0.wp.com\/sprememba.si\/SiSQ-Spirits\/wp-content\/uploads\/2018\/07\/gin-brin-nagrada-1.png?fit=820%2C410&amp;ssl=1\" class=\" wp-image-10311\" src=\"https:\/\/i0.wp.com\/sprememba.si\/SiSQ-Spirits\/wp-content\/uploads\/2018\/07\/gin-brin-nagrada-1.png?resize=358%2C179&#038;ssl=1\" alt=\"\" width=\"358\" height=\"179\" title=\"\" srcset=\"https:\/\/i0.wp.com\/sprememba.si\/SiSQ-Spirits\/wp-content\/uploads\/2018\/07\/gin-brin-nagrada-1.png?resize=300%2C150&amp;ssl=1 300w, https:\/\/i0.wp.com\/sprememba.si\/SiSQ-Spirits\/wp-content\/uploads\/2018\/07\/gin-brin-nagrada-1.png?resize=768%2C384&amp;ssl=1 768w, https:\/\/i0.wp.com\/sprememba.si\/SiSQ-Spirits\/wp-content\/uploads\/2018\/07\/gin-brin-nagrada-1.png?resize=600%2C300&amp;ssl=1 600w, https:\/\/i0.wp.com\/sprememba.si\/SiSQ-Spirits\/wp-content\/uploads\/2018\/07\/gin-brin-nagrada-1.png?w=820&amp;ssl=1 820w\" sizes=\"auto, (max-width: 358px) 100vw, 358px\" \/><\/p>\n","protected":false},"excerpt":{"rendered":"<p>Gin Brin je prvi uradni slovenski craft gin iz vasice Rodik v Brkinih. Uporabili so divje, ro\u010dno nabrane rastline v Brkinih in jih kombinirali z ostalimi rastlinami iz celega sveta. [&hellip;]<\/p>\n","protected":false},"featured_media":8466,"template":"","meta":{"_price":"26.50","_stock":"13","_tribe_ticket_header":"","_tribe_default_ticket_provider":"","_tribe_ticket_capacity":"45","_ticket_start_date":"","_ticket_end_date":"","_tribe_ticket_show_description":"","_tribe_ticket_show_not_going":false,"_tribe_ticket_use_global_stock":"","_tribe_ticket_global_stock_level":"","_global_stock_mode":"","_global_stock_cap":"","_tribe_rsvp_for_event":"","_tribe_ticket_going_count":"","_tribe_ticket_not_going_count":"","_tribe_tickets_list":"[]","_tribe_ticket_has_attendee_info_fields":false,"jetpack_post_was_ever_published":false,"_tec_slr_enabled":"","_tec_slr_layout":""},"pwb-brand":[840],"product_brand":[],"product_cat":[1620,865,1239],"product_tag":[1719,600,554],"class_list":{"0":"post-707","1":"product","2":"type-product","3":"status-publish","4":"has-post-thumbnail","6":"pwb-brand-destilarna-gin-brin","7":"product_cat-destilati","8":"product_cat-gin","9":"product_cat-slovenski-gin","10":"product_tag-brin","11":"product_tag-gin","12":"product_tag-slovenski-gin-craft","14":"first","15":"instock","16":"sale","17":"featured","18":"shipping-taxable","19":"purchasable","20":"product-type-simple"},"supplier_id":null,"supplier_sku":"","atum_controlled":true,"out_stock_date":null,"out_stock_threshold":null,"inheritable":false,"inbound_stock":0,"stock_on_hold":0,"sold_today":0,"sales_last_days":0,"reserved_stock":0,"customer_returns":0,"warehouse_damage":0,"lost_in_post":0,"other_logs":0,"out_stock_days":0,"lost_sales":0,"has_location":false,"update_date":"2026-05-01T01:35:17","atum_locations":[],"atum_stock_status":"instock","restock_status":false,"low_stock_amount":6,"sales_update_date":"2026-05-01T01:35:17","calc_backorders":0,"jetpack_sharing_enabled":true,"jetpack_likes_enabled":true,"brands":[{"id":840,"name":"Destilarna Gin Brin","slug":"destilarna-gin-brin"}],"_links":{"self":[{"href":"https:\/\/sprememba.si\/SiSQ-Spirits\/wp-json\/wp\/v2\/product\/707","targetHints":{"allow":["GET"]}}],"collection":[{"href":"https:\/\/sprememba.si\/SiSQ-Spirits\/wp-json\/wp\/v2\/product"}],"about":[{"href":"https:\/\/sprememba.si\/SiSQ-Spirits\/wp-json\/wp\/v2\/types\/product"}],"wp:featuredmedia":[{"embeddable":true,"href":"https:\/\/sprememba.si\/SiSQ-Spirits\/wp-json\/wp\/v2\/media\/8466"}],"wp:attachment":[{"href":"https:\/\/sprememba.si\/SiSQ-Spirits\/wp-json\/wp\/v2\/media?parent=707"}],"wp:term":[{"taxonomy":"pwb-brand","embeddable":true,"href":"https:\/\/sprememba.si\/SiSQ-Spirits\/wp-json\/wp\/v2\/pwb-brand?post=707"},{"taxonomy":"product_brand","embeddable":true,"href":"https:\/\/sprememba.si\/SiSQ-Spirits\/wp-json\/wp\/v2\/product_brand?post=707"},{"taxonomy":"product_cat","embeddable":true,"href":"https:\/\/sprememba.si\/SiSQ-Spirits\/wp-json\/wp\/v2\/product_cat?post=707"},{"taxonomy":"product_tag","embeddable":true,"href":"https:\/\/sprememba.si\/SiSQ-Spirits\/wp-json\/wp\/v2\/product_tag?post=707"}],"curies":[{"name":"wp","href":"https:\/\/api.w.org\/{rel}","templated":true}]}}