{"id":709,"date":"2018-07-11T10:48:19","date_gmt":"2018-07-11T08:48:19","guid":{"rendered":"https:\/\/sprememba.si\/SiSQ-Spirits\/?post_type=product&#038;p=709"},"modified":"2025-04-02T17:35:25","modified_gmt":"2025-04-02T15:35:25","slug":"broken-bones-gin","status":"publish","type":"product","link":"https:\/\/sprememba.si\/SiSQ-Spirits\/trgovina\/broken-bones-gin\/","title":{"rendered":"Broken bones Gin"},"content":{"rendered":"<p><strong>Broken Bones Gin<\/strong> je sve\u017e in eteri\u010den brinov gin iz Slovenije, izdelan na osnovi prepleta tradicionalnih receptov in zna\u010dilnosti slovenske de\u017eele. Ta slovenski craft gin ima bogat in poln okus, zato je odli\u010den tudi sam, ne le kot gin &amp; tonik.<\/p>\n<p>Receptura vklju\u010duje zeli\u0161\u010da: brinove\u00a0in \u0161ipekove jagode iz Krasa, koriander, limonina lupina, cvetovi lipe, kardamon, likviricija ( sladki koren), iris in arnika, ki oblikujejo eteri\u010den brinov in prijetno sve\u017e citri\u010den gin.<\/p>\n<p>Gin je izdelan po metodi London Dry Gin, torej v postopku destilacije brez kasnej\u0161ih dodatkov.<br \/>\nOb dodajanju ledu ali tonika se lahko pojavi rahla motnost, ki pa je povsem naravna.<\/p>\n<p>V li\u010dni \u0161katli odli\u010den kot darilo. Pripravljen je tudi poseben <a href=\"https:\/\/sprememba.si\/SiSQ-Spirits\/trgovina\/darilo-slovenski-gin-broken-bones\/\" target=\"_blank\" rel=\"noopener noreferrer\">darilni paket za gin tonik<\/a><\/p>\n<p>Leta 2019 je dobil nagrado World Gin Awards v kategoriji Best Slovenian London Dry.<\/p>\n<p><img data-recalc-dims=\"1\" loading=\"lazy\" decoding=\"async\" data-attachment-id=\"12508\" data-permalink=\"https:\/\/sprememba.si\/SiSQ-Spirits\/?attachment_id=12508\" data-orig-file=\"https:\/\/i0.wp.com\/sprememba.si\/SiSQ-Spirits\/wp-content\/uploads\/2018\/07\/slovenian_LondonDry19.png?fit=89%2C136&amp;ssl=1\" data-orig-size=\"89,136\" data-comments-opened=\"0\" data-image-meta=\"{&quot;aperture&quot;:&quot;0&quot;,&quot;credit&quot;:&quot;&quot;,&quot;camera&quot;:&quot;&quot;,&quot;caption&quot;:&quot;&quot;,&quot;created_timestamp&quot;:&quot;0&quot;,&quot;copyright&quot;:&quot;&quot;,&quot;focal_length&quot;:&quot;0&quot;,&quot;iso&quot;:&quot;0&quot;,&quot;shutter_speed&quot;:&quot;0&quot;,&quot;title&quot;:&quot;&quot;,&quot;orientation&quot;:&quot;0&quot;}\" data-image-title=\"slovenian_LondonDry19\" data-image-description=\"\" data-image-caption=\"&lt;p&gt;world gin awards 2019 slovenian london dry&lt;\/p&gt;\n\" data-large-file=\"https:\/\/i0.wp.com\/sprememba.si\/SiSQ-Spirits\/wp-content\/uploads\/2018\/07\/slovenian_LondonDry19.png?fit=89%2C136&amp;ssl=1\" class=\"alignnone wp-image-12508 size-full\" src=\"https:\/\/i0.wp.com\/sprememba.si\/SiSQ-Spirits\/wp-content\/uploads\/2018\/07\/slovenian_LondonDry19.png?resize=89%2C136&#038;ssl=1\" alt=\"\" width=\"89\" height=\"136\" title=\"\"><\/p>\n","protected":false},"excerpt":{"rendered":"[contact-form][contact-field label=\"Name\" type=\"name\"  required=\"true\" \/][contact-field label=\"Email\" type=\"email\" required=\"true\" \/][contact-field label=\"Website\" type=\"url\" \/][contact-field label=\"Message\" type=\"textarea\" \/][\/contact-form]\n<p>Slovenski gin Broken Bones Gin je sve\u017e in eteri\u010den brinov gin, izdelan na osnovi prepleta tradicionalnih receptov in zna\u010dilnosti slovenske de\u017eele. Receptura vklju\u010duje izbrane brinove in \u0161ipkove jagode s Krasa, lipove cvetove ter \u0161e druga tradicionalna zeli\u0161\u010da.<\/p>\n","protected":false},"featured_media":951,"template":"","meta":{"_uag_custom_page_level_css":"","_price":"34.95","_stock":"4","_tribe_ticket_header":"","_tribe_default_ticket_provider":"","_tribe_ticket_capacity":"16","_ticket_start_date":"","_ticket_end_date":"","_tribe_ticket_show_description":"","_tribe_ticket_show_not_going":false,"_tribe_ticket_use_global_stock":"","_tribe_ticket_global_stock_level":"","_global_stock_mode":"","_global_stock_cap":"","_tribe_rsvp_for_event":"","_tribe_ticket_going_count":"","_tribe_ticket_not_going_count":"","_tribe_tickets_list":"[]","_tribe_ticket_has_attendee_info_fields":false,"_tec_slr_enabled":"","_tec_slr_layout":""},"pwb-brand":[536],"product_brand":[],"product_cat":[865,1620,1239],"product_tag":[674,600,554],"class_list":{"0":"post-709","1":"product","2":"type-product","3":"status-publish","4":"has-post-thumbnail","6":"pwb-brand-destilarna-broken-bones","7":"product_cat-gin","8":"product_cat-destilati","9":"product_cat-slovenski-gin","10":"product_tag-broken-bones","11":"product_tag-gin","12":"product_tag-slovenski-gin-craft","14":"first","15":"instock","16":"featured","17":"shipping-taxable","18":"purchasable","19":"product-type-simple"},"supplier_id":null,"supplier_sku":"","atum_controlled":true,"out_stock_date":null,"out_stock_threshold":null,"inheritable":false,"inbound_stock":0,"stock_on_hold":0,"sold_today":0,"sales_last_days":0,"reserved_stock":0,"customer_returns":0,"warehouse_damage":0,"lost_in_post":0,"other_logs":0,"out_stock_days":0,"lost_sales":0,"has_location":false,"update_date":"2026-05-13T00:03:25","atum_locations":[],"atum_stock_status":"instock","restock_status":false,"low_stock_amount":"","sales_update_date":"2026-05-13T00:03:25","calc_backorders":0,"uagb_featured_image_src":{"full":["https:\/\/i0.wp.com\/sprememba.si\/SiSQ-Spirits\/wp-content\/uploads\/2019\/02\/broken-bones-2.png?fit=800%2C800&ssl=1",800,800,false],"thumbnail":["https:\/\/i0.wp.com\/sprememba.si\/SiSQ-Spirits\/wp-content\/uploads\/2019\/02\/broken-bones-2.png?resize=150%2C150&ssl=1",150,150,true],"medium":["https:\/\/i0.wp.com\/sprememba.si\/SiSQ-Spirits\/wp-content\/uploads\/2019\/02\/broken-bones-2.png?fit=300%2C300&ssl=1",300,300,true],"medium_large":["https:\/\/i0.wp.com\/sprememba.si\/SiSQ-Spirits\/wp-content\/uploads\/2019\/02\/broken-bones-2.png?fit=768%2C768&ssl=1",768,768,true],"large":["https:\/\/i0.wp.com\/sprememba.si\/SiSQ-Spirits\/wp-content\/uploads\/2019\/02\/broken-bones-2.png?fit=800%2C800&ssl=1",800,800,true],"1536x1536":["https:\/\/i0.wp.com\/sprememba.si\/SiSQ-Spirits\/wp-content\/uploads\/2019\/02\/broken-bones-2.png?fit=800%2C800&ssl=1",800,800,true],"2048x2048":["https:\/\/i0.wp.com\/sprememba.si\/SiSQ-Spirits\/wp-content\/uploads\/2019\/02\/broken-bones-2.png?fit=800%2C800&ssl=1",800,800,true],"woocommerce_thumbnail":["https:\/\/i0.wp.com\/sprememba.si\/SiSQ-Spirits\/wp-content\/uploads\/2019\/02\/broken-bones-2.png?resize=324%2C324&ssl=1",324,324,true],"woocommerce_single":["https:\/\/i0.wp.com\/sprememba.si\/SiSQ-Spirits\/wp-content\/uploads\/2019\/02\/broken-bones-2.png?fit=416%2C416&ssl=1",416,416,true],"woocommerce_gallery_thumbnail":["https:\/\/i0.wp.com\/sprememba.si\/SiSQ-Spirits\/wp-content\/uploads\/2019\/02\/broken-bones-2.png?resize=100%2C100&ssl=1",100,100,true],"variation_swatches_image_size":["https:\/\/i0.wp.com\/sprememba.si\/SiSQ-Spirits\/wp-content\/uploads\/2019\/02\/broken-bones-2.png?resize=50%2C50&ssl=1",50,50,true],"variation_swatches_tooltip_size":["https:\/\/i0.wp.com\/sprememba.si\/SiSQ-Spirits\/wp-content\/uploads\/2019\/02\/broken-bones-2.png?resize=100%2C100&ssl=1",100,100,true]},"uagb_author_info":{"display_name":"SiSQSpirits","author_link":"https:\/\/sprememba.si\/SiSQ-Spirits\/author\/"},"uagb_comment_info":0,"uagb_excerpt":"[contact-form][contact-field label=\"Name\" type=\"name\" required=\"true\" \/][contact-field label=\"Email\" type=\"email\" required=\"true\" \/][contact-field label=\"Website\" type=\"url\" \/][contact-field label=\"Message\" type=\"textarea\" \/][\/contact-form] Slovenski gin Broken Bones Gin je sve\u017e in eteri\u010den brinov gin, izdelan na osnovi prepleta tradicionalnih receptov in zna\u010dilnosti slovenske de\u017eele. Receptura vklju\u010duje izbrane brinove in \u0161ipkove jagode s Krasa, lipove cvetove ter \u0161e druga tradicionalna zeli\u0161\u010da.","jetpack_sharing_enabled":true,"jetpack_likes_enabled":true,"brands":[{"id":536,"name":"Destilarna Broken Bones","slug":"destilarna-broken-bones"}],"_links":{"self":[{"href":"https:\/\/sprememba.si\/SiSQ-Spirits\/wp-json\/wp\/v2\/product\/709","targetHints":{"allow":["GET"]}}],"collection":[{"href":"https:\/\/sprememba.si\/SiSQ-Spirits\/wp-json\/wp\/v2\/product"}],"about":[{"href":"https:\/\/sprememba.si\/SiSQ-Spirits\/wp-json\/wp\/v2\/types\/product"}],"wp:featuredmedia":[{"embeddable":true,"href":"https:\/\/sprememba.si\/SiSQ-Spirits\/wp-json\/wp\/v2\/media\/951"}],"wp:attachment":[{"href":"https:\/\/sprememba.si\/SiSQ-Spirits\/wp-json\/wp\/v2\/media?parent=709"}],"wp:term":[{"taxonomy":"pwb-brand","embeddable":true,"href":"https:\/\/sprememba.si\/SiSQ-Spirits\/wp-json\/wp\/v2\/pwb-brand?post=709"},{"taxonomy":"product_brand","embeddable":true,"href":"https:\/\/sprememba.si\/SiSQ-Spirits\/wp-json\/wp\/v2\/product_brand?post=709"},{"taxonomy":"product_cat","embeddable":true,"href":"https:\/\/sprememba.si\/SiSQ-Spirits\/wp-json\/wp\/v2\/product_cat?post=709"},{"taxonomy":"product_tag","embeddable":true,"href":"https:\/\/sprememba.si\/SiSQ-Spirits\/wp-json\/wp\/v2\/product_tag?post=709"}],"curies":[{"name":"wp","href":"https:\/\/api.w.org\/{rel}","templated":true}]}}