{"id":721,"date":"2018-08-01T23:25:28","date_gmt":"2018-08-01T21:25:28","guid":{"rendered":"https:\/\/sprememba.si\/SiSQ-Spirits\/?post_type=product&#038;p=721"},"modified":"2025-04-02T17:35:25","modified_gmt":"2025-04-02T15:35:25","slug":"broken-bones-gin-2","status":"publish","type":"product","link":"https:\/\/sprememba.si\/SiSQ-Spirits\/en\/trgovina\/broken-bones-gin-2\/","title":{"rendered":"Broken bones Gin"},"content":{"rendered":"<p>Botanical slovenian gin Broken Bones Gin is a fresh and essential gi. It&#8217;s made\u00a0as a\u00a0mix of traditional recipes and the characteristics of the Slovenian country. This Slovenian craft gin has a rich and full flavor. Excellent to drink alone, not only as a gin &amp; tonic.<\/p>\n<p>The recipe includes herbs: brine and pomegranate strawberries from the Karst, coriander, lemon peel, linden flowers, cardamom, liquorice (sweet root), iris and arnica that form essential oils and deliciously fresh citrine gin.<\/p>\n<p>This Slovenian Gin is manufactured using the London Dry Gin method, in the process of distillation without subsequent additives.<\/p>\n<p>Great as a gift alone or with\u00a0<a href=\"https:\/\/sprememba.si\/SiSQ-Spirits\/en\/trgovina\/gift-box-slovenian-gin-with-broken-bones\/\">Gin &amp; tonic\u00a0gift box<\/a>.<\/p>\n<figure id=\"attachment_12511\" aria-describedby=\"caption-attachment-12511\" style=\"width: 89px\" class=\"wp-caption alignleft\"><img data-recalc-dims=\"1\" loading=\"lazy\" decoding=\"async\" data-attachment-id=\"12511\" data-permalink=\"https:\/\/sprememba.si\/SiSQ-Spirits\/?attachment_id=12511\" data-orig-file=\"https:\/\/i0.wp.com\/sprememba.si\/SiSQ-Spirits\/wp-content\/uploads\/2018\/08\/slovenian_LondonDry19.png?fit=89%2C136&amp;ssl=1\" data-orig-size=\"89,136\" data-comments-opened=\"0\" data-image-meta=\"{&quot;aperture&quot;:&quot;0&quot;,&quot;credit&quot;:&quot;&quot;,&quot;camera&quot;:&quot;&quot;,&quot;caption&quot;:&quot;&quot;,&quot;created_timestamp&quot;:&quot;0&quot;,&quot;copyright&quot;:&quot;&quot;,&quot;focal_length&quot;:&quot;0&quot;,&quot;iso&quot;:&quot;0&quot;,&quot;shutter_speed&quot;:&quot;0&quot;,&quot;title&quot;:&quot;&quot;,&quot;orientation&quot;:&quot;0&quot;}\" data-image-title=\"slovenian_LondonDry19\" data-image-description=\"\" data-image-caption=\"&lt;p&gt;slvoenian london dry gin 2019 world gin awards&lt;\/p&gt;\n\" data-large-file=\"https:\/\/i0.wp.com\/sprememba.si\/SiSQ-Spirits\/wp-content\/uploads\/2018\/08\/slovenian_LondonDry19.png?fit=89%2C136&amp;ssl=1\" class=\"wp-image-12511 size-full\" src=\"https:\/\/i0.wp.com\/sprememba.si\/SiSQ-Spirits\/wp-content\/uploads\/2018\/08\/slovenian_LondonDry19.png?resize=89%2C136&#038;ssl=1\" alt=\"\" width=\"89\" height=\"136\" title=\"\"><figcaption id=\"caption-attachment-12511\" class=\"wp-caption-text\">\u00a0<\/figcaption><\/figure>\n","protected":false},"excerpt":{"rendered":"<p>Broken Bones Gin je sve\u017e in eteri\u010den brinov gin, izdelan na osnovi prepleta tradicionalnih receptov in zna\u010dilnosti slovenske de\u017eele. Receptura vklju\u010duje izbrane brinove in \u0161ipkove jagode s Krasa, lipove cvetove ter \u0161e druga tradicionalna zeli\u0161\u010da.<\/p>\n","protected":false},"featured_media":951,"template":"","meta":{"_price":"34.95","_stock":"4","_tribe_ticket_header":"","_tribe_default_ticket_provider":"","_tribe_ticket_capacity":"11","_ticket_start_date":"","_ticket_end_date":"","_tribe_ticket_show_description":"","_tribe_ticket_show_not_going":false,"_tribe_ticket_use_global_stock":"","_tribe_ticket_global_stock_level":"","_global_stock_mode":"","_global_stock_cap":"","_tribe_rsvp_for_event":"","_tribe_ticket_going_count":"","_tribe_ticket_not_going_count":"","_tribe_tickets_list":"[]","_tribe_ticket_has_attendee_info_fields":false,"jetpack_post_was_ever_published":false,"_tec_slr_enabled":"","_tec_slr_layout":""},"pwb-brand":[1160],"product_brand":[],"product_cat":[855,1241,1300],"product_tag":[1831,1116],"class_list":{"0":"post-721","1":"product","2":"type-product","3":"status-publish","4":"has-post-thumbnail","6":"pwb-brand-broken-bones-distillery","7":"product_cat-gin-en","8":"product_cat-slovenian-gin","9":"product_cat-spirits","10":"product_tag-gin-en","11":"product_tag-slovenski-gin-craft-en","13":"first","14":"instock","15":"featured","16":"shipping-taxable","17":"purchasable","18":"product-type-simple"},"supplier_id":null,"supplier_sku":"","atum_controlled":true,"out_stock_date":null,"out_stock_threshold":null,"inheritable":false,"inbound_stock":null,"stock_on_hold":0,"sold_today":0,"sales_last_days":0,"reserved_stock":null,"customer_returns":null,"warehouse_damage":null,"lost_in_post":null,"other_logs":null,"out_stock_days":0,"lost_sales":0,"has_location":null,"update_date":"2026-04-23T00:33:39","atum_locations":[],"atum_stock_status":"instock","restock_status":false,"low_stock_amount":"","sales_update_date":"2026-04-23T00:33:39","calc_backorders":0,"jetpack_sharing_enabled":true,"jetpack_likes_enabled":true,"brands":[{"id":1160,"name":"Broken bones distillery","slug":"broken-bones-distillery"}],"_links":{"self":[{"href":"https:\/\/sprememba.si\/SiSQ-Spirits\/wp-json\/wp\/v2\/product\/721","targetHints":{"allow":["GET"]}}],"collection":[{"href":"https:\/\/sprememba.si\/SiSQ-Spirits\/wp-json\/wp\/v2\/product"}],"about":[{"href":"https:\/\/sprememba.si\/SiSQ-Spirits\/wp-json\/wp\/v2\/types\/product"}],"wp:featuredmedia":[{"embeddable":true,"href":"https:\/\/sprememba.si\/SiSQ-Spirits\/wp-json\/wp\/v2\/media\/951"}],"wp:attachment":[{"href":"https:\/\/sprememba.si\/SiSQ-Spirits\/wp-json\/wp\/v2\/media?parent=721"}],"wp:term":[{"taxonomy":"pwb-brand","embeddable":true,"href":"https:\/\/sprememba.si\/SiSQ-Spirits\/wp-json\/wp\/v2\/pwb-brand?post=721"},{"taxonomy":"product_brand","embeddable":true,"href":"https:\/\/sprememba.si\/SiSQ-Spirits\/wp-json\/wp\/v2\/product_brand?post=721"},{"taxonomy":"product_cat","embeddable":true,"href":"https:\/\/sprememba.si\/SiSQ-Spirits\/wp-json\/wp\/v2\/product_cat?post=721"},{"taxonomy":"product_tag","embeddable":true,"href":"https:\/\/sprememba.si\/SiSQ-Spirits\/wp-json\/wp\/v2\/product_tag?post=721"}],"curies":[{"name":"wp","href":"https:\/\/api.w.org\/{rel}","templated":true}]}}