{"id":739,"date":"2018-08-17T12:58:35","date_gmt":"2018-08-17T10:58:35","guid":{"rendered":"https:\/\/sprememba.si\/SiSQ-Spirits\/?post_type=product&#038;p=739"},"modified":"2024-03-26T21:29:43","modified_gmt":"2024-03-26T20:29:43","slug":"slovenski-gin-broken-bones-darilo","status":"publish","type":"product","link":"https:\/\/sprememba.si\/SiSQ-Spirits\/trgovina\/slovenski-gin-broken-bones-darilo\/","title":{"rendered":"Darilo SLOVENSKI GIN  z Broken bones"},"content":{"rendered":"<p style=\"text-align: center;\">SLOVENSKI GIN darilna \u0161katla vsebuje steklenico gina <a href=\"https:\/\/sprememba.si\/SiSQ-Spirits\/trgovina\/broken-bones-gin\/\" target=\"_blank\" rel=\"noopener noreferrer\">Broken bones<\/a>, steklenico slovenskega premium tonika <strong>Pelicon <a href=\"https:\/\/sprememba.si\/SiSQ-Spirits\/trgovina\/hoppy-tonik\/\" target=\"_blank\" rel=\"noopener noreferrer\">Hoppy tonik<\/a><\/strong> in <strong>zeli\u0161\u010dne dodatke<\/strong> za pripravo gin tonika. Poleg so prilo\u017eeni \u0161e recepti za razne gin tonike.<\/p>\n<p>Broken Bones Gin je sve\u017e in eteri\u010den brinov gin, izdelan na osnovi prepleta tradicionalnih receptov in zna\u010dilnosti slovenske de\u017eele.<\/p>\n<p>Pelicon Hoppy tonic je odli\u010den premium tonik iz naravnih sestavin z notami agrumov. Tonik je narejen z naravnim kininom in esenco pomaran\u010de, njegova posebnost pa je dodatek aromati\u010dnega hmelja citra. Ustvarjen, da iz \u0161irokega nabora \u017eganic izvabi sve\u017ee in sadne arome.<\/p>\n","protected":false},"excerpt":{"rendered":"<p>SLOVENSKI GIN darilna \u0161katla vsebuje steklenico gina Broken bones, steklenico slovenskega premium tonika Pelicon Hoppy tonik in zeli\u0161\u010dne dodatke za pripravo gin tonika. Poleg so prilo\u017eeni \u0161e recepti za razne [&hellip;]<\/p>\n","protected":false},"featured_media":740,"template":"","meta":{"_price":"37.90","_stock":"1","_tribe_ticket_header":"","_tribe_default_ticket_provider":"","_tribe_ticket_capacity":"12","_ticket_start_date":"","_ticket_end_date":"","_tribe_ticket_show_description":"","_tribe_ticket_show_not_going":false,"_tribe_ticket_use_global_stock":"","_tribe_ticket_global_stock_level":"","_global_stock_mode":"","_global_stock_cap":"","_tribe_rsvp_for_event":"","_tribe_ticket_going_count":"","_tribe_ticket_not_going_count":"","_tribe_tickets_list":"[]","_tribe_ticket_has_attendee_info_fields":false,"jetpack_post_was_ever_published":false,"_tec_slr_enabled":"","_tec_slr_layout":""},"pwb-brand":[536,150],"product_brand":[],"product_cat":[1220,372],"product_tag":[1358],"class_list":{"0":"post-739","1":"product","2":"type-product","3":"status-publish","4":"has-post-thumbnail","6":"pwb-brand-destilarna-broken-bones","7":"pwb-brand-pivovarna-pelicon","8":"product_cat-gin-darilni-paket","9":"product_cat-drugo","10":"product_tag-darilo-sl","11":"wcpa_has_options","13":"first","14":"instock","15":"shipping-taxable","16":"purchasable","17":"product-type-simple"},"supplier_id":null,"supplier_sku":"","atum_controlled":true,"out_stock_date":null,"out_stock_threshold":null,"inheritable":false,"inbound_stock":null,"stock_on_hold":0,"sold_today":0,"sales_last_days":0,"reserved_stock":null,"customer_returns":null,"warehouse_damage":null,"lost_in_post":null,"other_logs":null,"out_stock_days":0,"lost_sales":0,"has_location":null,"update_date":"2026-04-19T00:19:19","atum_locations":[],"atum_stock_status":"instock","restock_status":false,"low_stock_amount":1,"sales_update_date":"2026-04-19T00:19:19","calc_backorders":0,"jetpack_sharing_enabled":true,"jetpack_likes_enabled":true,"brands":[{"id":536,"name":"Destilarna Broken Bones","slug":"destilarna-broken-bones"},{"id":150,"name":"Pivovarna Pelicon","slug":"pivovarna-pelicon"}],"_links":{"self":[{"href":"https:\/\/sprememba.si\/SiSQ-Spirits\/wp-json\/wp\/v2\/product\/739","targetHints":{"allow":["GET"]}}],"collection":[{"href":"https:\/\/sprememba.si\/SiSQ-Spirits\/wp-json\/wp\/v2\/product"}],"about":[{"href":"https:\/\/sprememba.si\/SiSQ-Spirits\/wp-json\/wp\/v2\/types\/product"}],"wp:featuredmedia":[{"embeddable":true,"href":"https:\/\/sprememba.si\/SiSQ-Spirits\/wp-json\/wp\/v2\/media\/740"}],"wp:attachment":[{"href":"https:\/\/sprememba.si\/SiSQ-Spirits\/wp-json\/wp\/v2\/media?parent=739"}],"wp:term":[{"taxonomy":"pwb-brand","embeddable":true,"href":"https:\/\/sprememba.si\/SiSQ-Spirits\/wp-json\/wp\/v2\/pwb-brand?post=739"},{"taxonomy":"product_brand","embeddable":true,"href":"https:\/\/sprememba.si\/SiSQ-Spirits\/wp-json\/wp\/v2\/product_brand?post=739"},{"taxonomy":"product_cat","embeddable":true,"href":"https:\/\/sprememba.si\/SiSQ-Spirits\/wp-json\/wp\/v2\/product_cat?post=739"},{"taxonomy":"product_tag","embeddable":true,"href":"https:\/\/sprememba.si\/SiSQ-Spirits\/wp-json\/wp\/v2\/product_tag?post=739"}],"curies":[{"name":"wp","href":"https:\/\/api.w.org\/{rel}","templated":true}]}}