{"id":743,"date":"2018-08-20T15:46:17","date_gmt":"2018-08-20T13:46:17","guid":{"rendered":"https:\/\/sprememba.si\/SiSQ-Spirits\/?post_type=product&#038;p=743"},"modified":"2024-08-06T08:11:51","modified_gmt":"2024-08-06T06:11:51","slug":"slovenski-gin-brin-darilo","status":"publish","type":"product","link":"https:\/\/sprememba.si\/SiSQ-Spirits\/trgovina\/slovenski-gin-brin-darilo\/","title":{"rendered":"SLOVENSKI GIN darilo z Gin brin"},"content":{"rendered":"<p>SLOVENSKI GIN darilna \u0161katla vsebuje steklenico prvega craft slovenskega gina <a href=\"https:\/\/sprememba.si\/SiSQ-Spirits\/trgovina\/gin-brin-slovenski-craft\/\" target=\"_blank\" rel=\"noopener noreferrer\"><strong>Gin Brin<\/strong><\/a>, steklenico slovenskega premium tonika <a href=\"https:\/\/sprememba.si\/SiSQ-Spirits\/trgovina\/hoppy-tonik\/\" target=\"_blank\" rel=\"noopener noreferrer\">Pelicon Hoppy tonic<\/a> in <strong>zeli\u0161\u010dne dodatke<\/strong> za pripravo gin tonika. Prilo\u017eeni so tudi r<strong>ecepti<\/strong> za gin tonik in vro\u010di gin.<\/p>\n<p>Master distiler je Erik Sarki\u0107. Gin Brin je zaradi \u010distih okusov, kot nala\u0161\u010d za ustvarjanje izjemnih me\u0161anih pija\u010d.<\/p>\n<p>Ta slovenski gin je dobil leta 2018 zlato medaljo, ki jo je izdal The brin gin guide iz Londona in je BRIN gin uvrstil na prvo mesto v Evropi v kategoriji tradicionalnih ginov za leto 2018. Leta 2019 ocenjen na IWSC z 90 od 100 to\u010dk.<\/p>\n<p>Za Gin Brin so uporabili divje, ro\u010dno nabrane rastline v Brkinih in jih kombinirali z ostalimi rastlinami iz celega sveta. V tem slovenskem ginu je 9 zeli\u0161\u010d, nabolj zna\u010dilen okus pa mu daje <strong>slovenski brin, bezeg in akacija<\/strong>. Ostale sestavine v Gin Brin: koriander, kardamom, korenika angelike, limona, pomaran\u010da in mandlji.<\/p>\n<p>Pelicon Hoppy tonic je odli\u010den premium tonik iz naravnih sestavin z notami agrumov. Tonik je narejen z naravnim kininom in esenco pomaran\u010de, njegova posebnost pa je dodatek aromati\u010dnega hmelja citra. Ustvarjen, da iz \u0161irokega nabora \u017eganic izvabi sve\u017ee in sadne arome<\/p>\n","protected":false},"excerpt":{"rendered":"<p>SLOVENSKI GIN darilna \u0161katla vsebuje steklenico prvega craft slovenskega gina Gin Brin, steklenico slovenskega premium tonika Pelicon Hoppy tonic in zeli\u0161\u010dne dodatke za pripravo gin tonika. Prilo\u017eeni so tudi recepti [&hellip;]<\/p>\n","protected":false},"featured_media":744,"template":"","meta":{"_price":"29.90","_stock":"5","_tribe_ticket_header":"","_tribe_default_ticket_provider":"","_tribe_ticket_capacity":"27","_ticket_start_date":"","_ticket_end_date":"","_tribe_ticket_show_description":"","_tribe_ticket_show_not_going":false,"_tribe_ticket_use_global_stock":"","_tribe_ticket_global_stock_level":"","_global_stock_mode":"","_global_stock_cap":"","_tribe_rsvp_for_event":"","_tribe_ticket_going_count":"","_tribe_ticket_not_going_count":"","_tribe_tickets_list":"[]","_tribe_ticket_has_attendee_info_fields":false,"jetpack_post_was_ever_published":false,"_tec_slr_enabled":"","_tec_slr_layout":""},"pwb-brand":[840,150],"product_brand":[],"product_cat":[1220,372],"product_tag":[1551],"class_list":{"0":"post-743","1":"product","2":"type-product","3":"status-publish","4":"has-post-thumbnail","6":"pwb-brand-destilarna-gin-brin","7":"pwb-brand-pivovarna-pelicon","8":"product_cat-gin-darilni-paket","9":"product_cat-drugo","10":"product_tag-gin-darilo","11":"wcpa_has_options","13":"first","14":"instock","15":"shipping-taxable","16":"purchasable","17":"product-type-simple"},"supplier_id":null,"supplier_sku":"","atum_controlled":true,"out_stock_date":null,"out_stock_threshold":null,"inheritable":false,"inbound_stock":null,"stock_on_hold":0,"sold_today":0,"sales_last_days":0,"reserved_stock":null,"customer_returns":null,"warehouse_damage":null,"lost_in_post":null,"other_logs":null,"out_stock_days":0,"lost_sales":0,"has_location":false,"update_date":"2026-04-15T00:12:32","atum_locations":[],"atum_stock_status":"instock","restock_status":false,"low_stock_amount":4,"sales_update_date":"2026-04-15T00:12:32","calc_backorders":0,"jetpack_sharing_enabled":true,"jetpack_likes_enabled":true,"brands":[{"id":840,"name":"Destilarna Gin Brin","slug":"destilarna-gin-brin"},{"id":150,"name":"Pivovarna Pelicon","slug":"pivovarna-pelicon"}],"_links":{"self":[{"href":"https:\/\/sprememba.si\/SiSQ-Spirits\/wp-json\/wp\/v2\/product\/743","targetHints":{"allow":["GET"]}}],"collection":[{"href":"https:\/\/sprememba.si\/SiSQ-Spirits\/wp-json\/wp\/v2\/product"}],"about":[{"href":"https:\/\/sprememba.si\/SiSQ-Spirits\/wp-json\/wp\/v2\/types\/product"}],"wp:featuredmedia":[{"embeddable":true,"href":"https:\/\/sprememba.si\/SiSQ-Spirits\/wp-json\/wp\/v2\/media\/744"}],"wp:attachment":[{"href":"https:\/\/sprememba.si\/SiSQ-Spirits\/wp-json\/wp\/v2\/media?parent=743"}],"wp:term":[{"taxonomy":"pwb-brand","embeddable":true,"href":"https:\/\/sprememba.si\/SiSQ-Spirits\/wp-json\/wp\/v2\/pwb-brand?post=743"},{"taxonomy":"product_brand","embeddable":true,"href":"https:\/\/sprememba.si\/SiSQ-Spirits\/wp-json\/wp\/v2\/product_brand?post=743"},{"taxonomy":"product_cat","embeddable":true,"href":"https:\/\/sprememba.si\/SiSQ-Spirits\/wp-json\/wp\/v2\/product_cat?post=743"},{"taxonomy":"product_tag","embeddable":true,"href":"https:\/\/sprememba.si\/SiSQ-Spirits\/wp-json\/wp\/v2\/product_tag?post=743"}],"curies":[{"name":"wp","href":"https:\/\/api.w.org\/{rel}","templated":true}]}}