{"id":782,"date":"2018-08-24T07:33:43","date_gmt":"2018-08-24T05:33:43","guid":{"rendered":"https:\/\/sprememba.si\/SiSQ-Spirits\/?post_type=product&#038;p=782"},"modified":"2024-03-26T21:22:17","modified_gmt":"2024-03-26T20:22:17","slug":"penina-slavcek-viktorija-rose-vino-vipava","status":"publish","type":"product","link":"https:\/\/sprememba.si\/SiSQ-Spirits\/trgovina\/penina-slavcek-viktorija-rose-vino-vipava\/","title":{"rendered":"Slav\u010dek Viktorija Rose"},"content":{"rendered":"<p>Barva je ne\u017ena, rubinasta. Cvetica je zelo samosvoja, a povabi. Spominja na olupljena jabolka, kvas, jagode, grozdje. V ustih je vino zelo suho, kisline so zelo visoke.\u00a0Ponuja zaznave rde\u010dih sade\u017eev, brinja, je rahlo poprasto &#8230; Izrazito specifi\u010den in druga\u010den okus.<br \/>\nSestava: 85 % refo\u0161k, 15 % merlot<\/p>\n<p>Biodinami\u010dna pridelava v jeklenih cisternah 12 mesecev.<\/p>\n","protected":false},"excerpt":{"rendered":"<p>Barva je ne\u017ena, rubinasta. Cvetica je zelo samosvoja, a povabi. Spominja na olupljena jabolka, kvas, jagode, grozdje. V ustih je vino zelo suho, kisline so zelo visoke.\u00a0Ponuja zaznave rde\u010dih sade\u017eev, [&hellip;]<\/p>\n","protected":false},"featured_media":783,"template":"","meta":{"_price":"19.50","_stock":"","_tribe_ticket_header":"","_tribe_default_ticket_provider":"","_tribe_ticket_capacity":"4","_ticket_start_date":"","_ticket_end_date":"","_tribe_ticket_show_description":"","_tribe_ticket_show_not_going":false,"_tribe_ticket_use_global_stock":"","_tribe_ticket_global_stock_level":"","_global_stock_mode":"","_global_stock_cap":"","_tribe_rsvp_for_event":"","_tribe_ticket_going_count":"","_tribe_ticket_not_going_count":"","_tribe_tickets_list":"[]","_tribe_ticket_has_attendee_info_fields":false,"jetpack_post_was_ever_published":false,"_tec_slr_enabled":"","_tec_slr_layout":""},"pwb-brand":[280],"product_brand":[],"product_cat":[955,1295],"product_tag":[1735,284,1302],"class_list":{"0":"post-782","1":"product","2":"type-product","3":"status-publish","4":"has-post-thumbnail","6":"pwb-brand-kmetija-slavcek","7":"product_cat-vino","8":"product_cat-penina","9":"product_tag-rose","10":"product_tag-slavcek","11":"product_tag-vipavska-dolina","13":"first","14":"outofstock","15":"shipping-taxable","16":"purchasable","17":"product-type-simple"},"supplier_id":null,"supplier_sku":"","atum_controlled":true,"out_stock_date":null,"out_stock_threshold":null,"inheritable":false,"inbound_stock":null,"stock_on_hold":0,"sold_today":0,"sales_last_days":0,"reserved_stock":null,"customer_returns":null,"warehouse_damage":null,"lost_in_post":null,"other_logs":null,"out_stock_days":0,"lost_sales":0,"has_location":null,"update_date":"2026-05-02T01:48:35","atum_locations":[],"atum_stock_status":"outofstock","restock_status":false,"low_stock_amount":"","sales_update_date":"2026-05-02T01:48:35","calc_backorders":null,"jetpack_sharing_enabled":true,"jetpack_likes_enabled":true,"brands":[{"id":280,"name":"Kmetija Slav\u010dek","slug":"kmetija-slavcek"}],"_links":{"self":[{"href":"https:\/\/sprememba.si\/SiSQ-Spirits\/wp-json\/wp\/v2\/product\/782","targetHints":{"allow":["GET"]}}],"collection":[{"href":"https:\/\/sprememba.si\/SiSQ-Spirits\/wp-json\/wp\/v2\/product"}],"about":[{"href":"https:\/\/sprememba.si\/SiSQ-Spirits\/wp-json\/wp\/v2\/types\/product"}],"wp:featuredmedia":[{"embeddable":true,"href":"https:\/\/sprememba.si\/SiSQ-Spirits\/wp-json\/wp\/v2\/media\/783"}],"wp:attachment":[{"href":"https:\/\/sprememba.si\/SiSQ-Spirits\/wp-json\/wp\/v2\/media?parent=782"}],"wp:term":[{"taxonomy":"pwb-brand","embeddable":true,"href":"https:\/\/sprememba.si\/SiSQ-Spirits\/wp-json\/wp\/v2\/pwb-brand?post=782"},{"taxonomy":"product_brand","embeddable":true,"href":"https:\/\/sprememba.si\/SiSQ-Spirits\/wp-json\/wp\/v2\/product_brand?post=782"},{"taxonomy":"product_cat","embeddable":true,"href":"https:\/\/sprememba.si\/SiSQ-Spirits\/wp-json\/wp\/v2\/product_cat?post=782"},{"taxonomy":"product_tag","embeddable":true,"href":"https:\/\/sprememba.si\/SiSQ-Spirits\/wp-json\/wp\/v2\/product_tag?post=782"}],"curies":[{"name":"wp","href":"https:\/\/api.w.org\/{rel}","templated":true}]}}