{"id":784,"date":"2018-08-24T07:38:18","date_gmt":"2018-08-24T05:38:18","guid":{"rendered":"https:\/\/sprememba.si\/SiSQ-Spirits\/?post_type=product&#038;p=784"},"modified":"2020-11-20T07:01:46","modified_gmt":"2020-11-20T06:01:46","slug":"vino-slavcek-sivi-pinot-oranzno-vino","status":"publish","type":"product","link":"https:\/\/sprememba.si\/SiSQ-Spirits\/trgovina\/vino-slavcek-sivi-pinot-oranzno-vino\/","title":{"rendered":"Slav\u010dek Sivi pinot"},"content":{"rendered":"<p>Vino Sivi pinot vinarja iz vipavske kmetije Slav\u010dek ima ne\u017eno barvo lososa. Cvetica je srednje poudarjena, dozorela, di\u0161i po olupljenih jabolkih, suhih zimskih hru\u0161kah, v ozadju najdemo jagode in kan\u010dek lesnih not.\u00a0 Zelo samosvoj okus, zna\u010dilen za Slav\u010dkova vina.<\/p>\n<p>Pridelava je biodinami\u010dna, zorenje v lesenih sodih 24 mesecev.<\/p>\n<p>&nbsp;<\/p>\n<p>Trenutno ni mo\u017eno dobiti steklenice.<\/p>\n","protected":false},"excerpt":{"rendered":"<p>Vino Sivi pinot vinarja iz vipavske kmetije Slav\u010dek ima ne\u017eno barvo lososa. Cvetica je srednje poudarjena, dozorela, di\u0161i po olupljenih jabolkih, suhih zimskih hru\u0161kah, v ozadju najdemo jagode in kan\u010dek [&hellip;]<\/p>\n","protected":false},"featured_media":785,"template":"","meta":{"_price":"17","_stock":"0","_tribe_ticket_header":"","_tribe_default_ticket_provider":"","_tribe_ticket_capacity":"0","_ticket_start_date":"","_ticket_end_date":"","_tribe_ticket_show_description":"","_tribe_ticket_show_not_going":false,"_tribe_ticket_use_global_stock":"","_tribe_ticket_global_stock_level":"","_global_stock_mode":"","_global_stock_cap":"","_tribe_rsvp_for_event":"","_tribe_ticket_going_count":"","_tribe_ticket_not_going_count":"","_tribe_tickets_list":"[]","_tribe_ticket_has_attendee_info_fields":false,"jetpack_post_was_ever_published":false,"_tec_slr_enabled":"","_tec_slr_layout":""},"pwb-brand":[280],"product_brand":[],"product_cat":[955,308],"product_tag":[1378,1332,1302],"class_list":{"0":"post-784","1":"product","2":"type-product","3":"status-publish","4":"has-post-thumbnail","6":"pwb-brand-kmetija-slavcek","7":"product_cat-vino","8":"product_cat-oranzno-vino","9":"product_tag-oranzno-vino","10":"product_tag-sivi-pinot","11":"product_tag-vipavska-dolina","13":"first","14":"outofstock","15":"shipping-taxable","16":"purchasable","17":"product-type-simple"},"supplier_id":null,"supplier_sku":"","atum_controlled":true,"out_stock_date":null,"out_stock_threshold":null,"inheritable":false,"inbound_stock":0,"stock_on_hold":0,"sold_today":0,"sales_last_days":0,"reserved_stock":0,"customer_returns":0,"warehouse_damage":0,"lost_in_post":0,"other_logs":0,"out_stock_days":0,"lost_sales":0,"has_location":false,"update_date":"2026-04-16T00:12:35","atum_locations":[],"atum_stock_status":"outofstock","restock_status":false,"low_stock_amount":0,"sales_update_date":"2026-04-16T00:12:35","calc_backorders":null,"jetpack_sharing_enabled":true,"jetpack_likes_enabled":true,"brands":[{"id":280,"name":"Kmetija Slav\u010dek","slug":"kmetija-slavcek"}],"_links":{"self":[{"href":"https:\/\/sprememba.si\/SiSQ-Spirits\/wp-json\/wp\/v2\/product\/784","targetHints":{"allow":["GET"]}}],"collection":[{"href":"https:\/\/sprememba.si\/SiSQ-Spirits\/wp-json\/wp\/v2\/product"}],"about":[{"href":"https:\/\/sprememba.si\/SiSQ-Spirits\/wp-json\/wp\/v2\/types\/product"}],"wp:featuredmedia":[{"embeddable":true,"href":"https:\/\/sprememba.si\/SiSQ-Spirits\/wp-json\/wp\/v2\/media\/785"}],"wp:attachment":[{"href":"https:\/\/sprememba.si\/SiSQ-Spirits\/wp-json\/wp\/v2\/media?parent=784"}],"wp:term":[{"taxonomy":"pwb-brand","embeddable":true,"href":"https:\/\/sprememba.si\/SiSQ-Spirits\/wp-json\/wp\/v2\/pwb-brand?post=784"},{"taxonomy":"product_brand","embeddable":true,"href":"https:\/\/sprememba.si\/SiSQ-Spirits\/wp-json\/wp\/v2\/product_brand?post=784"},{"taxonomy":"product_cat","embeddable":true,"href":"https:\/\/sprememba.si\/SiSQ-Spirits\/wp-json\/wp\/v2\/product_cat?post=784"},{"taxonomy":"product_tag","embeddable":true,"href":"https:\/\/sprememba.si\/SiSQ-Spirits\/wp-json\/wp\/v2\/product_tag?post=784"}],"curies":[{"name":"wp","href":"https:\/\/api.w.org\/{rel}","templated":true}]}}