{"id":8000,"date":"2019-10-11T14:35:14","date_gmt":"2019-10-11T12:35:14","guid":{"rendered":"https:\/\/sprememba.si\/SiSQ-Spirits\/?post_type=product&#038;p=8000"},"modified":"2025-05-18T12:48:39","modified_gmt":"2025-05-18T10:48:39","slug":"santei-malvazija-2","status":"publish","type":"product","link":"https:\/\/sprememba.si\/SiSQ-Spirits\/en\/trgovina\/santei-malvazija-2\/","title":{"rendered":"Santei Malvazija"},"content":{"rendered":"<p>Zlato rumene barve, z vonjem po suhem senu, zrelih hru\u0161kah in marelicah. Okus je bogat, vino ima dolg pookus, ki se kon\u010da z mandlji.<\/p>\n<p>Odli\u010dna vipavska malvazija.<\/p>\n","protected":false},"excerpt":{"rendered":"<p>Zlato rumene barve, z vonjem po suhem senu, zrelih hru\u0161kah in marelicah. Okus je bogat, vino ima dolg pookus, ki se kon\u010da z mandlji. Odli\u010dna vipavska malvazija.<\/p>\n","protected":false},"featured_media":16585,"template":"","meta":{"_price":"11","_stock":"3","_tribe_ticket_header":"","_tribe_default_ticket_provider":"","_tribe_ticket_capacity":"3","_ticket_start_date":"","_ticket_end_date":"","_tribe_ticket_show_description":"","_tribe_ticket_show_not_going":false,"_tribe_ticket_use_global_stock":"","_tribe_ticket_global_stock_level":"","_global_stock_mode":"","_global_stock_cap":"","_tribe_rsvp_for_event":"","_tribe_ticket_going_count":"","_tribe_ticket_not_going_count":"","_tribe_tickets_list":"[]","_tribe_ticket_has_attendee_info_fields":false,"jetpack_post_was_ever_published":false,"_tec_slr_enabled":"","_tec_slr_layout":""},"pwb-brand":[1266],"product_brand":[],"product_cat":[1094,1289],"product_tag":[2713,1306,1309],"class_list":{"0":"post-8000","1":"product","2":"type-product","3":"status-publish","4":"has-post-thumbnail","6":"pwb-brand-distillery-winery-santei","7":"product_cat-wine","8":"product_cat-white-wine","9":"product_tag-demeter","10":"product_tag-malvazija-en","11":"product_tag-vipava-valley","13":"first","14":"instock","15":"shipping-taxable","16":"purchasable","17":"product-type-simple"},"supplier_id":null,"supplier_sku":"","atum_controlled":true,"out_stock_date":null,"out_stock_threshold":null,"inheritable":false,"inbound_stock":null,"stock_on_hold":0,"sold_today":0,"sales_last_days":0,"reserved_stock":null,"customer_returns":null,"warehouse_damage":null,"lost_in_post":null,"other_logs":null,"out_stock_days":0,"lost_sales":0,"has_location":null,"update_date":"2026-04-16T00:12:35","atum_locations":[],"atum_stock_status":"instock","restock_status":false,"low_stock_amount":1,"sales_update_date":"2026-04-16T00:12:35","calc_backorders":null,"jetpack_sharing_enabled":true,"jetpack_likes_enabled":true,"brands":[{"id":1266,"name":"Distillery Winery Santei","slug":"distillery-winery-santei"}],"_links":{"self":[{"href":"https:\/\/sprememba.si\/SiSQ-Spirits\/wp-json\/wp\/v2\/product\/8000","targetHints":{"allow":["GET"]}}],"collection":[{"href":"https:\/\/sprememba.si\/SiSQ-Spirits\/wp-json\/wp\/v2\/product"}],"about":[{"href":"https:\/\/sprememba.si\/SiSQ-Spirits\/wp-json\/wp\/v2\/types\/product"}],"wp:featuredmedia":[{"embeddable":true,"href":"https:\/\/sprememba.si\/SiSQ-Spirits\/wp-json\/wp\/v2\/media\/16585"}],"wp:attachment":[{"href":"https:\/\/sprememba.si\/SiSQ-Spirits\/wp-json\/wp\/v2\/media?parent=8000"}],"wp:term":[{"taxonomy":"pwb-brand","embeddable":true,"href":"https:\/\/sprememba.si\/SiSQ-Spirits\/wp-json\/wp\/v2\/pwb-brand?post=8000"},{"taxonomy":"product_brand","embeddable":true,"href":"https:\/\/sprememba.si\/SiSQ-Spirits\/wp-json\/wp\/v2\/product_brand?post=8000"},{"taxonomy":"product_cat","embeddable":true,"href":"https:\/\/sprememba.si\/SiSQ-Spirits\/wp-json\/wp\/v2\/product_cat?post=8000"},{"taxonomy":"product_tag","embeddable":true,"href":"https:\/\/sprememba.si\/SiSQ-Spirits\/wp-json\/wp\/v2\/product_tag?post=8000"}],"curies":[{"name":"wp","href":"https:\/\/api.w.org\/{rel}","templated":true}]}}