{"id":8073,"date":"2019-10-17T12:12:58","date_gmt":"2019-10-17T10:12:58","guid":{"rendered":"https:\/\/sprememba.si\/SiSQ-Spirits\/?post_type=product&#038;p=8073"},"modified":"2025-11-12T19:45:34","modified_gmt":"2025-11-12T18:45:34","slug":"slovenski-gin-darilo-s-santei","status":"publish","type":"product","link":"https:\/\/sprememba.si\/SiSQ-Spirits\/trgovina\/slovenski-gin-darilo-s-santei\/","title":{"rendered":"SLOVENSKI GIN darilo s SANTEI Skrasa No.19"},"content":{"rendered":"<p>SLOVENSKI GIN darilna \u0161katla vsebuje steklenico prvega slovenskega gina, ki je narejen na grozdni osnovi <a href=\"https:\/\/sprememba.si\/SiSQ-Spirits\/trgovina\/santei-gin\/\" target=\"_blank\" rel=\"noopener noreferrer\"><strong>Santei Skrasa No.19<\/strong><\/a>, steklenico slovenskega <strong>premium tonika P<a href=\"https:\/\/sprememba.si\/SiSQ-Spirits\/trgovina\/hoppy-tonik\/\" target=\"_blank\" rel=\"noopener noreferrer\">elicon Hoppy tonic<\/a><\/strong> in <strong>zeli\u0161\u010dne dodatke<\/strong> za pripravo gin tonika. Prilo\u017eeni so tudi <strong>recepti<\/strong> za gin tonik in vro\u010di gin.<\/p>\n<p>Santei gin SKRASA No. 19 je prvi slovenski buti\u010dni destiliran gin narejen na grozdni osnovi. Po okusu ga odlikujeta mehkoba in harmonija, ki se prepletata z omamnimi vonjavami Krasa.<\/p>\n<p>Vsebuje 19 sestavin, ki so bile nabrane na Nanosu, Golakih, \u010cavnu in kra\u0161ki planoti: brinove jagode, sivka, kra\u0161ki \u0161etraj, ro\u017emarin in druge. Kra\u0161ki me\u0161anici so dodali osnovna zeli\u0161\u010da za gin kot so semena koriandra, korenina angelike, sladki koren in druga. Sve\u017eino prispevata limonina in pomaran\u010dna lupinica. Zeli\u0161\u010da so bila pri tretji destilaciji dodana prvotnemu lastnemu vinskemu destilatu.<\/p>\n<p>Pelicon Hoppy tonic je odli\u010den premium tonik iz naravnih sestavin z notami agrumov. Tonik je narejen z naravnim kininom in esenco pomaran\u010de, njegova posebnost pa je dodatek aromati\u010dnega hmelja citra. Ustvarjen, da iz \u0161irokega nabora \u017eganic izvabi sve\u017ee in sadne arome<\/p>\n","protected":false},"excerpt":{"rendered":"<p>SLOVENSKI GIN darilna \u0161katla vsebuje steklenico prvega slovenskega gina, ki je narejen na grozdni osnovi Santei Skrasa No.19, steklenico slovenskega premium tonika Pelicon Hoppy tonic in zeli\u0161\u010dne dodatke za pripravo [&hellip;]<\/p>\n","protected":false},"featured_media":740,"template":"","meta":{"_price":"32.90","_stock":"5","_tribe_ticket_header":"","_tribe_default_ticket_provider":"","_tribe_ticket_capacity":"11","_ticket_start_date":"","_ticket_end_date":"","_tribe_ticket_show_description":"","_tribe_ticket_show_not_going":false,"_tribe_ticket_use_global_stock":"","_tribe_ticket_global_stock_level":"","_global_stock_mode":"","_global_stock_cap":"","_tribe_rsvp_for_event":"","_tribe_ticket_going_count":"","_tribe_ticket_not_going_count":"","_tribe_tickets_list":"[]","_tribe_ticket_has_attendee_info_fields":false,"jetpack_post_was_ever_published":false,"_tec_slr_enabled":"","_tec_slr_layout":""},"pwb-brand":[150,806],"product_brand":[],"product_cat":[372,1220],"product_tag":[1551],"class_list":{"0":"post-8073","1":"product","2":"type-product","3":"status-publish","4":"has-post-thumbnail","6":"pwb-brand-pivovarna-pelicon","7":"pwb-brand-santei","8":"product_cat-drugo","9":"product_cat-gin-darilni-paket","10":"product_tag-gin-darilo","11":"wcpa_has_options","13":"first","14":"instock","15":"shipping-taxable","16":"purchasable","17":"product-type-simple"},"supplier_id":null,"supplier_sku":"","atum_controlled":true,"out_stock_date":null,"out_stock_threshold":null,"inheritable":false,"inbound_stock":0,"stock_on_hold":0,"sold_today":0,"sales_last_days":0,"reserved_stock":0,"customer_returns":0,"warehouse_damage":0,"lost_in_post":0,"other_logs":0,"out_stock_days":0,"lost_sales":0,"has_location":false,"update_date":"2026-04-19T00:19:17","atum_locations":[],"atum_stock_status":"instock","restock_status":false,"low_stock_amount":0,"sales_update_date":"2026-04-19T00:19:17","calc_backorders":null,"jetpack_sharing_enabled":true,"jetpack_likes_enabled":true,"brands":[{"id":150,"name":"Pivovarna Pelicon","slug":"pivovarna-pelicon"},{"id":806,"name":"Santei","slug":"santei"}],"_links":{"self":[{"href":"https:\/\/sprememba.si\/SiSQ-Spirits\/wp-json\/wp\/v2\/product\/8073","targetHints":{"allow":["GET"]}}],"collection":[{"href":"https:\/\/sprememba.si\/SiSQ-Spirits\/wp-json\/wp\/v2\/product"}],"about":[{"href":"https:\/\/sprememba.si\/SiSQ-Spirits\/wp-json\/wp\/v2\/types\/product"}],"wp:featuredmedia":[{"embeddable":true,"href":"https:\/\/sprememba.si\/SiSQ-Spirits\/wp-json\/wp\/v2\/media\/740"}],"wp:attachment":[{"href":"https:\/\/sprememba.si\/SiSQ-Spirits\/wp-json\/wp\/v2\/media?parent=8073"}],"wp:term":[{"taxonomy":"pwb-brand","embeddable":true,"href":"https:\/\/sprememba.si\/SiSQ-Spirits\/wp-json\/wp\/v2\/pwb-brand?post=8073"},{"taxonomy":"product_brand","embeddable":true,"href":"https:\/\/sprememba.si\/SiSQ-Spirits\/wp-json\/wp\/v2\/product_brand?post=8073"},{"taxonomy":"product_cat","embeddable":true,"href":"https:\/\/sprememba.si\/SiSQ-Spirits\/wp-json\/wp\/v2\/product_cat?post=8073"},{"taxonomy":"product_tag","embeddable":true,"href":"https:\/\/sprememba.si\/SiSQ-Spirits\/wp-json\/wp\/v2\/product_tag?post=8073"}],"curies":[{"name":"wp","href":"https:\/\/api.w.org\/{rel}","templated":true}]}}