{"id":8086,"date":"2019-10-17T15:23:06","date_gmt":"2019-10-17T13:23:06","guid":{"rendered":"https:\/\/sprememba.si\/SiSQ-Spirits\/?post_type=product&#038;p=8086"},"modified":"2022-04-07T11:35:36","modified_gmt":"2022-04-07T09:35:36","slug":"slovenski-gin-darilo-z-gin-brin-c","status":"publish","type":"product","link":"https:\/\/sprememba.si\/SiSQ-Spirits\/trgovina\/slovenski-gin-darilo-z-gin-brin-c\/","title":{"rendered":"SLOVENSKI GIN darilo z Gin Brin C"},"content":{"rendered":"<p>SLOVENSKI GIN darilna \u0161katla vsebuje steklenico gina <a href=\"https:\/\/sprememba.si\/SiSQ-Spirits\/trgovina\/gin-brin-citrus\/\" target=\"_blank\" rel=\"noopener noreferrer\"><u><span style=\"color: #000120;\">gin Brin Citrus<\/span><\/u><\/a>, steklenico slovenskega premium tonika <strong>Pelicon <a href=\"https:\/\/sprememba.si\/SiSQ-Spirits\/trgovina\/hoppy-tonik\/\" target=\"_blank\" rel=\"noopener noreferrer\">Hoppy tonik<\/a><\/strong> in <strong>zeli\u0161\u010dne dodatke<\/strong> za pripravo gin tonika. Poleg so prilo\u017eeni \u0161e <strong>recepti<\/strong> za razne gin tonike.<\/p>\n<p><span style=\"display: inline !important; float: none; background-color: transparent; color: #333333; cursor: text; font-family: -apple-system,BlinkMacSystemFont,'Segoe UI',Roboto,Oxygen-Sans,Ubuntu,Cantarell,'Helvetica Neue',sans-serif; font-size: 16px; font-style: normal; font-variant: normal; font-weight: 400; letter-spacing: normal; orphans: 2; text-align: left; text-decoration: none; text-indent: 0px; text-transform: none; -webkit-text-stroke-width: 0px; white-space: normal; word-spacing: 0px;\">Gin Brin<\/span> je dobil novo razli\u010dico &#8211; gin BRIN CITRUS. Ne\u017ene arome citrusov lepo dopolnijo klasi\u010den gin Brin.<\/p>\n<p>Pelicon Hoppy tonic je odli\u010den premium tonik iz naravnih sestavin z notami agrumov. Tonik je narejen z naravnim kininom in esenco pomaran\u010de, njegova posebnost pa je dodatek aromati\u010dnega hmelja citra. Ustvarjen, da iz \u0161irokega nabora \u017eganic izvabi sve\u017ee in sadne arome.<\/p>\n<p>&nbsp;<\/p>\n<p>&nbsp;<\/p>\n<p>&nbsp;<\/p>\n","protected":false},"excerpt":{"rendered":"<p>SLOVENSKI GIN darilna \u0161katla vsebuje steklenico gina gin Brin Citrus, steklenico slovenskega premium tonika Pelicon Hoppy tonik in zeli\u0161\u010dne dodatke za pripravo gin tonika. Poleg so prilo\u017eeni \u0161e recepti za [&hellip;]<\/p>\n","protected":false},"featured_media":740,"template":"","meta":{"_price":"27.90","_stock":"0.000000","_tribe_ticket_header":"","_tribe_default_ticket_provider":"","_tribe_ticket_capacity":"0","_ticket_start_date":"","_ticket_end_date":"","_tribe_ticket_show_description":"","_tribe_ticket_show_not_going":false,"_tribe_ticket_use_global_stock":"","_tribe_ticket_global_stock_level":"","_global_stock_mode":"","_global_stock_cap":"","_tribe_rsvp_for_event":"","_tribe_ticket_going_count":"","_tribe_ticket_not_going_count":"","_tribe_tickets_list":"[]","_tribe_ticket_has_attendee_info_fields":false,"jetpack_post_was_ever_published":false,"_tec_slr_enabled":"","_tec_slr_layout":""},"pwb-brand":[840,150],"product_brand":[],"product_cat":[1220,372],"product_tag":[1719,1551],"class_list":{"0":"post-8086","1":"product","2":"type-product","3":"status-publish","4":"has-post-thumbnail","6":"pwb-brand-destilarna-gin-brin","7":"pwb-brand-pivovarna-pelicon","8":"product_cat-gin-darilni-paket","9":"product_cat-drugo","10":"product_tag-brin","11":"product_tag-gin-darilo","12":"wcpa_has_options","14":"first","15":"outofstock","16":"featured","17":"shipping-taxable","18":"purchasable","19":"product-type-simple"},"supplier_id":null,"supplier_sku":"","atum_controlled":true,"out_stock_date":"2022-04-07 07:35:36","out_stock_threshold":null,"inheritable":false,"inbound_stock":null,"stock_on_hold":0,"sold_today":0,"sales_last_days":0,"reserved_stock":null,"customer_returns":null,"warehouse_damage":null,"lost_in_post":null,"other_logs":null,"out_stock_days":1476,"lost_sales":0,"has_location":false,"update_date":"2026-04-23T00:33:39","atum_locations":[],"atum_stock_status":"outofstock","restock_status":false,"low_stock_amount":0,"sales_update_date":"2026-04-23T00:33:39","calc_backorders":null,"jetpack_sharing_enabled":true,"jetpack_likes_enabled":true,"brands":[{"id":840,"name":"Destilarna Gin Brin","slug":"destilarna-gin-brin"},{"id":150,"name":"Pivovarna Pelicon","slug":"pivovarna-pelicon"}],"_links":{"self":[{"href":"https:\/\/sprememba.si\/SiSQ-Spirits\/wp-json\/wp\/v2\/product\/8086","targetHints":{"allow":["GET"]}}],"collection":[{"href":"https:\/\/sprememba.si\/SiSQ-Spirits\/wp-json\/wp\/v2\/product"}],"about":[{"href":"https:\/\/sprememba.si\/SiSQ-Spirits\/wp-json\/wp\/v2\/types\/product"}],"wp:featuredmedia":[{"embeddable":true,"href":"https:\/\/sprememba.si\/SiSQ-Spirits\/wp-json\/wp\/v2\/media\/740"}],"wp:attachment":[{"href":"https:\/\/sprememba.si\/SiSQ-Spirits\/wp-json\/wp\/v2\/media?parent=8086"}],"wp:term":[{"taxonomy":"pwb-brand","embeddable":true,"href":"https:\/\/sprememba.si\/SiSQ-Spirits\/wp-json\/wp\/v2\/pwb-brand?post=8086"},{"taxonomy":"product_brand","embeddable":true,"href":"https:\/\/sprememba.si\/SiSQ-Spirits\/wp-json\/wp\/v2\/product_brand?post=8086"},{"taxonomy":"product_cat","embeddable":true,"href":"https:\/\/sprememba.si\/SiSQ-Spirits\/wp-json\/wp\/v2\/product_cat?post=8086"},{"taxonomy":"product_tag","embeddable":true,"href":"https:\/\/sprememba.si\/SiSQ-Spirits\/wp-json\/wp\/v2\/product_tag?post=8086"}],"curies":[{"name":"wp","href":"https:\/\/api.w.org\/{rel}","templated":true}]}}