{"id":8087,"date":"2019-10-17T16:05:06","date_gmt":"2019-10-17T14:05:06","guid":{"rendered":"https:\/\/sprememba.si\/SiSQ-Spirits\/?post_type=product&#038;p=8087"},"modified":"2026-05-07T03:57:12","modified_gmt":"2026-05-07T01:57:12","slug":"slovenski-gin-darilo-z-gin-brin-virgin-zero","status":"publish","type":"product","link":"https:\/\/sprememba.si\/SiSQ-Spirits\/trgovina\/slovenski-gin-darilo-z-gin-brin-virgin-zero\/","title":{"rendered":"SLOVENSKI GIN darilo z Gin Brin Virgin Zero"},"content":{"rendered":"<p>SLOVENSKI GIN darilna \u0161katla vsebuje steklenico brezalkoholnega gin <a href=\"https:\/\/sprememba.si\/SiSQ-Spirits\/trgovina\/gin-brin-virgin-zero\/\" target=\"_blank\" rel=\"noopener noreferrer\">Brin Virgin Zero<\/a>, steklenico slovenskega premium tonika <strong>Pelicon <a href=\"https:\/\/sprememba.si\/SiSQ-Spirits\/trgovina\/hoppy-tonik\/\" target=\"_blank\" rel=\"noopener noreferrer\">Hoppy tonik<\/a><\/strong> in <strong>zeli\u0161\u010dne dodatke<\/strong> za pripravo gin tonika. Poleg so prilo\u017eeni \u0161e <strong>recepti<\/strong> za razne gin tonike.<\/p>\n<p><span style=\"display: inline !important; float: none; background-color: transparent; color: #333333; cursor: text; font-family: -apple-system,BlinkMacSystemFont,'Segoe UI',Roboto,Oxygen-Sans,Ubuntu,Cantarell,'Helvetica Neue',sans-serif; font-size: 16px; font-style: normal; font-variant: normal; font-weight: 400; letter-spacing: normal; orphans: 2; text-align: left; text-decoration: none; text-indent: 0px; text-transform: none; -webkit-text-stroke-width: 0px; white-space: normal; word-spacing: 0px;\">Gin Brin Virgin Zero je eden prvih slovenskih brezalkoholnih ginov.<\/span><\/p>\n<p>Pelicon Hoppy tonic je odli\u010den premium tonik iz naravnih sestavin z notami agrumov. Tonik je narejen z naravnim kininom in esenco pomaran\u010de, njegova posebnost pa je dodatek aromati\u010dnega hmelja citra. Ustvarjen, da iz \u0161irokega nabora \u017eganic izvabi sve\u017ee in sadne arome.<\/p>\n","protected":false},"excerpt":{"rendered":"<p>SLOVENSKI GIN darilna \u0161katla vsebuje steklenico brezalkoholnega gin Brin Virgin Zero, steklenico slovenskega premium tonika Pelicon Hoppy tonik in zeli\u0161\u010dne dodatke za pripravo gin tonika. Poleg so prilo\u017eeni \u0161e recepti [&hellip;]<\/p>\n","protected":false},"featured_media":14540,"template":"","meta":{"_uag_custom_page_level_css":"","_price":"19.90","_stock":"","_tribe_ticket_header":"","_tribe_default_ticket_provider":"","_tribe_ticket_capacity":"51","_ticket_start_date":"","_ticket_end_date":"","_tribe_ticket_show_description":"","_tribe_ticket_show_not_going":false,"_tribe_ticket_use_global_stock":"","_tribe_ticket_global_stock_level":"","_global_stock_mode":"","_global_stock_cap":"","_tribe_rsvp_for_event":"","_tribe_ticket_going_count":"","_tribe_ticket_not_going_count":"","_tribe_tickets_list":"[]","_tribe_ticket_has_attendee_info_fields":false,"jetpack_post_was_ever_published":false,"_tec_slr_enabled":"","_tec_slr_layout":""},"pwb-brand":[840,150],"product_brand":[],"product_cat":[1220,2310,551],"product_tag":[1551],"class_list":{"0":"post-8087","1":"product","2":"type-product","3":"status-publish","4":"has-post-thumbnail","6":"pwb-brand-destilarna-gin-brin","7":"pwb-brand-pivovarna-pelicon","8":"product_cat-gin-darilni-paket","9":"product_cat-brezalkoholni-gin-darilni-paket","10":"product_cat-darilni-kompleti","11":"product_tag-gin-darilo","12":"wcpa_has_options","14":"first","15":"outofstock","16":"shipping-taxable","17":"purchasable","18":"product-type-simple"},"supplier_id":15290,"supplier_sku":"","atum_controlled":true,"out_stock_date":null,"out_stock_threshold":1,"inheritable":false,"inbound_stock":0,"stock_on_hold":2,"sold_today":0,"sales_last_days":0,"reserved_stock":0,"customer_returns":0,"warehouse_damage":0,"lost_in_post":0,"other_logs":0,"out_stock_days":0,"lost_sales":0,"has_location":false,"update_date":"2026-05-07T01:57:12","atum_locations":[],"atum_stock_status":"outofstock","restock_status":false,"low_stock_amount":"","sales_update_date":"2026-05-07T01:57:12","calc_backorders":null,"uagb_featured_image_src":{"full":["https:\/\/i0.wp.com\/sprememba.si\/SiSQ-Spirits\/wp-content\/uploads\/2019\/10\/slovenski-gin-darilo-zero-virgin-brin-enoteka-mozirje.jpg?fit=600%2C600&ssl=1",600,600,false],"thumbnail":["https:\/\/i0.wp.com\/sprememba.si\/SiSQ-Spirits\/wp-content\/uploads\/2019\/10\/slovenski-gin-darilo-zero-virgin-brin-enoteka-mozirje.jpg?resize=150%2C150&ssl=1",150,150,true],"medium":["https:\/\/i0.wp.com\/sprememba.si\/SiSQ-Spirits\/wp-content\/uploads\/2019\/10\/slovenski-gin-darilo-zero-virgin-brin-enoteka-mozirje.jpg?fit=300%2C300&ssl=1",300,300,true],"medium_large":["https:\/\/i0.wp.com\/sprememba.si\/SiSQ-Spirits\/wp-content\/uploads\/2019\/10\/slovenski-gin-darilo-zero-virgin-brin-enoteka-mozirje.jpg?fit=600%2C600&ssl=1",600,600,true],"large":["https:\/\/i0.wp.com\/sprememba.si\/SiSQ-Spirits\/wp-content\/uploads\/2019\/10\/slovenski-gin-darilo-zero-virgin-brin-enoteka-mozirje.jpg?fit=600%2C600&ssl=1",600,600,true],"1536x1536":["https:\/\/i0.wp.com\/sprememba.si\/SiSQ-Spirits\/wp-content\/uploads\/2019\/10\/slovenski-gin-darilo-zero-virgin-brin-enoteka-mozirje.jpg?fit=600%2C600&ssl=1",600,600,true],"2048x2048":["https:\/\/i0.wp.com\/sprememba.si\/SiSQ-Spirits\/wp-content\/uploads\/2019\/10\/slovenski-gin-darilo-zero-virgin-brin-enoteka-mozirje.jpg?fit=600%2C600&ssl=1",600,600,true],"woocommerce_thumbnail":["https:\/\/i0.wp.com\/sprememba.si\/SiSQ-Spirits\/wp-content\/uploads\/2019\/10\/slovenski-gin-darilo-zero-virgin-brin-enoteka-mozirje.jpg?resize=324%2C324&ssl=1",324,324,true],"woocommerce_single":["https:\/\/i0.wp.com\/sprememba.si\/SiSQ-Spirits\/wp-content\/uploads\/2019\/10\/slovenski-gin-darilo-zero-virgin-brin-enoteka-mozirje.jpg?fit=416%2C416&ssl=1",416,416,true],"woocommerce_gallery_thumbnail":["https:\/\/i0.wp.com\/sprememba.si\/SiSQ-Spirits\/wp-content\/uploads\/2019\/10\/slovenski-gin-darilo-zero-virgin-brin-enoteka-mozirje.jpg?resize=100%2C100&ssl=1",100,100,true],"variation_swatches_image_size":["https:\/\/i0.wp.com\/sprememba.si\/SiSQ-Spirits\/wp-content\/uploads\/2019\/10\/slovenski-gin-darilo-zero-virgin-brin-enoteka-mozirje.jpg?resize=50%2C50&ssl=1",50,50,true],"variation_swatches_tooltip_size":["https:\/\/i0.wp.com\/sprememba.si\/SiSQ-Spirits\/wp-content\/uploads\/2019\/10\/slovenski-gin-darilo-zero-virgin-brin-enoteka-mozirje.jpg?resize=100%2C100&ssl=1",100,100,true]},"uagb_author_info":{"display_name":"SiSQSpirits","author_link":"https:\/\/sprememba.si\/SiSQ-Spirits\/author\/"},"uagb_comment_info":0,"uagb_excerpt":"SLOVENSKI GIN darilna \u0161katla vsebuje steklenico brezalkoholnega gin Brin Virgin Zero, steklenico slovenskega premium tonika Pelicon Hoppy tonik in zeli\u0161\u010dne dodatke za pripravo gin tonika. Poleg so prilo\u017eeni \u0161e recepti [&hellip;]","jetpack_sharing_enabled":true,"jetpack_likes_enabled":true,"brands":[{"id":840,"name":"Destilarna Gin Brin","slug":"destilarna-gin-brin"},{"id":150,"name":"Pivovarna Pelicon","slug":"pivovarna-pelicon"}],"_links":{"self":[{"href":"https:\/\/sprememba.si\/SiSQ-Spirits\/wp-json\/wp\/v2\/product\/8087","targetHints":{"allow":["GET"]}}],"collection":[{"href":"https:\/\/sprememba.si\/SiSQ-Spirits\/wp-json\/wp\/v2\/product"}],"about":[{"href":"https:\/\/sprememba.si\/SiSQ-Spirits\/wp-json\/wp\/v2\/types\/product"}],"wp:featuredmedia":[{"embeddable":true,"href":"https:\/\/sprememba.si\/SiSQ-Spirits\/wp-json\/wp\/v2\/media\/14540"}],"wp:attachment":[{"href":"https:\/\/sprememba.si\/SiSQ-Spirits\/wp-json\/wp\/v2\/media?parent=8087"}],"wp:term":[{"taxonomy":"pwb-brand","embeddable":true,"href":"https:\/\/sprememba.si\/SiSQ-Spirits\/wp-json\/wp\/v2\/pwb-brand?post=8087"},{"taxonomy":"product_brand","embeddable":true,"href":"https:\/\/sprememba.si\/SiSQ-Spirits\/wp-json\/wp\/v2\/product_brand?post=8087"},{"taxonomy":"product_cat","embeddable":true,"href":"https:\/\/sprememba.si\/SiSQ-Spirits\/wp-json\/wp\/v2\/product_cat?post=8087"},{"taxonomy":"product_tag","embeddable":true,"href":"https:\/\/sprememba.si\/SiSQ-Spirits\/wp-json\/wp\/v2\/product_tag?post=8087"}],"curies":[{"name":"wp","href":"https:\/\/api.w.org\/{rel}","templated":true}]}}