{"id":8832,"date":"2019-11-01T10:44:30","date_gmt":"2019-11-01T09:44:30","guid":{"rendered":"https:\/\/sprememba.si\/SiSQ-Spirits\/?post_type=product&#038;p=8832"},"modified":"2022-12-16T07:24:05","modified_gmt":"2022-12-16T06:24:05","slug":"skubeer-te6-buteljka","status":"publish","type":"product","link":"https:\/\/sprememba.si\/SiSQ-Spirits\/trgovina\/skubeer-te6-buteljka\/","title":{"rendered":"Skubeer TE6 buteljka"},"content":{"rendered":"<p>\u017de ob prvem po\u017eirku ni nobenega dvoma ve\u010d, da gre za resni\u010dno okusno pivo z nekoliko vi\u0161jo stopnjo alkohola. Neverjetna cvetli\u010dna aroma in citrusna aroma \u0161e bolj poudarita bogastvo okusa in prispevata k drznosti.<\/p>\n","protected":false},"excerpt":{"rendered":"<p>\u017de ob prvem po\u017eirku ni nobenega dvoma ve\u010d, da gre za resni\u010dno okusno pivo z nekoliko vi\u0161jo stopnjo alkohola. Neverjetna cvetli\u010dna aroma in citrusna aroma \u0161e bolj poudarita bogastvo okusa [&hellip;]<\/p>\n","protected":false},"featured_media":8833,"template":"","meta":{"_uag_custom_page_level_css":"","_price":"7","_stock":null,"_tribe_ticket_header":"","_tribe_default_ticket_provider":"","_tribe_ticket_capacity":"0","_ticket_start_date":"","_ticket_end_date":"","_tribe_ticket_show_description":"","_tribe_ticket_show_not_going":false,"_tribe_ticket_use_global_stock":"","_tribe_ticket_global_stock_level":"","_global_stock_mode":"","_global_stock_cap":"","_tribe_rsvp_for_event":"","_tribe_ticket_going_count":"","_tribe_ticket_not_going_count":"","_tribe_tickets_list":"[]","_tribe_ticket_has_attendee_info_fields":false,"_tec_slr_enabled":"","_tec_slr_layout":""},"pwb-brand":[1564],"product_brand":[],"product_cat":[471,317],"product_tag":[1635,1633],"class_list":{"0":"post-8832","1":"product","2":"type-product","3":"status-publish","4":"has-post-thumbnail","6":"pwb-brand-skubeer","7":"product_cat-pivo","8":"product_cat-omejene-serije","9":"product_tag-buteljka","10":"product_tag-skubeer","12":"first","13":"outofstock","14":"sale","15":"shipping-taxable","16":"purchasable","17":"product-type-simple"},"supplier_id":null,"supplier_sku":"","atum_controlled":true,"out_stock_date":null,"out_stock_threshold":null,"inheritable":false,"inbound_stock":0,"stock_on_hold":0,"sold_today":0,"sales_last_days":0,"reserved_stock":0,"customer_returns":0,"warehouse_damage":0,"lost_in_post":0,"other_logs":0,"out_stock_days":0,"lost_sales":0,"has_location":false,"update_date":"2026-05-13T00:03:23","atum_locations":[],"atum_stock_status":"outofstock","restock_status":false,"low_stock_amount":"","sales_update_date":"2026-05-13T00:03:23","calc_backorders":null,"uagb_featured_image_src":{"full":["https:\/\/i0.wp.com\/sprememba.si\/SiSQ-Spirits\/wp-content\/uploads\/2019\/11\/skubeer-te6-ipa-buteljka-enoteka-sisq-spirits.png?fit=600%2C600&ssl=1",600,600,false],"thumbnail":["https:\/\/i0.wp.com\/sprememba.si\/SiSQ-Spirits\/wp-content\/uploads\/2019\/11\/skubeer-te6-ipa-buteljka-enoteka-sisq-spirits.png?resize=150%2C150&ssl=1",150,150,true],"medium":["https:\/\/i0.wp.com\/sprememba.si\/SiSQ-Spirits\/wp-content\/uploads\/2019\/11\/skubeer-te6-ipa-buteljka-enoteka-sisq-spirits.png?fit=300%2C300&ssl=1",300,300,true],"medium_large":["https:\/\/i0.wp.com\/sprememba.si\/SiSQ-Spirits\/wp-content\/uploads\/2019\/11\/skubeer-te6-ipa-buteljka-enoteka-sisq-spirits.png?fit=600%2C600&ssl=1",600,600,true],"large":["https:\/\/i0.wp.com\/sprememba.si\/SiSQ-Spirits\/wp-content\/uploads\/2019\/11\/skubeer-te6-ipa-buteljka-enoteka-sisq-spirits.png?fit=600%2C600&ssl=1",600,600,true],"1536x1536":["https:\/\/i0.wp.com\/sprememba.si\/SiSQ-Spirits\/wp-content\/uploads\/2019\/11\/skubeer-te6-ipa-buteljka-enoteka-sisq-spirits.png?fit=600%2C600&ssl=1",600,600,true],"2048x2048":["https:\/\/i0.wp.com\/sprememba.si\/SiSQ-Spirits\/wp-content\/uploads\/2019\/11\/skubeer-te6-ipa-buteljka-enoteka-sisq-spirits.png?fit=600%2C600&ssl=1",600,600,true],"woocommerce_thumbnail":["https:\/\/i0.wp.com\/sprememba.si\/SiSQ-Spirits\/wp-content\/uploads\/2019\/11\/skubeer-te6-ipa-buteljka-enoteka-sisq-spirits.png?resize=324%2C324&ssl=1",324,324,true],"woocommerce_single":["https:\/\/i0.wp.com\/sprememba.si\/SiSQ-Spirits\/wp-content\/uploads\/2019\/11\/skubeer-te6-ipa-buteljka-enoteka-sisq-spirits.png?fit=416%2C416&ssl=1",416,416,true],"woocommerce_gallery_thumbnail":["https:\/\/i0.wp.com\/sprememba.si\/SiSQ-Spirits\/wp-content\/uploads\/2019\/11\/skubeer-te6-ipa-buteljka-enoteka-sisq-spirits.png?resize=100%2C100&ssl=1",100,100,true],"variation_swatches_image_size":["https:\/\/i0.wp.com\/sprememba.si\/SiSQ-Spirits\/wp-content\/uploads\/2019\/11\/skubeer-te6-ipa-buteljka-enoteka-sisq-spirits.png?resize=50%2C50&ssl=1",50,50,true],"variation_swatches_tooltip_size":["https:\/\/i0.wp.com\/sprememba.si\/SiSQ-Spirits\/wp-content\/uploads\/2019\/11\/skubeer-te6-ipa-buteljka-enoteka-sisq-spirits.png?resize=100%2C100&ssl=1",100,100,true]},"uagb_author_info":{"display_name":"SiSQSpirits","author_link":"https:\/\/sprememba.si\/SiSQ-Spirits\/author\/"},"uagb_comment_info":0,"uagb_excerpt":"\u017de ob prvem po\u017eirku ni nobenega dvoma ve\u010d, da gre za resni\u010dno okusno pivo z nekoliko vi\u0161jo stopnjo alkohola. Neverjetna cvetli\u010dna aroma in citrusna aroma \u0161e bolj poudarita bogastvo okusa [&hellip;]","jetpack_sharing_enabled":true,"jetpack_likes_enabled":true,"brands":[{"id":1564,"name":"Skubeer","slug":"skubeer"}],"_links":{"self":[{"href":"https:\/\/sprememba.si\/SiSQ-Spirits\/wp-json\/wp\/v2\/product\/8832","targetHints":{"allow":["GET"]}}],"collection":[{"href":"https:\/\/sprememba.si\/SiSQ-Spirits\/wp-json\/wp\/v2\/product"}],"about":[{"href":"https:\/\/sprememba.si\/SiSQ-Spirits\/wp-json\/wp\/v2\/types\/product"}],"wp:featuredmedia":[{"embeddable":true,"href":"https:\/\/sprememba.si\/SiSQ-Spirits\/wp-json\/wp\/v2\/media\/8833"}],"wp:attachment":[{"href":"https:\/\/sprememba.si\/SiSQ-Spirits\/wp-json\/wp\/v2\/media?parent=8832"}],"wp:term":[{"taxonomy":"pwb-brand","embeddable":true,"href":"https:\/\/sprememba.si\/SiSQ-Spirits\/wp-json\/wp\/v2\/pwb-brand?post=8832"},{"taxonomy":"product_brand","embeddable":true,"href":"https:\/\/sprememba.si\/SiSQ-Spirits\/wp-json\/wp\/v2\/product_brand?post=8832"},{"taxonomy":"product_cat","embeddable":true,"href":"https:\/\/sprememba.si\/SiSQ-Spirits\/wp-json\/wp\/v2\/product_cat?post=8832"},{"taxonomy":"product_tag","embeddable":true,"href":"https:\/\/sprememba.si\/SiSQ-Spirits\/wp-json\/wp\/v2\/product_tag?post=8832"}],"curies":[{"name":"wp","href":"https:\/\/api.w.org\/{rel}","templated":true}]}}