{"id":9483,"date":"2019-11-14T07:58:59","date_gmt":"2019-11-14T06:58:59","guid":{"rendered":"https:\/\/sprememba.si\/SiSQ-Spirits\/?post_type=product&#038;p=9483"},"modified":"2020-12-05T18:41:58","modified_gmt":"2020-12-05T17:41:58","slug":"darilni-paket-slovensko-vino-z-bencina-lepo-rdece","status":"publish","type":"product","link":"https:\/\/sprememba.si\/SiSQ-Spirits\/trgovina\/darilni-paket-slovensko-vino-z-bencina-lepo-rdece\/","title":{"rendered":"SLOVENSKO VINO darilni paket z Ben\u010dina Lepo rde\u010de"},"content":{"rendered":"<div class=\"text-wrap tlid-copy-target\">\n<div class=\"result-shield-container tlid-copy-target\" tabindex=\"0\">\n<p>Darilni paket slovensko vino vsebuje Lepo rde\u010de vinarja Ben\u010dina iz Vipavske doline in doma\u010da jelenova salama iz doma\u010dije Dolinar iz Lu\u010d v Zgornje savinjski dolini.<br \/>\n100 % slovenski izdelek.<\/p>\n<p><strong>Jelenova salama<\/strong> je pribli\u017eno cca 260 g te\u017eka in je vakumsko pakirana. Meso je iz doma\u010dih jelenov.<\/p>\n<p><a href=\"https:\/\/sprememba.si\/SiSQ-Spirits\/trgovina\/bencina-lepo-rdece\/\" target=\"_blank\" rel=\"noopener noreferrer\"><strong>Ben\u010dina Lepo rde\u010de<\/strong><\/a><br \/>\nPolsuho rde\u010de vino, z srednje intenzivno aromo. Vino je pridelano s kraj\u0161o maceracijo grozdnih jagod in iz rde\u010de sorte Merlot. V aromi prepoznamo sve\u017ee rde\u010de sadje (maline, rde\u010di ribez, jagode). Okus je poln in prijeten, ostanek nepovretega sladkorja nam da ob\u010dutek po zrelem sadju. Aroma se v ustih ponovi in okus traja dolgo.<\/p>\n<\/div>\n<\/div>\n<div class=\"tlid-result-transliteration-container result-transliteration-container transliteration-container\">\n<div class=\"tlid-transliteration-content transliteration-content full\"><\/div>\n<\/div>\n<p>&nbsp;<\/p>\n","protected":false},"excerpt":{"rendered":"<p>Jelenova salama je razprodana. Ponovno na voljo v aprilu<\/p>\n","protected":false},"featured_media":740,"template":"","meta":{"_price":"26","_stock":null,"_tribe_ticket_header":"","_tribe_default_ticket_provider":"","_tribe_ticket_capacity":"0","_ticket_start_date":"","_ticket_end_date":"","_tribe_ticket_show_description":"","_tribe_ticket_show_not_going":false,"_tribe_ticket_use_global_stock":"","_tribe_ticket_global_stock_level":"","_global_stock_mode":"","_global_stock_cap":"","_tribe_rsvp_for_event":"","_tribe_ticket_going_count":"","_tribe_ticket_not_going_count":"","_tribe_tickets_list":"[]","_tribe_ticket_has_attendee_info_fields":false,"jetpack_post_was_ever_published":false,"_tec_slr_enabled":"","_tec_slr_layout":""},"pwb-brand":[1126],"product_brand":[],"product_cat":[1644,372],"product_tag":[553],"class_list":{"0":"post-9483","1":"product","2":"type-product","3":"status-publish","4":"has-post-thumbnail","6":"pwb-brand-vina-bencina","7":"product_cat-vino-darilni-palet","8":"product_cat-drugo","9":"product_tag-darilo","10":"wcpa_has_options","12":"first","13":"outofstock","14":"shipping-taxable","15":"purchasable","16":"product-type-simple"},"supplier_id":null,"supplier_sku":"","atum_controlled":true,"out_stock_date":null,"out_stock_threshold":null,"inheritable":false,"inbound_stock":0,"stock_on_hold":0,"sold_today":0,"sales_last_days":0,"reserved_stock":0,"customer_returns":0,"warehouse_damage":0,"lost_in_post":0,"other_logs":0,"out_stock_days":0,"lost_sales":0,"has_location":false,"update_date":"2026-04-17T00:13:47","atum_locations":[],"atum_stock_status":"outofstock","restock_status":false,"low_stock_amount":"","sales_update_date":"2026-04-17T00:13:47","calc_backorders":null,"jetpack_sharing_enabled":true,"jetpack_likes_enabled":true,"brands":[{"id":1126,"name":"Vina Ben\u010dina","slug":"vina-bencina"}],"_links":{"self":[{"href":"https:\/\/sprememba.si\/SiSQ-Spirits\/wp-json\/wp\/v2\/product\/9483","targetHints":{"allow":["GET"]}}],"collection":[{"href":"https:\/\/sprememba.si\/SiSQ-Spirits\/wp-json\/wp\/v2\/product"}],"about":[{"href":"https:\/\/sprememba.si\/SiSQ-Spirits\/wp-json\/wp\/v2\/types\/product"}],"wp:featuredmedia":[{"embeddable":true,"href":"https:\/\/sprememba.si\/SiSQ-Spirits\/wp-json\/wp\/v2\/media\/740"}],"wp:attachment":[{"href":"https:\/\/sprememba.si\/SiSQ-Spirits\/wp-json\/wp\/v2\/media?parent=9483"}],"wp:term":[{"taxonomy":"pwb-brand","embeddable":true,"href":"https:\/\/sprememba.si\/SiSQ-Spirits\/wp-json\/wp\/v2\/pwb-brand?post=9483"},{"taxonomy":"product_brand","embeddable":true,"href":"https:\/\/sprememba.si\/SiSQ-Spirits\/wp-json\/wp\/v2\/product_brand?post=9483"},{"taxonomy":"product_cat","embeddable":true,"href":"https:\/\/sprememba.si\/SiSQ-Spirits\/wp-json\/wp\/v2\/product_cat?post=9483"},{"taxonomy":"product_tag","embeddable":true,"href":"https:\/\/sprememba.si\/SiSQ-Spirits\/wp-json\/wp\/v2\/product_tag?post=9483"}],"curies":[{"name":"wp","href":"https:\/\/api.w.org\/{rel}","templated":true}]}}