{"id":9791,"date":"2019-11-19T07:23:32","date_gmt":"2019-11-19T06:23:32","guid":{"rendered":"https:\/\/sprememba.si\/SiSQ-Spirits\/?post_type=product&#038;p=9791"},"modified":"2022-11-24T19:05:59","modified_gmt":"2022-11-24T18:05:59","slug":"ljubljana-dragon-gin-broken-bones","status":"publish","type":"product","link":"https:\/\/sprememba.si\/SiSQ-Spirits\/trgovina\/ljubljana-dragon-gin-broken-bones\/","title":{"rendered":"Broken Bones Ljubljana Dragon Gin"},"content":{"rendered":"<p>Broken Bones Ljubljana Dragon Gin je sve\u017e in eteri\u010den brinov gin, ki mu dajeta edinstven zna\u010daj preplet tradicionalnega na\u010dina izdelave in zna\u010dilnosti slovenske de\u017eele.<\/p>\n<p>Za osnovo uporabljamo recepturo na\u0161ega London Dry Gina, ki vklju\u010duje izbrane brinove in \u0161ipkove jagode s Krasa, zdru\u017eene s koriandrom, limonino lupino, kardamomom, sladkim korenom, lipovimi cvetovi in drugimi tradicionalnimi zeli\u0161\u010di. Broken Bones Ljubljana Dragon Gin ima ognjevit zna\u010daj, ki ga ustvari dodani ingver.<\/p>\n<p>Ker trdno verjamemo v naravne procese in \u017eelimo ohraniti poln okus uporabljenih sestavin, na\u0161 gin ni hladno filtriran in nima dodanih nobenih sladkorjev. Ves gin je narejen v majhnih serijah, pri \u010demer smo pozorni na vsako podrobnost.<\/p>\n","protected":false},"excerpt":{"rendered":"<p>Nov odli\u010den gin iz ljubljanske destilarne Broken Bones. Tokrat za ljubitelje ingverja. Zelo primeren za zimske ve\u010dere in vro\u010d gin. Pravi ljubljanski zmaj.<\/p>\n","protected":false},"featured_media":10307,"template":"","meta":{"_price":"39.90","_stock":"4","_tribe_ticket_header":"","_tribe_default_ticket_provider":"","_tribe_ticket_capacity":"5","_ticket_start_date":"","_ticket_end_date":"","_tribe_ticket_show_description":"","_tribe_ticket_show_not_going":false,"_tribe_ticket_use_global_stock":"","_tribe_ticket_global_stock_level":"","_global_stock_mode":"","_global_stock_cap":"","_tribe_rsvp_for_event":"","_tribe_ticket_going_count":"","_tribe_ticket_not_going_count":"","_tribe_tickets_list":"[]","_tribe_ticket_has_attendee_info_fields":false,"jetpack_post_was_ever_published":false,"_tec_slr_enabled":"","_tec_slr_layout":""},"pwb-brand":[536],"product_brand":[],"product_cat":[1620,865,1239],"product_tag":[1158],"class_list":{"0":"post-9791","1":"product","2":"type-product","3":"status-publish","4":"has-post-thumbnail","6":"pwb-brand-destilarna-broken-bones","7":"product_cat-destilati","8":"product_cat-gin","9":"product_cat-slovenski-gin","10":"product_tag-broken-bones-sl","12":"first","13":"instock","14":"shipping-taxable","15":"purchasable","16":"product-type-simple"},"supplier_id":null,"supplier_sku":"","atum_controlled":true,"out_stock_date":null,"out_stock_threshold":null,"inheritable":false,"inbound_stock":0,"stock_on_hold":0,"sold_today":0,"sales_last_days":0,"reserved_stock":0,"customer_returns":0,"warehouse_damage":0,"lost_in_post":0,"other_logs":0,"out_stock_days":0,"lost_sales":0,"has_location":false,"update_date":"2026-05-06T01:54:09","atum_locations":[],"atum_stock_status":"instock","restock_status":false,"low_stock_amount":"","sales_update_date":"2026-05-06T01:54:08","calc_backorders":null,"jetpack_sharing_enabled":true,"jetpack_likes_enabled":true,"brands":[{"id":536,"name":"Destilarna Broken Bones","slug":"destilarna-broken-bones"}],"_links":{"self":[{"href":"https:\/\/sprememba.si\/SiSQ-Spirits\/wp-json\/wp\/v2\/product\/9791","targetHints":{"allow":["GET"]}}],"collection":[{"href":"https:\/\/sprememba.si\/SiSQ-Spirits\/wp-json\/wp\/v2\/product"}],"about":[{"href":"https:\/\/sprememba.si\/SiSQ-Spirits\/wp-json\/wp\/v2\/types\/product"}],"wp:featuredmedia":[{"embeddable":true,"href":"https:\/\/sprememba.si\/SiSQ-Spirits\/wp-json\/wp\/v2\/media\/10307"}],"wp:attachment":[{"href":"https:\/\/sprememba.si\/SiSQ-Spirits\/wp-json\/wp\/v2\/media?parent=9791"}],"wp:term":[{"taxonomy":"pwb-brand","embeddable":true,"href":"https:\/\/sprememba.si\/SiSQ-Spirits\/wp-json\/wp\/v2\/pwb-brand?post=9791"},{"taxonomy":"product_brand","embeddable":true,"href":"https:\/\/sprememba.si\/SiSQ-Spirits\/wp-json\/wp\/v2\/product_brand?post=9791"},{"taxonomy":"product_cat","embeddable":true,"href":"https:\/\/sprememba.si\/SiSQ-Spirits\/wp-json\/wp\/v2\/product_cat?post=9791"},{"taxonomy":"product_tag","embeddable":true,"href":"https:\/\/sprememba.si\/SiSQ-Spirits\/wp-json\/wp\/v2\/product_tag?post=9791"}],"curies":[{"name":"wp","href":"https:\/\/api.w.org\/{rel}","templated":true}]}}