{"id":9912,"date":"2019-11-25T11:33:44","date_gmt":"2019-11-25T10:33:44","guid":{"rendered":"https:\/\/sprememba.si\/SiSQ-Spirits\/?post_type=product&#038;p=9912"},"modified":"2022-08-31T15:31:27","modified_gmt":"2022-08-31T13:31:27","slug":"gin-kroglice-novoleto-bozic","status":"publish","type":"product","link":"https:\/\/sprememba.si\/SiSQ-Spirits\/trgovina\/gin-kroglice-novoleto-bozic\/","title":{"rendered":"Gin kroglice"},"content":{"rendered":"<p>Gin kroglice polnjene s slovenskim ginom. Popestrite leto\u0161nje okra\u0161evanje novoletnih jelk z malo druga\u010dnimi okraski. Ti so polni veselja .<\/p>\n<p>V kompletu je \u0161est novoletno bo\u017ei\u010dnih kroglic razli\u010dnih barv in v vsaki je 0,05l gina <a href=\"https:\/\/sprememba.si\/SiSQ-Spirits\/trgovina\/gin-brin-slovenski-craft\/\" target=\"_blank\" rel=\"noopener noreferrer\">GinBrin<\/a>. Potrebujete samo \u0161e dru\u017ebo in okra\u0161evanje se lahko za\u010dne.<\/p>\n<p>Na voljo tudi komplet, kjer so <a href=\"https:\/\/sprememba.si\/SiSQ-Spirits\/trgovina\/gin-kroglice-3-x\/\" target=\"_blank\" rel=\"noopener\">3 gin kroglice<\/a>.<\/p>\n<p>&nbsp;<\/p>\n<p>Po dogovoru je mo\u017een tudi tisk va\u0161ega loga\/ime podjetja na trak.<\/p>\n","protected":false},"excerpt":{"rendered":"<p>Gin kroglice polnjene s slovenskim ginom. Popestrite leto\u0161nje okra\u0161evanje novoletnih jelk z malo druga\u010dnimi okraski. Ti so polni veselja . V kompletu je \u0161est novoletno bo\u017ei\u010dnih kroglic razli\u010dnih barv in [&hellip;]<\/p>\n","protected":false},"featured_media":14962,"template":"","meta":{"_uag_custom_page_level_css":"","_price":"26","_stock":"0","_tribe_ticket_header":"","_tribe_default_ticket_provider":"","_tribe_ticket_capacity":"21","_ticket_start_date":"","_ticket_end_date":"","_tribe_ticket_show_description":"","_tribe_ticket_show_not_going":false,"_tribe_ticket_use_global_stock":"","_tribe_ticket_global_stock_level":"","_global_stock_mode":"","_global_stock_cap":"","_tribe_rsvp_for_event":"","_tribe_ticket_going_count":"","_tribe_ticket_not_going_count":"","_tribe_tickets_list":"[]","_tribe_ticket_has_attendee_info_fields":false,"_tec_slr_enabled":"","_tec_slr_layout":""},"pwb-brand":[840],"product_brand":[],"product_cat":[372,551,1220],"product_tag":[1103,1551,554],"class_list":{"0":"post-9912","1":"product","2":"type-product","3":"status-publish","4":"has-post-thumbnail","6":"pwb-brand-destilarna-gin-brin","7":"product_cat-drugo","8":"product_cat-darilni-kompleti","9":"product_cat-gin-darilni-paket","10":"product_tag-gin-sl","11":"product_tag-gin-darilo","12":"product_tag-slovenski-gin-craft","13":"wcpa_has_options","15":"first","16":"outofstock","17":"sale","18":"shipping-taxable","19":"purchasable","20":"product-type-simple"},"supplier_id":null,"supplier_sku":"","atum_controlled":true,"out_stock_date":"2021-12-07 20:59:55","out_stock_threshold":null,"inheritable":false,"inbound_stock":null,"stock_on_hold":0,"sold_today":0,"sales_last_days":0,"reserved_stock":null,"customer_returns":null,"warehouse_damage":null,"lost_in_post":null,"other_logs":null,"out_stock_days":1617,"lost_sales":18641,"has_location":false,"update_date":"2026-05-13T00:03:20","atum_locations":[],"atum_stock_status":"outofstock","restock_status":false,"low_stock_amount":1,"sales_update_date":"2026-05-13T00:03:20","calc_backorders":null,"uagb_featured_image_src":{"full":["https:\/\/i0.wp.com\/sprememba.si\/SiSQ-Spirits\/wp-content\/uploads\/2019\/11\/20201208_102719.jpg?fit=1536%2C2048&ssl=1",1536,2048,false],"thumbnail":["https:\/\/i0.wp.com\/sprememba.si\/SiSQ-Spirits\/wp-content\/uploads\/2019\/11\/20201208_102719.jpg?resize=150%2C150&ssl=1",150,150,true],"medium":["https:\/\/i0.wp.com\/sprememba.si\/SiSQ-Spirits\/wp-content\/uploads\/2019\/11\/20201208_102719.jpg?fit=225%2C300&ssl=1",225,300,true],"medium_large":["https:\/\/i0.wp.com\/sprememba.si\/SiSQ-Spirits\/wp-content\/uploads\/2019\/11\/20201208_102719.jpg?fit=768%2C1024&ssl=1",768,1024,true],"large":["https:\/\/i0.wp.com\/sprememba.si\/SiSQ-Spirits\/wp-content\/uploads\/2019\/11\/20201208_102719.jpg?fit=768%2C1024&ssl=1",768,1024,true],"1536x1536":["https:\/\/i0.wp.com\/sprememba.si\/SiSQ-Spirits\/wp-content\/uploads\/2019\/11\/20201208_102719.jpg?fit=1152%2C1536&ssl=1",1152,1536,true],"2048x2048":["https:\/\/i0.wp.com\/sprememba.si\/SiSQ-Spirits\/wp-content\/uploads\/2019\/11\/20201208_102719.jpg?fit=1536%2C2048&ssl=1",1536,2048,true],"woocommerce_thumbnail":["https:\/\/i0.wp.com\/sprememba.si\/SiSQ-Spirits\/wp-content\/uploads\/2019\/11\/20201208_102719.jpg?resize=324%2C324&ssl=1",324,324,true],"woocommerce_single":["https:\/\/i0.wp.com\/sprememba.si\/SiSQ-Spirits\/wp-content\/uploads\/2019\/11\/20201208_102719.jpg?fit=416%2C555&ssl=1",416,555,true],"woocommerce_gallery_thumbnail":["https:\/\/i0.wp.com\/sprememba.si\/SiSQ-Spirits\/wp-content\/uploads\/2019\/11\/20201208_102719.jpg?resize=100%2C100&ssl=1",100,100,true],"variation_swatches_image_size":["https:\/\/i0.wp.com\/sprememba.si\/SiSQ-Spirits\/wp-content\/uploads\/2019\/11\/20201208_102719.jpg?resize=50%2C50&ssl=1",50,50,true],"variation_swatches_tooltip_size":["https:\/\/i0.wp.com\/sprememba.si\/SiSQ-Spirits\/wp-content\/uploads\/2019\/11\/20201208_102719.jpg?resize=100%2C100&ssl=1",100,100,true]},"uagb_author_info":{"display_name":"SiSQSpirits","author_link":"https:\/\/sprememba.si\/SiSQ-Spirits\/author\/"},"uagb_comment_info":0,"uagb_excerpt":"Gin kroglice polnjene s slovenskim ginom. Popestrite leto\u0161nje okra\u0161evanje novoletnih jelk z malo druga\u010dnimi okraski. Ti so polni veselja . V kompletu je \u0161est novoletno bo\u017ei\u010dnih kroglic razli\u010dnih barv in [&hellip;]","jetpack_sharing_enabled":true,"jetpack_likes_enabled":true,"brands":[{"id":840,"name":"Destilarna Gin Brin","slug":"destilarna-gin-brin"}],"_links":{"self":[{"href":"https:\/\/sprememba.si\/SiSQ-Spirits\/wp-json\/wp\/v2\/product\/9912","targetHints":{"allow":["GET"]}}],"collection":[{"href":"https:\/\/sprememba.si\/SiSQ-Spirits\/wp-json\/wp\/v2\/product"}],"about":[{"href":"https:\/\/sprememba.si\/SiSQ-Spirits\/wp-json\/wp\/v2\/types\/product"}],"wp:featuredmedia":[{"embeddable":true,"href":"https:\/\/sprememba.si\/SiSQ-Spirits\/wp-json\/wp\/v2\/media\/14962"}],"wp:attachment":[{"href":"https:\/\/sprememba.si\/SiSQ-Spirits\/wp-json\/wp\/v2\/media?parent=9912"}],"wp:term":[{"taxonomy":"pwb-brand","embeddable":true,"href":"https:\/\/sprememba.si\/SiSQ-Spirits\/wp-json\/wp\/v2\/pwb-brand?post=9912"},{"taxonomy":"product_brand","embeddable":true,"href":"https:\/\/sprememba.si\/SiSQ-Spirits\/wp-json\/wp\/v2\/product_brand?post=9912"},{"taxonomy":"product_cat","embeddable":true,"href":"https:\/\/sprememba.si\/SiSQ-Spirits\/wp-json\/wp\/v2\/product_cat?post=9912"},{"taxonomy":"product_tag","embeddable":true,"href":"https:\/\/sprememba.si\/SiSQ-Spirits\/wp-json\/wp\/v2\/product_tag?post=9912"}],"curies":[{"name":"wp","href":"https:\/\/api.w.org\/{rel}","templated":true}]}}