{"id":9955,"date":"2019-11-22T12:28:00","date_gmt":"2019-11-22T11:28:00","guid":{"rendered":"https:\/\/sprememba.si\/SiSQ-Spirits\/?post_type=product&#038;p=9955"},"modified":"2020-12-05T18:37:51","modified_gmt":"2020-12-05T17:37:51","slug":"darilni-paket-slovensko-vino-greif-laski-rizling","status":"publish","type":"product","link":"https:\/\/sprememba.si\/SiSQ-Spirits\/trgovina\/darilni-paket-slovensko-vino-greif-laski-rizling\/","title":{"rendered":"Darilni paket SLOVENSKO VINO Greif La\u0161ki rizling"},"content":{"rendered":"<p>Darilni paket slovensko vino vsebuje La\u0161ki rizling \u0161tajerskega\u00a0vinarja Greif in doma\u010da jelenova salama iz doma\u010dije Dolinar iz Lu\u010d v Zgornje savinjski dolini.<br \/>\n100 % slovenski izdelek.<\/p>\n<p><strong>Jelenova salama<\/strong>\u00a0je pribli\u017eno cca 260 g te\u017eka in je vakumsko pakirana. Meso je iz doma\u010dih jelenov.<\/p>\n<p><strong><a href=\"https:\/\/sprememba.si\/SiSQ-Spirits\/trgovina\/vino-greif-laski-rizling\/\" target=\"_blank\" rel=\"noopener noreferrer\">Greif La\u0161ki rizling<\/a><\/strong><br \/>\nVerjetno eden najbolj\u0161ih \u0161tajerskih sve\u017eih la\u0161kih rizlingov zadnjih let. Barva je ne\u017ena limonasta. Cvetica je srednje poudarjena, sadna, prijetna, sortno lepo izra\u017eena. Vino je suho, srednjega telesa, zelo okusno, malce slano in dolgo.<\/p>\n","protected":false},"excerpt":{"rendered":"<p>Jelenova salama je razprodana. Ponovno na voljo v aprilu.<\/p>\n","protected":false},"featured_media":740,"template":"","meta":{"_price":"28","_stock":"0","_tribe_ticket_header":"","_tribe_default_ticket_provider":"","_tribe_ticket_capacity":"0","_ticket_start_date":"","_ticket_end_date":"","_tribe_ticket_show_description":"","_tribe_ticket_show_not_going":false,"_tribe_ticket_use_global_stock":"","_tribe_ticket_global_stock_level":"","_global_stock_mode":"","_global_stock_cap":"","_tribe_rsvp_for_event":"","_tribe_ticket_going_count":"","_tribe_ticket_not_going_count":"","_tribe_tickets_list":"[]","_tribe_ticket_has_attendee_info_fields":false,"jetpack_post_was_ever_published":false,"_tec_slr_enabled":"","_tec_slr_layout":""},"pwb-brand":[571],"product_brand":[],"product_cat":[372,1644],"product_tag":[1339],"class_list":{"0":"post-9955","1":"product","2":"type-product","3":"status-publish","4":"has-post-thumbnail","6":"pwb-brand-vino-greif","7":"product_cat-drugo","8":"product_cat-vino-darilni-palet","9":"product_tag-greif","10":"wcpa_has_options","12":"first","13":"outofstock","14":"shipping-taxable","15":"purchasable","16":"product-type-simple"},"supplier_id":null,"supplier_sku":"","atum_controlled":true,"out_stock_date":null,"out_stock_threshold":null,"inheritable":false,"inbound_stock":0,"stock_on_hold":0,"sold_today":0,"sales_last_days":0,"reserved_stock":0,"customer_returns":0,"warehouse_damage":0,"lost_in_post":0,"other_logs":0,"out_stock_days":0,"lost_sales":0,"has_location":false,"update_date":"2026-04-19T00:19:14","atum_locations":[],"atum_stock_status":"outofstock","restock_status":false,"low_stock_amount":"","sales_update_date":"2026-04-19T00:19:14","calc_backorders":null,"jetpack_sharing_enabled":true,"jetpack_likes_enabled":true,"brands":[{"id":571,"name":"Vino Greif","slug":"vino-greif"}],"_links":{"self":[{"href":"https:\/\/sprememba.si\/SiSQ-Spirits\/wp-json\/wp\/v2\/product\/9955","targetHints":{"allow":["GET"]}}],"collection":[{"href":"https:\/\/sprememba.si\/SiSQ-Spirits\/wp-json\/wp\/v2\/product"}],"about":[{"href":"https:\/\/sprememba.si\/SiSQ-Spirits\/wp-json\/wp\/v2\/types\/product"}],"wp:featuredmedia":[{"embeddable":true,"href":"https:\/\/sprememba.si\/SiSQ-Spirits\/wp-json\/wp\/v2\/media\/740"}],"wp:attachment":[{"href":"https:\/\/sprememba.si\/SiSQ-Spirits\/wp-json\/wp\/v2\/media?parent=9955"}],"wp:term":[{"taxonomy":"pwb-brand","embeddable":true,"href":"https:\/\/sprememba.si\/SiSQ-Spirits\/wp-json\/wp\/v2\/pwb-brand?post=9955"},{"taxonomy":"product_brand","embeddable":true,"href":"https:\/\/sprememba.si\/SiSQ-Spirits\/wp-json\/wp\/v2\/product_brand?post=9955"},{"taxonomy":"product_cat","embeddable":true,"href":"https:\/\/sprememba.si\/SiSQ-Spirits\/wp-json\/wp\/v2\/product_cat?post=9955"},{"taxonomy":"product_tag","embeddable":true,"href":"https:\/\/sprememba.si\/SiSQ-Spirits\/wp-json\/wp\/v2\/product_tag?post=9955"}],"curies":[{"name":"wp","href":"https:\/\/api.w.org\/{rel}","templated":true}]}}